{"id":12802,"date":"2021-01-16T01:24:22","date_gmt":"2021-01-16T04:24:22","guid":{"rendered":"https:\/\/novo.gridtiesolar.com.br\/?page_id=12802"},"modified":"2022-01-19T21:31:59","modified_gmt":"2022-01-20T00:31:59","slug":"informacoes-sobre-energia-solar","status":"publish","type":"page","link":"https:\/\/gridtiesolar.com.br\/energia-solar\/informacoes-sobre-energia-solar\/","title":{"rendered":"Informa\u00e7\u00f5es Sobre Energia Solar"},"content":{"rendered":"\t\t<div data-elementor-type=\"wp-page\" data-elementor-id=\"12802\" class=\"elementor elementor-12802\">\n\t\t\t\t\t\t<div class=\"elementor-inner\">\n\t\t\t\t<div class=\"elementor-section-wrap\">\n\t\t\t\t\t\t\t\t\t<section class=\"elementor-section elementor-top-section elementor-element elementor-element-939f452 elementor-section-full_width elementor-section-height-min-height elementor-section-content-middle elementor-section-stretched elementor-section-height-default elementor-section-items-middle\" data-id=\"939f452\" data-element_type=\"section\" data-settings=\"{&quot;stretch_section&quot;:&quot;section-stretched&quot;,&quot;background_background&quot;:&quot;slideshow&quot;,&quot;background_slideshow_gallery&quot;:[{&quot;id&quot;:14019,&quot;url&quot;:&quot;https:\\\/\\\/gridtiesolar.com.br\\\/energia-solar\\\/wp-content\\\/uploads\\\/2021\\\/06\\\/energia-solar-1.jpg&quot;}],&quot;background_slideshow_loop&quot;:&quot;yes&quot;,&quot;background_slideshow_slide_duration&quot;:5000,&quot;background_slideshow_slide_transition&quot;:&quot;fade&quot;,&quot;background_slideshow_transition_duration&quot;:500}\">\n\t\t\t\t\t\t<div class=\"elementor-container elementor-column-gap-wide\">\n\t\t\t\t\t\t\t<div class=\"elementor-row\">\n\t\t\t\t\t<div class=\"elementor-column elementor-col-100 elementor-top-column elementor-element elementor-element-09c7415\" data-id=\"09c7415\" data-element_type=\"column\">\n\t\t\t<div class=\"elementor-column-wrap\">\n\t\t\t\t\t\t\t<div class=\"elementor-widget-wrap\">\n\t\t\t\t\t\t\t\t<\/div>\n\t\t\t\t\t<\/div>\n\t\t<\/div>\n\t\t\t\t\t\t\t\t<\/div>\n\t\t\t\t\t<\/div>\n\t\t<\/section>\n\t\t\t\t<section class=\"elementor-section elementor-top-section elementor-element elementor-element-d80ec5c elementor-section-boxed elementor-section-height-default elementor-section-height-default\" data-id=\"d80ec5c\" data-element_type=\"section\">\n\t\t\t\t\t\t<div class=\"elementor-container elementor-column-gap-default\">\n\t\t\t\t\t\t\t<div class=\"elementor-row\">\n\t\t\t\t\t<div class=\"elementor-column elementor-col-100 elementor-top-column elementor-element elementor-element-22c53b9\" data-id=\"22c53b9\" data-element_type=\"column\">\n\t\t\t<div class=\"elementor-column-wrap elementor-element-populated\">\n\t\t\t\t\t\t\t<div class=\"elementor-widget-wrap\">\n\t\t\t\t\t\t<div class=\"elementor-element elementor-element-d4b055f elementor-widget elementor-widget-text-editor\" data-id=\"d4b055f\" data-element_type=\"widget\" data-widget_type=\"text-editor.default\">\n\t\t\t\t<div class=\"elementor-widget-container\">\n\t\t\t\t\t\t\t\t<div class=\"elementor-text-editor elementor-clearfix\">\n\t\t\t\t<h1 style=\"text-align: center; font-size: 34px; font-height: 44px; font-weight: 500;\"><span style=\"color: #f6c204;\">INFORMA\u00c7\u00d5ES SOBRE ENERGIA SOLAR<\/span><\/h1>\t\t\t\t\t<\/div>\n\t\t\t\t\t\t<\/div>\n\t\t\t\t<\/div>\n\t\t\t\t<div class=\"elementor-element elementor-element-2542382 elementor-widget elementor-widget-text-editor\" data-id=\"2542382\" data-element_type=\"widget\" data-widget_type=\"text-editor.default\">\n\t\t\t\t<div class=\"elementor-widget-container\">\n\t\t\t\t\t\t\t\t<div class=\"elementor-text-editor elementor-clearfix\">\n\t\t\t\t<h4><span style=\"color: #575757;\"> <i class=\"fa fa-sun-o\"><\/i><a style=\"color: #575757;\" href=\"https:\/\/gridtiesolar.com.br\/energia-solar\/empresa-de-energia-solar\/\" target=\"_blank\" rel=\"noopener\">Empresa de Energia Solar<\/a><\/span><\/h4><h4><span style=\"color: #575757;\"> <i class=\"fa fa-sun-o\"><\/i><a style=\"color: #575757;\" href=\"https:\/\/gridtiesolar.com.br\/energia-solar\/empresa-de-energia-solar-fotovoltaica\/\" target=\"_blank\" rel=\"noopener\">Empresa de Energia Solar Fotovoltaica<\/a><\/span><\/h4><h4><span style=\"color: #575757;\"> <i class=\"fa fa-sun-o\"><\/i><a style=\"color: #575757;\" href=\"https:\/\/gridtiesolar.com.br\/energia-solar\/empresa-que-trabalha-com-energia-solar\/\" target=\"_blank\" rel=\"noopener\">Empresa Que Trabalha Com Energia Solar<\/a><\/span><\/h4><h4><span style=\"color: #575757;\"> <i class=\"fa fa-sun-o\"><\/i><a style=\"color: #575757;\" href=\"https:\/\/gridtiesolar.com.br\/energia-solar\/empresas-de-energia-solar-fotovoltaica\/\" target=\"_blank\" rel=\"noopener\">Empresas de Energia Solar Fotovoltaica<\/a><\/span><\/h4><h4><span style=\"color: #575757;\"> <i class=\"fa fa-sun-o\"><\/i><a style=\"color: #575757;\" href=\"https:\/\/gridtiesolar.com.br\/energia-solar\/empresas-de-energia-solar-rj\/\" target=\"_blank\" rel=\"noopener\">Empresas de Energia Solar no Rio de Janeiro<\/a><\/span><\/h4><h4><span style=\"color: #575757;\"> <i class=\"fa fa-sun-o\"><\/i><a style=\"color: #575757;\" href=\"https:\/\/gridtiesolar.com.br\/energia-solar\/empresas-instaladoras-de-energia-solar-fotovoltaica\/\" target=\"_blank\" rel=\"noopener\">Empresas Instaladoras de Energia Solar Fotovoltaica<\/a><\/span><\/h4><h4><span style=\"color: #575757;\"> <i class=\"fa fa-sun-o\"><\/i><a style=\"color: #575757;\" href=\"https:\/\/gridtiesolar.com.br\/energia-solar\/energia-eletrica-fotovoltaica\/\" target=\"_blank\" rel=\"noopener\">Energia El\u00e9trica Fotovoltaica<\/a><\/span><\/h4><h4><i class=\"fa fa-sun-o\"><\/i> <span style=\"color: #575757;\"><a style=\"color: #575757;\" href=\"https:\/\/gridtiesolar.com.br\/energia-solar\/energia-eletrica-solar\/\" target=\"_blank\" rel=\"noopener\">Energia El\u00e9trica Solar<\/a><\/span><\/h4><h4><span style=\"color: #575757;\"> <i class=\"fa fa-sun-o\"><\/i> <a style=\"color: #575757;\" href=\"https:\/\/gridtiesolar.com.br\/energia-solar\/energia-fotovoltaica\/\" target=\"_blank\" rel=\"noopener\"> Energia Fotovoltaica<\/a><\/span><\/h4><h4><span style=\"color: #575757;\"> <i class=\"fa fa-sun-o\"><\/i> <a style=\"color: #575757;\" title=\"Energia Solar\" href=\"https:\/\/gridtiesolar.com.br\/energia-solar\/energia-solar\/\" target=\"_blank\" rel=\"noopener\">Energia Solar<\/a><\/span><\/h4><h4><span style=\"color: #575757;\"> <i class=\"fa fa-sun-o\"><\/i><a style=\"color: #575757;\" href=\"https:\/\/gridtiesolar.com.br\/energia-solar\/energia-solar-em-bh\/\" target=\"_blank\" rel=\"noopener\"> Energia Solar em BH<br \/><\/a><\/span><\/h4><h4><span style=\"color: #575757;\"> <i class=\"fa fa-sun-o\"><\/i><a style=\"color: #575757;\" href=\"https:\/\/gridtiesolar.com.br\/energia-solar\/energia-solar-em-casas-quanto-custa\/\" target=\"_blank\" rel=\"noopener\"> Energia Solar em Casas Quanto Custa<br \/><\/a><\/span><\/h4><h4><span style=\"color: #575757;\"> <i class=\"fa fa-sun-o\"><\/i><a style=\"color: #575757;\" href=\"https:\/\/gridtiesolar.com.br\/energia-solar\/energia-solar-empresas-brasileiras\/\" target=\"_blank\" rel=\"noopener\"> Energia Solar Empresas Brasileiras<br \/><\/a><\/span><\/h4><h4><span style=\"color: #575757;\"> <i class=\"fa fa-sun-o\"><\/i><a style=\"color: #575757;\" href=\"https:\/\/gridtiesolar.com.br\/energia-solar\/energia-solar-fotovoltaica-2\/\" target=\"_blank\" rel=\"noopener\"> Energia Solar Fotovoltaica<\/a><\/span><\/h4><h4><i class=\"fa fa-sun-o\"><\/i> <span style=\"color: #575757;\"><a style=\"color: #575757;\" href=\"https:\/\/gridtiesolar.com.br\/energia-solar\/energia-solar-rio-de-janeiro\/\" target=\"_blank\" rel=\"noopener\"> Energia Solar Rio de Janeiro<\/a><\/span><\/h4><h4><span style=\"color: #575757;\"> <i class=\"fa fa-sun-o\"><\/i><a style=\"color: #575757;\" href=\"https:\/\/gridtiesolar.com.br\/energia-solar\/energia-solar-residencial-2\/\" target=\"_blank\" rel=\"noopener\"> Energia Solar Residencial<\/a><\/span><\/h4><h4><span style=\"color: #575757;\"> <i class=\"fa fa-sun-o\"><\/i><a style=\"color: #575757;\" href=\"https:\/\/gridtiesolar.com.br\/energia-solar\/energia-solar-residencial-preco\/\" target=\"_blank\" rel=\"noopener\"> Energia Solar Residencial Pre\u00e7o<\/a><\/span><\/h4><h4><span style=\"color: #575757;\"> <i class=\"fa fa-sun-o\"><\/i><a style=\"color: #575757;\" href=\"https:\/\/gridtiesolar.com.br\/energia-solar\/energia-solar-residencial-quanto-custa\/\" target=\"_blank\" rel=\"noopener\"> Energia Solar Residencial Quanto Custa<\/a><\/span><\/h4><h4><span style=\"color: #575757;\"> <i class=\"fa fa-sun-o\"><\/i><a style=\"color: #575757;\" href=\"https:\/\/gridtiesolar.com.br\/energia-solar\/energia-solar-residencial-rj\/\" target=\"_blank\" rel=\"noopener\"> Energia Solar Residencial RJ<\/a><\/span><\/h4><h4><span style=\"color: #575757;\"> <i class=\"fa fa-sun-o\"><\/i><a style=\"color: #575757;\" href=\"https:\/\/gridtiesolar.com.br\/energia-solar\/energia-solar-residencial-rj-preco\/\" target=\"_blank\" rel=\"noopener\"> Energia Solar Residencial RJ Pre\u00e7o<\/a><\/span><\/h4><h4><span style=\"color: #575757;\"> <i class=\"fa fa-sun-o\"><\/i><a style=\"color: #575757;\" href=\"https:\/\/gridtiesolar.com.br\/energia-solar\/energia-solar-rio-de-janeiro-preco\/\" target=\"_blank\" rel=\"noopener\"> Energia Solar Rio de Janeiro Pre\u00e7o<\/a><\/span><\/h4><h4><span style=\"color: #575757;\"> <i class=\"fa fa-sun-o\"><\/i><a style=\"color: #575757;\" href=\"https:\/\/gridtiesolar.com.br\/energia-solar\/energia-solar-rj\/\" target=\"_blank\" rel=\"noopener\"> Energia Solar RJ<\/a><\/span><\/h4><h4><span style=\"color: #575757;\"> <i class=\"fa fa-sun-o\"><\/i><a style=\"color: #575757;\" href=\"https:\/\/gridtiesolar.com.br\/energia-solar\/financiamento-energia-solar\/\" target=\"_blank\" rel=\"noopener\"> Financiamento Energia Solar<\/a><\/span><\/h4><h4><span style=\"color: #575757;\"> <i class=\"fa fa-sun-o\"><\/i><a style=\"color: #575757;\" href=\"https:\/\/gridtiesolar.com.br\/energia-solar\/geracao-de-energia-fotovoltaica\/\" target=\"_blank\" rel=\"noopener\"> Gera\u00e7\u00e3o de Energia Fotovoltaica<\/a><\/span><\/h4><h4><span style=\"color: #575757;\"> <i class=\"fa fa-sun-o\"><\/i><a style=\"color: #575757;\" href=\"https:\/\/gridtiesolar.com.br\/energia-solar\/geracao-de-energia-fotovoltaica-residencial\/\" target=\"_blank\" rel=\"noopener\"> Gera\u00e7\u00e3o de Energia Fotovoltaica Residencial<\/a><\/span><\/h4><h4><span style=\"color: #575757;\"> <i class=\"fa fa-sun-o\"><\/i><a style=\"color: #575757;\" href=\"https:\/\/gridtiesolar.com.br\/energia-solar\/geracao-de-energia-solar-fotovoltaica\/\" target=\"_blank\" rel=\"noopener\"> Gera\u00e7\u00e3o de Energia Solar Fotovoltaica<\/a><\/span><\/h4><h4><span style=\"color: #575757;\"> <i class=\"fa fa-sun-o\"><\/i><a style=\"color: #575757;\" href=\"https:\/\/gridtiesolar.com.br\/energia-solar\/gerador-de-energia-solar\/\" target=\"_blank\" rel=\"noopener\"> Gerador de Energia Solar<\/a><\/span><\/h4><h4><span style=\"color: #575757;\"> <i class=\"fa fa-sun-o\"><\/i><a style=\"color: #575757;\" href=\"https:\/\/gridtiesolar.com.br\/energia-solar\/gerador-de-energia-solar-fotovoltaico\/\" target=\"_blank\" rel=\"noopener\"> Gerador de Energia Solar Fotovoltaico<\/a><\/span><\/h4><h4><span style=\"color: #575757;\"><i class=\"fa fa-sun-o\"><\/i> <a style=\"color: #575757;\" href=\"https:\/\/gridtiesolar.com.br\/energia-solar\/instalacao-de-energia-solar\/\" target=\"_blank\" rel=\"noopener\">Instala\u00e7\u00e3o Energia Solar\u00a0<\/a><\/span><\/h4><h4><span style=\"color: #575757;\"> <i class=\"fa fa-sun-o\"><\/i><a style=\"color: #575757;\" href=\"https:\/\/gridtiesolar.com.br\/energia-solar\/instalacao-de-painel-solar-residencial\/\" target=\"_blank\" rel=\"noopener\"> Instala\u00e7\u00e3o de Painel Solar Residencial<\/a><\/span><\/h4><h4><span style=\"color: #575757;\"> <i class=\"fa fa-sun-o\"><\/i><a style=\"color: #575757;\" href=\"https:\/\/gridtiesolar.com.br\/energia-solar\/instalacao-energia-solar-residencial-rj\/\" target=\"_blank\" rel=\"noopener\"> Instala\u00e7\u00e3o Energia Solar Residencial RJ<\/a><\/span><\/h4><h4><span style=\"color: #575757;\"> <i class=\"fa fa-sun-o\"><\/i><a style=\"color: #575757;\" href=\"https:\/\/gridtiesolar.com.br\/energia-solar\/orcamento-energia-fotovoltaica\/\" target=\"_blank\" rel=\"noopener\"> Or\u00e7amento Energia Fotovoltaica<\/a><\/span><\/h4><h4><span style=\"color: #575757;\"> <i class=\"fa fa-sun-o\"><\/i><a style=\"color: #575757;\" href=\"https:\/\/gridtiesolar.com.br\/energia-solar\/orcamento-energia-solar\/\" target=\"_blank\" rel=\"noopener\"> Or\u00e7amento Energia Solar<\/a><\/span><\/h4><h4><span style=\"color: #575757;\"> <i class=\"fa fa-sun-o\"><\/i><a style=\"color: #575757;\" href=\"https:\/\/gridtiesolar.com.br\/energia-solar\/orcamento-online-energia-solar\/\" target=\"_blank\" rel=\"noopener\"> Or\u00e7amento Online Energia Solar<\/a><\/span><\/h4><h4><span style=\"color: #575757;\"> <i class=\"fa fa-sun-o\"><\/i><a style=\"color: #575757;\" href=\"https:\/\/gridtiesolar.com.br\/energia-solar\/painel-fotovoltaico\/\" target=\"_blank\" rel=\"noopener\"> Painel Fotovoltaico<\/a><\/span><\/h4><h4><span style=\"color: #575757;\"> <i class=\"fa fa-sun-o\"><\/i><a style=\"color: #575757;\" href=\"https:\/\/gridtiesolar.com.br\/energia-solar\/painel-solar-para-iluminacao-residencial\/\" target=\"_blank\" rel=\"noopener\"> Painel Solar Para Ilumina\u00e7\u00e3o Residencial<\/a><\/span><\/h4><h4><span style=\"color: #575757;\"> <i class=\"fa fa-sun-o\"><\/i><a style=\"color: #575757;\" href=\"https:\/\/gridtiesolar.com.br\/energia-solar\/painel-solar-residencial\/\" target=\"_blank\" rel=\"noopener\"> Painel Solar Residencial<\/a><\/span><\/h4><h4><span style=\"color: #575757;\"> <i class=\"fa fa-sun-o\"><\/i><a style=\"color: #575757;\" href=\"https:\/\/gridtiesolar.com.br\/energia-solar\/placa-de-energia-solar\/\" target=\"_blank\" rel=\"noopener\"> Placa de Energia Solar<\/a><\/span><\/h4><h4><span style=\"color: #575757;\"> <i class=\"fa fa-sun-o\"><\/i><a style=\"color: #575757;\" href=\"https:\/\/gridtiesolar.com.br\/energia-solar\/placa-de-energia-solar-para-residencia\/\" target=\"_blank\" rel=\"noopener\"> Placa de Energia Solar Para Resid\u00eancia<\/a><\/span><\/h4><h4><span style=\"color: #575757;\"> <i class=\"fa fa-sun-o\"><\/i><a style=\"color: #575757;\" href=\"https:\/\/gridtiesolar.com.br\/energia-solar\/placa-de-energia-solar-preco-rj\/\" target=\"_blank\" rel=\"noopener\"> Placa de Energia Solar Pre\u00e7o RJ<\/a><\/span><\/h4><h4><span style=\"color: #575757;\"> <i class=\"fa fa-sun-o\"><\/i><a style=\"color: #575757;\" href=\"https:\/\/gridtiesolar.com.br\/energia-solar\/placa-fotovoltaica-preco\/\" target=\"_blank\" rel=\"noopener\"> Placa Fotovoltaica Pre\u00e7o<\/a><\/span><\/h4><h4><span style=\"color: #575757;\"> <i class=\"fa fa-sun-o\"><\/i><a style=\"color: #575757;\" href=\"https:\/\/gridtiesolar.com.br\/energia-solar\/projeto-de-energia-solar\/\" target=\"_blank\" rel=\"noopener\"> Projeto de Energia Solar<\/a><\/span><\/h4><h4><span style=\"color: #575757;\"> <i class=\"fa fa-sun-o\"><\/i><a style=\"color: #575757;\" href=\"https:\/\/gridtiesolar.com.br\/energia-solar\/quanto-custa-colocar-energia-solar-em-residencia\/\" target=\"_blank\" rel=\"noopener\"> Quanto Custa Colocar Energia Solar em Resid\u00eancia<\/a><\/span><\/h4><h4><span style=\"color: #575757;\"> <i class=\"fa fa-sun-o\"><\/i><a style=\"color: #575757;\" href=\"https:\/\/gridtiesolar.com.br\/energia-solar\/sistema-de-energia-solar-residencial\/\" target=\"_blank\" rel=\"noopener\"> Sistema de Energia Solar Residencial<\/a><\/span><\/h4><h4><span style=\"color: #575757;\"> <i class=\"fa fa-sun-o\"><\/i><a style=\"color: #575757;\" href=\"https:\/\/gridtiesolar.com.br\/energia-solar\/sistema-de-energia-solar-residencial-preco\/\" target=\"_blank\" rel=\"noopener\"> Sistema de Energia Solar Residencial Pre\u00e7o<\/a><\/span><\/h4><h4><span style=\"color: #575757;\"> <i class=\"fa fa-sun-o\"><\/i><a style=\"color: #575757;\" href=\"https:\/\/gridtiesolar.com.br\/energia-solar\/sistema-de-geracao-fotovoltaica-de-energia-eletrica\/\"> Sistema de Gera\u00e7\u00e3o Fotovoltaica de Energia El\u00e9trica<\/a><\/span><\/h4><h4><span style=\"color: #575757;\"> <i class=\"fa fa-sun-o\"><\/i> <a style=\"color: #575757;\" title=\"Sistema Fotovoltaico\" href=\"https:\/\/gridtiesolar.com.br\/energia-solar\/sistema-fotovoltaico\/\" target=\"_blank\" rel=\"noopener\">Sistema Fotovoltaico<\/a><\/span><\/h4>\t\t\t\t\t<\/div>\n\t\t\t\t\t\t<\/div>\n\t\t\t\t<\/div>\n\t\t\t\t\t\t<\/div>\n\t\t\t\t\t<\/div>\n\t\t<\/div>\n\t\t\t\t\t\t\t\t<\/div>\n\t\t\t\t\t<\/div>\n\t\t<\/section>\n\t\t\t\t\t\t\t\t\t<\/div>\n\t\t\t<\/div>\n\t\t\t\t\t<\/div>\n\t\t","protected":false},"excerpt":{"rendered":"<p>INFORMA\u00c7\u00d5ES SOBRE ENERGIA SOLAR Empresa de Energia Solar Empresa de Energia Solar Fotovoltaica Empresa Que Trabalha Com Energia Solar Empresas de Energia Solar Fotovoltaica Empresas de Energia Solar no Rio de Janeiro Empresas Instaladoras de Energia Solar Fotovoltaica Energia El\u00e9trica Fotovoltaica Energia El\u00e9trica Solar Energia Fotovoltaica Energia Solar Energia Solar em BH Energia Solar em [&hellip;]<\/p>\n","protected":false},"author":1,"featured_media":0,"parent":0,"menu_order":0,"comment_status":"closed","ping_status":"closed","template":"","meta":[],"_links":{"self":[{"href":"https:\/\/gridtiesolar.com.br\/energia-solar\/wp-json\/wp\/v2\/pages\/12802"}],"collection":[{"href":"https:\/\/gridtiesolar.com.br\/energia-solar\/wp-json\/wp\/v2\/pages"}],"about":[{"href":"https:\/\/gridtiesolar.com.br\/energia-solar\/wp-json\/wp\/v2\/types\/page"}],"author":[{"embeddable":true,"href":"https:\/\/gridtiesolar.com.br\/energia-solar\/wp-json\/wp\/v2\/users\/1"}],"replies":[{"embeddable":true,"href":"https:\/\/gridtiesolar.com.br\/energia-solar\/wp-json\/wp\/v2\/comments?post=12802"}],"version-history":[{"count":6,"href":"https:\/\/gridtiesolar.com.br\/energia-solar\/wp-json\/wp\/v2\/pages\/12802\/revisions"}],"predecessor-version":[{"id":16210,"href":"https:\/\/gridtiesolar.com.br\/energia-solar\/wp-json\/wp\/v2\/pages\/12802\/revisions\/16210"}],"wp:attachment":[{"href":"https:\/\/gridtiesolar.com.br\/energia-solar\/wp-json\/wp\/v2\/media?parent=12802"}],"curies":[{"name":"wp","href":"https:\/\/api.w.org\/{rel}","templated":true}]}}