{"id":12882,"date":"2021-01-16T16:11:11","date_gmt":"2021-01-16T19:11:11","guid":{"rendered":"https:\/\/novo.gridtiesolar.com.br\/?page_id=12882"},"modified":"2022-03-03T17:24:27","modified_gmt":"2022-03-03T20:24:27","slug":"formacao-de-empreendedores-solares","status":"publish","type":"page","link":"https:\/\/gridtiesolar.com.br\/energia-solar\/formacao-de-empreendedores-solares\/","title":{"rendered":"FORMA\u00c7\u00c3O DE EMPREENDEDORES SOLARES"},"content":{"rendered":"\t\t<div data-elementor-type=\"wp-page\" data-elementor-id=\"12882\" class=\"elementor elementor-12882\">\n\t\t\t\t\t\t<div class=\"elementor-inner\">\n\t\t\t\t<div class=\"elementor-section-wrap\">\n\t\t\t\t\t\t\t\t\t<section class=\"elementor-section elementor-top-section elementor-element elementor-element-939f452 elementor-section-full_width elementor-section-height-min-height elementor-section-content-middle elementor-section-stretched elementor-section-height-default elementor-section-items-middle\" data-id=\"939f452\" data-element_type=\"section\" data-settings=\"{&quot;stretch_section&quot;:&quot;section-stretched&quot;,&quot;background_background&quot;:&quot;slideshow&quot;,&quot;background_slideshow_gallery&quot;:[{&quot;id&quot;:14019,&quot;url&quot;:&quot;https:\\\/\\\/gridtiesolar.com.br\\\/energia-solar\\\/wp-content\\\/uploads\\\/2021\\\/06\\\/energia-solar-1.jpg&quot;}],&quot;background_slideshow_loop&quot;:&quot;yes&quot;,&quot;background_slideshow_slide_duration&quot;:5000,&quot;background_slideshow_slide_transition&quot;:&quot;fade&quot;,&quot;background_slideshow_transition_duration&quot;:500}\">\n\t\t\t\t\t\t<div class=\"elementor-container elementor-column-gap-wide\">\n\t\t\t\t\t\t\t<div class=\"elementor-row\">\n\t\t\t\t\t<div class=\"elementor-column elementor-col-100 elementor-top-column elementor-element elementor-element-09c7415\" data-id=\"09c7415\" data-element_type=\"column\">\n\t\t\t<div class=\"elementor-column-wrap\">\n\t\t\t\t\t\t\t<div class=\"elementor-widget-wrap\">\n\t\t\t\t\t\t\t\t<\/div>\n\t\t\t\t\t<\/div>\n\t\t<\/div>\n\t\t\t\t\t\t\t\t<\/div>\n\t\t\t\t\t<\/div>\n\t\t<\/section>\n\t\t\t\t<section class=\"elementor-section elementor-top-section elementor-element elementor-element-d80ec5c elementor-section-boxed elementor-section-height-default elementor-section-height-default\" data-id=\"d80ec5c\" data-element_type=\"section\">\n\t\t\t\t\t\t<div class=\"elementor-container elementor-column-gap-default\">\n\t\t\t\t\t\t\t<div class=\"elementor-row\">\n\t\t\t\t\t<div class=\"elementor-column elementor-col-100 elementor-top-column elementor-element elementor-element-22c53b9\" data-id=\"22c53b9\" data-element_type=\"column\">\n\t\t\t<div class=\"elementor-column-wrap elementor-element-populated\">\n\t\t\t\t\t\t\t<div class=\"elementor-widget-wrap\">\n\t\t\t\t\t\t<div class=\"elementor-element elementor-element-498fdf7 elementor-widget elementor-widget-shortcode\" data-id=\"498fdf7\" data-element_type=\"widget\" data-widget_type=\"shortcode.default\">\n\t\t\t\t<div class=\"elementor-widget-container\">\n\t\t\t\t\t<div class=\"elementor-shortcode\">\t\t<div data-elementor-type=\"popup\" data-elementor-id=\"12726\" class=\"elementor elementor-12726\" data-elementor-settings=\"{&quot;entrance_animation&quot;:&quot;fadeIn&quot;,&quot;exit_animation&quot;:&quot;fadeIn&quot;,&quot;entrance_animation_duration&quot;:{&quot;unit&quot;:&quot;px&quot;,&quot;size&quot;:&quot;0.8&quot;,&quot;sizes&quot;:[]},&quot;a11y_navigation&quot;:&quot;yes&quot;,&quot;timing&quot;:[]}\">\n\t\t\t\t\t<div class=\"elementor-section-wrap\">\n\t\t\t\t\t\t\t\t<section class=\"elementor-section elementor-top-section elementor-element elementor-element-ae26a33 elementor-section-boxed elementor-section-height-default elementor-section-height-default\" data-id=\"ae26a33\" data-element_type=\"section\" data-settings=\"{&quot;background_background&quot;:&quot;classic&quot;}\">\n\t\t\t\t\t\t<div class=\"elementor-container elementor-column-gap-no\">\n\t\t\t\t\t\t\t<div class=\"elementor-row\">\n\t\t\t\t\t<div class=\"elementor-column elementor-col-100 elementor-top-column elementor-element elementor-element-1ee4f513\" data-id=\"1ee4f513\" data-element_type=\"column\" data-settings=\"{&quot;background_background&quot;:&quot;classic&quot;}\">\n\t\t\t<div class=\"elementor-column-wrap elementor-element-populated\">\n\t\t\t\t\t\t\t<div class=\"elementor-widget-wrap\">\n\t\t\t\t\t\t<div class=\"elementor-element elementor-element-1e8dbc29 elementor-view-stacked elementor-shape-square elementor-widget elementor-widget-icon\" data-id=\"1e8dbc29\" data-element_type=\"widget\" data-widget_type=\"icon.default\">\n\t\t\t\t<div class=\"elementor-widget-container\">\n\t\t\t\t\t<div class=\"elementor-icon-wrapper\">\n\t\t\t<a class=\"elementor-icon\" href=\"#elementor-action%3Aaction%3Dpopup%3Aclose%26settings%3DeyJkb19ub3Rfc2hvd19hZ2FpbiI6IiJ9\">\n\t\t\t<svg xmlns=\"http:\/\/www.w3.org\/2000\/svg\" id=\"f8275609-a649-4fe2-9904-03eb7f876bd5\" data-name=\"Layer 1\" viewBox=\"0 0 14.3535 14.3535\"><polygon points=\"14.354 0.354 14 0 7.177 6.823 0.354 0 0 0.354 6.823 7.177 0 14 0.354 14.354 7.177 7.53 14 14.354 14.354 14 7.53 7.177 14.354 0.354\"><\/polygon><\/svg>\t\t\t<\/a>\n\t\t<\/div>\n\t\t\t\t<\/div>\n\t\t\t\t<\/div>\n\t\t\t\t<div class=\"elementor-element elementor-element-2b8f737 elementor-widget elementor-widget-text-editor\" data-id=\"2b8f737\" data-element_type=\"widget\" data-widget_type=\"text-editor.default\">\n\t\t\t\t<div class=\"elementor-widget-container\">\n\t\t\t\t\t\t\t\t<div class=\"elementor-text-editor elementor-clearfix\">\n\t\t\t\t<p style=\"text-align: justify;\">Nosso local de treinamento conta com espa\u00e7o para comportar 20 alunos confortavelmente, por\u00e9m devido ao momento iremos limitar as turmas a apenas <strong>8 alunos<\/strong>, assim conseguiremos garantir que todas as <strong>medidas preventivas<\/strong> ser\u00e3o respeitadas:<\/p><p style=\"text-align: left;\"><strong>1<\/strong> \u2013 Uso de m\u00e1scaras ser\u00e1 obrigat\u00f3rio.<\/p><p style=\"text-align: left;\"><strong>2<\/strong> \u2013 N\u00e3o compartilhar objetos de uso comum tais como copos e outros que s\u00e3o manuseados ou principalmente levados \u00e0 regi\u00e3o da face e boca.<\/p><p style=\"text-align: left;\"><strong>3<\/strong> \u2013 Disponibilizaremos \u00e1lcool 70% em gel para desinfec\u00e7\u00e3o das m\u00e3os e ferramentas.<\/p><p style=\"text-align: left;\"><strong>4<\/strong> \u2013 Nossos instrutores e outros funcion\u00e1rios que tenham contato com os alunos ou ambientes de alta circula\u00e7\u00e3o, ir\u00e3o usar luvas de l\u00e1tex, m\u00e1scara e protetor facial.<\/p><p style=\"text-align: left;\"><strong>5<\/strong> \u2013 Iremos monitorar febre com term\u00f4metro de infravermelho na entrada.<\/p><p style=\"text-align: left;\"><strong>6<\/strong> \u2013 Realizaremos higieniza\u00e7\u00e3o com borrifador e \u00e1lcool 70% entre cada atividade pr\u00e1tica nos equipamentos.<\/p>\t\t\t\t\t<\/div>\n\t\t\t\t\t\t<\/div>\n\t\t\t\t<\/div>\n\t\t\t\t\t\t<\/div>\n\t\t\t\t\t<\/div>\n\t\t<\/div>\n\t\t\t\t\t\t\t\t<\/div>\n\t\t\t\t\t<\/div>\n\t\t<\/section>\n\t\t\t\t\t\t\t<\/div>\n\t\t\t\t<\/div>\n\t\t<\/div>\n\t\t\t\t<\/div>\n\t\t\t\t<\/div>\n\t\t\t\t<div class=\"elementor-element elementor-element-d4b055f elementor-widget elementor-widget-text-editor\" data-id=\"d4b055f\" data-element_type=\"widget\" data-widget_type=\"text-editor.default\">\n\t\t\t\t<div class=\"elementor-widget-container\">\n\t\t\t\t\t\t\t\t<div class=\"elementor-text-editor elementor-clearfix\">\n\t\t\t\t<h1 style=\"text-align: center; font-size: 30px; line-height: 36px; font-weight: 500;\"><span style=\"color: #f6c204;\">FORMA\u00c7\u00c3O DE EMPREENDEDORES SOLARES<\/span><\/h1>\t\t\t\t\t<\/div>\n\t\t\t\t\t\t<\/div>\n\t\t\t\t<\/div>\n\t\t\t\t\t\t<\/div>\n\t\t\t\t\t<\/div>\n\t\t<\/div>\n\t\t\t\t\t\t\t\t<\/div>\n\t\t\t\t\t<\/div>\n\t\t<\/section>\n\t\t\t\t<section class=\"elementor-section elementor-top-section elementor-element elementor-element-be65908 elementor-section-boxed elementor-section-height-default elementor-section-height-default\" data-id=\"be65908\" data-element_type=\"section\">\n\t\t\t\t\t\t<div class=\"elementor-container elementor-column-gap-default\">\n\t\t\t\t\t\t\t<div class=\"elementor-row\">\n\t\t\t\t\t<div class=\"elementor-column elementor-col-50 elementor-top-column elementor-element elementor-element-926b637\" data-id=\"926b637\" data-element_type=\"column\">\n\t\t\t<div class=\"elementor-column-wrap elementor-element-populated\">\n\t\t\t\t\t\t\t<div class=\"elementor-widget-wrap\">\n\t\t\t\t\t\t<div class=\"elementor-element elementor-element-c740bb3 elementor-widget elementor-widget-text-editor\" data-id=\"c740bb3\" data-element_type=\"widget\" data-widget_type=\"text-editor.default\">\n\t\t\t\t<div class=\"elementor-widget-container\">\n\t\t\t\t\t\t\t\t<div class=\"elementor-text-editor elementor-clearfix\">\n\t\t\t\t<p style=\"text-align: justify;\">Ideal para profissionais de diversas \u00e1reas que desejam trabalhar com a comercializa\u00e7\u00e3o de sistemas fotovoltaicos, tais como consultores comerciais, representantes ou executivos de vendas.<\/p>\n<p style=\"text-align: center;\"><strong><span style=\"color: #727175; font-size: 17px; line-height: 24px;\">REGISTROS DOS \u00daLTIMOS CURSOS<\/span><\/strong><\/p>\t\t\t\t\t<\/div>\n\t\t\t\t\t\t<\/div>\n\t\t\t\t<\/div>\n\t\t\t\t<div class=\"elementor-element elementor-element-7f02796 elementor-widget elementor-widget-gallery\" data-id=\"7f02796\" data-element_type=\"widget\" data-settings=\"{&quot;columns&quot;:2,&quot;gallery_layout&quot;:&quot;grid&quot;,&quot;columns_tablet&quot;:2,&quot;columns_mobile&quot;:1,&quot;gap&quot;:{&quot;unit&quot;:&quot;px&quot;,&quot;size&quot;:10,&quot;sizes&quot;:[]},&quot;gap_tablet&quot;:{&quot;unit&quot;:&quot;px&quot;,&quot;size&quot;:10,&quot;sizes&quot;:[]},&quot;gap_mobile&quot;:{&quot;unit&quot;:&quot;px&quot;,&quot;size&quot;:10,&quot;sizes&quot;:[]},&quot;link_to&quot;:&quot;file&quot;,&quot;aspect_ratio&quot;:&quot;3:2&quot;,&quot;overlay_background&quot;:&quot;yes&quot;,&quot;content_hover_animation&quot;:&quot;fade-in&quot;}\" data-widget_type=\"gallery.default\">\n\t\t\t\t<div class=\"elementor-widget-container\">\n\t\t\t\t\t<div class=\"elementor-gallery__container\">\n\t\t\t\t\t\t\t<a class=\"e-gallery-item elementor-gallery-item elementor-animated-content\" href=\"https:\/\/gridtiesolar.com.br\/energia-solar\/wp-content\/uploads\/2019\/04\/curso-formacao-representantesr-comercias-02.jpg\" data-elementor-open-lightbox=\"yes\" data-elementor-lightbox-slideshow=\"all-7f02796\" data-elementor-lightbox-title=\"curso-formacao-representantesr-comercias-02\" data-e-action-hash=\"#elementor-action%3Aaction%3Dlightbox%26settings%3DeyJpZCI6MTE4MDQsInVybCI6Imh0dHBzOlwvXC9ncmlkdGllc29sYXIuY29tLmJyXC9lbmVyZ2lhLXNvbGFyXC93cC1jb250ZW50XC91cGxvYWRzXC8yMDE5XC8wNFwvY3Vyc28tZm9ybWFjYW8tcmVwcmVzZW50YW50ZXNyLWNvbWVyY2lhcy0wMi5qcGciLCJzbGlkZXNob3ciOiJhbGwtN2YwMjc5NiJ9\">\n\t\t\t\t\t<div class=\"e-gallery-image elementor-gallery-item__image\" data-thumbnail=\"https:\/\/gridtiesolar.com.br\/energia-solar\/wp-content\/uploads\/2019\/04\/curso-formacao-representantesr-comercias-02-300x225.jpg\" data-width=\"300\" data-height=\"225\" alt=\"\" ><\/div>\n\t\t\t\t\t\t\t\t\t\t\t<div class=\"elementor-gallery-item__overlay\"><\/div>\n\t\t\t\t\t\t\t\t\t\t\t\t\t\t<\/a>\n\t\t\t\t\t\t\t<a class=\"e-gallery-item elementor-gallery-item elementor-animated-content\" href=\"https:\/\/gridtiesolar.com.br\/energia-solar\/wp-content\/uploads\/2019\/04\/curso-formacao-representantesr-comercias-01.jpg\" data-elementor-open-lightbox=\"yes\" data-elementor-lightbox-slideshow=\"all-7f02796\" data-elementor-lightbox-title=\"curso-formacao-representantesr-comercias-01\" data-e-action-hash=\"#elementor-action%3Aaction%3Dlightbox%26settings%3DeyJpZCI6MTE4MDUsInVybCI6Imh0dHBzOlwvXC9ncmlkdGllc29sYXIuY29tLmJyXC9lbmVyZ2lhLXNvbGFyXC93cC1jb250ZW50XC91cGxvYWRzXC8yMDE5XC8wNFwvY3Vyc28tZm9ybWFjYW8tcmVwcmVzZW50YW50ZXNyLWNvbWVyY2lhcy0wMS5qcGciLCJzbGlkZXNob3ciOiJhbGwtN2YwMjc5NiJ9\">\n\t\t\t\t\t<div class=\"e-gallery-image elementor-gallery-item__image\" data-thumbnail=\"https:\/\/gridtiesolar.com.br\/energia-solar\/wp-content\/uploads\/2019\/04\/curso-formacao-representantesr-comercias-01-300x225.jpg\" data-width=\"300\" data-height=\"225\" alt=\"\" ><\/div>\n\t\t\t\t\t\t\t\t\t\t\t<div class=\"elementor-gallery-item__overlay\"><\/div>\n\t\t\t\t\t\t\t\t\t\t\t\t\t\t<\/a>\n\t\t\t\t\t<\/div>\n\t\t\t<\/div>\n\t\t\t\t<\/div>\n\t\t\t\t<div class=\"elementor-element elementor-element-967165f elementor-widget elementor-widget-text-editor\" data-id=\"967165f\" data-element_type=\"widget\" data-widget_type=\"text-editor.default\">\n\t\t\t\t<div class=\"elementor-widget-container\">\n\t\t\t\t\t\t\t\t<div class=\"elementor-text-editor elementor-clearfix\">\n\t\t\t\t<p style=\"text-align: left;\"><span style=\"color: #26a898; font-weight: 400;\"><strong>Dia:<\/strong>\u00a0<\/span><\/p>\t\t\t\t\t<\/div>\n\t\t\t\t\t\t<\/div>\n\t\t\t\t<\/div>\n\t\t\t\t<div class=\"elementor-element elementor-element-ab42d75 elementor-widget elementor-widget-text-editor\" data-id=\"ab42d75\" data-element_type=\"widget\" data-widget_type=\"text-editor.default\">\n\t\t\t\t<div class=\"elementor-widget-container\">\n\t\t\t\t\t\t\t\t<div class=\"elementor-text-editor elementor-clearfix\">\n\t\t\t\t<p style=\"text-align: left;\"><span style=\"color: #26a898; font-weight: 400;\"><strong>Hor\u00e1rio:\u00a0<\/strong><\/span>de 09:00 \u00e0s 17:00h<\/p>\t\t\t\t\t<\/div>\n\t\t\t\t\t\t<\/div>\n\t\t\t\t<\/div>\n\t\t\t\t<div class=\"elementor-element elementor-element-aa57e22 elementor-widget elementor-widget-text-editor\" data-id=\"aa57e22\" data-element_type=\"widget\" data-widget_type=\"text-editor.default\">\n\t\t\t\t<div class=\"elementor-widget-container\">\n\t\t\t\t\t\t\t\t<div class=\"elementor-text-editor elementor-clearfix\">\n\t\t\t\t<p style=\"text-align: left;\"><span style=\"color: #26a898; font-weight: 400;\"><strong>Localiza\u00e7\u00e3o: <\/strong><\/span>Avenida das Am\u00e9ricas, 2250, Barra da Tijuca<br \/>Rio De Janeiro\/RJ &#8211;\u00a0CEP: 22640-101<br \/>Condom\u00ednio do Edif\u00edcio Centro Profissional Cope I<\/p>\t\t\t\t\t<\/div>\n\t\t\t\t\t\t<\/div>\n\t\t\t\t<\/div>\n\t\t\t\t<div class=\"elementor-element elementor-element-f129cb1 elementor-widget elementor-widget-text-editor\" data-id=\"f129cb1\" data-element_type=\"widget\" data-widget_type=\"text-editor.default\">\n\t\t\t\t<div class=\"elementor-widget-container\">\n\t\t\t\t\t\t\t\t<div class=\"elementor-text-editor elementor-clearfix\">\n\t\t\t\t<p style=\"text-align: left;\"><span style=\"color: #26a898; font-weight: 400;\"><strong>Conte\u00fado program\u00e1tico:<\/strong><\/span><\/p><p style=\"text-align: left; font-size: 16px;\">\u00bb Vis\u00e3o Geral Setor El\u00e9trico<br \/>\u00bb Mercado Energia Solar no Brasil e no Mundo<br \/>\u00bb Motiva\u00e7\u00f5es dos clientes<br \/>\u00bb No\u00e7\u00f5es B\u00e1sicas de Eletricidade<br \/>\u00bb No\u00e7\u00f5es B\u00e1sicas Energia Fotovoltaica<br \/>\u00bb Modalidades Tarif\u00e1rias<br \/>\u00bb Dimensionamento preliminar<br \/>\u00bb Visita T\u00e9cnica\/Comercial<br \/>\u00bb Projeto \u2013 PV*SOL<br \/>\u00bb Equipamentos e Marcas<br \/>\u00bb T\u00e9cnicas de Venda no Setor Fotovoltaico<br \/>\u00bb M\u00e9todos de Vendas<br \/>\u00bb An\u00e1lise de Pre\u00e7o<br \/>\u00bb Diferenciais de Vendas<br \/>\u00bb Tratamento Obje\u00e7\u00f5es<br \/>\u00bb\u00a0Linhas Financiamento<\/p>\t\t\t\t\t<\/div>\n\t\t\t\t\t\t<\/div>\n\t\t\t\t<\/div>\n\t\t\t\t\t\t<\/div>\n\t\t\t\t\t<\/div>\n\t\t<\/div>\n\t\t\t\t<div class=\"elementor-column elementor-col-50 elementor-top-column elementor-element elementor-element-ff0ca9a\" data-id=\"ff0ca9a\" data-element_type=\"column\">\n\t\t\t<div class=\"elementor-column-wrap elementor-element-populated\">\n\t\t\t\t\t\t\t<div class=\"elementor-widget-wrap\">\n\t\t\t\t\t\t<div class=\"elementor-element elementor-element-fbded90 elementor-widget elementor-widget-text-editor\" data-id=\"fbded90\" data-element_type=\"widget\" data-widget_type=\"text-editor.default\">\n\t\t\t\t<div class=\"elementor-widget-container\">\n\t\t\t\t\t\t\t\t<div class=\"elementor-text-editor elementor-clearfix\">\n\t\t\t\t<p style=\"text-align: left;\"><span style=\"color: #26a898;  font-weight: 400;\"><strong>Inclui:&nbsp;<\/strong><\/span>coffe-breaks, apostila impressa e digital e certificado de participa\u00e7\u00e3o<\/p>\t\t\t\t\t<\/div>\n\t\t\t\t\t\t<\/div>\n\t\t\t\t<\/div>\n\t\t\t\t<div class=\"elementor-element elementor-element-3a8dfb5 elementor-widget elementor-widget-text-editor\" data-id=\"3a8dfb5\" data-element_type=\"widget\" data-widget_type=\"text-editor.default\">\n\t\t\t\t<div class=\"elementor-widget-container\">\n\t\t\t\t\t\t\t\t<div class=\"elementor-text-editor elementor-clearfix\">\n\t\t\t\t<p style=\"text-align: left;\"><span style=\"color: #26a898; font-weight: 400;\"><strong>Carga hor\u00e1ria:&nbsp;<\/strong><\/span>16h<\/p>\t\t\t\t\t<\/div>\n\t\t\t\t\t\t<\/div>\n\t\t\t\t<\/div>\n\t\t\t\t<div class=\"elementor-element elementor-element-4952d57 elementor-widget elementor-widget-text-editor\" data-id=\"4952d57\" data-element_type=\"widget\" data-widget_type=\"text-editor.default\">\n\t\t\t\t<div class=\"elementor-widget-container\">\n\t\t\t\t\t\t\t\t<div class=\"elementor-text-editor elementor-clearfix\">\n\t\t\t\t<p style=\"text-align: left;\"><span style=\"color: #26a898; font-weight: 400;\"><strong>Valor:&nbsp;<\/strong><\/span>R$ 850,00<\/p>\t\t\t\t\t<\/div>\n\t\t\t\t\t\t<\/div>\n\t\t\t\t<\/div>\n\t\t\t\t<div class=\"elementor-element elementor-element-8a5e4cf elementor-widget elementor-widget-text-editor\" data-id=\"8a5e4cf\" data-element_type=\"widget\" data-widget_type=\"text-editor.default\">\n\t\t\t\t<div class=\"elementor-widget-container\">\n\t\t\t\t\t\t\t\t<div class=\"elementor-text-editor elementor-clearfix\">\n\t\t\t\t<p style=\"text-align: left;\"><span style=\"color: #26a898; font-weight: 400;\"><strong>Formas de pagamento:&nbsp;<\/strong><\/span>dep\u00f3sito, boleto banc\u00e1rio e cart\u00e3o<\/p>\t\t\t\t\t<\/div>\n\t\t\t\t\t\t<\/div>\n\t\t\t\t<\/div>\n\t\t\t\t<div class=\"elementor-element elementor-element-9fbc8f5 elementor-widget elementor-widget-text-editor\" data-id=\"9fbc8f5\" data-element_type=\"widget\" data-widget_type=\"text-editor.default\">\n\t\t\t\t<div class=\"elementor-widget-container\">\n\t\t\t\t\t\t\t\t<div class=\"elementor-text-editor elementor-clearfix\">\n\t\t\t\t<p style=\"text-align: left;\"><span style=\"color: #26a898; font-weight: 400;\"><strong>Desconto para estudantes:&nbsp;<\/strong><\/span>30% enviando declara\u00e7\u00e3o da institui\u00e7\u00e3o de ensino.<\/p>\t\t\t\t\t<\/div>\n\t\t\t\t\t\t<\/div>\n\t\t\t\t<\/div>\n\t\t\t\t<div class=\"elementor-element elementor-element-b6a3d82 elementor-widget elementor-widget-html\" data-id=\"b6a3d82\" data-element_type=\"widget\" data-widget_type=\"html.default\">\n\t\t\t\t<div class=\"elementor-widget-container\">\n\t\t\t[CP_CALCULATED_FIELDS id=\"8\"]\t\t<\/div>\n\t\t\t\t<\/div>\n\t\t\t\t<div class=\"elementor-element elementor-element-b14cfd6 elementor-widget elementor-widget-text-editor\" data-id=\"b14cfd6\" data-element_type=\"widget\" data-widget_type=\"text-editor.default\">\n\t\t\t\t<div class=\"elementor-widget-container\">\n\t\t\t\t\t\t\t\t<div class=\"elementor-text-editor elementor-clearfix\">\n\t\t\t\t<p style=\"text-align: left;\"><span style=\"color: #26a898; font-weight: 400;\"><strong>Para mais informa\u00e7\u00f5es, entre em contato conosco:\u00a0<\/strong><\/span><\/p>\n<p style=\"text-align: left;\"><a href=\"tel:21979250200\"><span style=\"color: #000000;\"><i class=\" icomoon-the7-font-the7-phone-051\" aria-hidden=\"true\"><\/i> (21) 97925-0200 <\/span><\/a><\/p>\n<span style=\"color: #000000;\"><a style=\"color: #000000;\" href=\"mailto:cursos@gridtiesolar.com.br\" target=\"_top\" rel=\"noopener noreferrer\"><i class=\" icomoon-the7-font-the7-mail-03\" aria-hidden=\"true\"><\/i> cursos@gridtiesolar.com.br<\/a><\/span>\t\t\t\t\t<\/div>\n\t\t\t\t\t\t<\/div>\n\t\t\t\t<\/div>\n\t\t\t\t\t\t<\/div>\n\t\t\t\t\t<\/div>\n\t\t<\/div>\n\t\t\t\t\t\t\t\t<\/div>\n\t\t\t\t\t<\/div>\n\t\t<\/section>\n\t\t\t\t\t\t\t\t\t<\/div>\n\t\t\t<\/div>\n\t\t\t\t\t<\/div>\n\t\t","protected":false},"excerpt":{"rendered":"<p>FORMA\u00c7\u00c3O DE EMPREENDEDORES SOLARES Ideal para profissionais de diversas \u00e1reas que desejam trabalhar com a comercializa\u00e7\u00e3o de sistemas fotovoltaicos, tais como consultores comerciais, representantes ou executivos de vendas. REGISTROS DOS \u00daLTIMOS CURSOS Dia:\u00a0 Hor\u00e1rio:\u00a0de 09:00 \u00e0s 17:00h Localiza\u00e7\u00e3o: Avenida das Am\u00e9ricas, 2250, Barra da TijucaRio De Janeiro\/RJ &#8211;\u00a0CEP: 22640-101Condom\u00ednio do Edif\u00edcio Centro Profissional Cope I [&hellip;]<\/p>\n","protected":false},"author":1,"featured_media":0,"parent":0,"menu_order":0,"comment_status":"closed","ping_status":"closed","template":"elementor_canvas","meta":[],"_links":{"self":[{"href":"https:\/\/gridtiesolar.com.br\/energia-solar\/wp-json\/wp\/v2\/pages\/12882"}],"collection":[{"href":"https:\/\/gridtiesolar.com.br\/energia-solar\/wp-json\/wp\/v2\/pages"}],"about":[{"href":"https:\/\/gridtiesolar.com.br\/energia-solar\/wp-json\/wp\/v2\/types\/page"}],"author":[{"embeddable":true,"href":"https:\/\/gridtiesolar.com.br\/energia-solar\/wp-json\/wp\/v2\/users\/1"}],"replies":[{"embeddable":true,"href":"https:\/\/gridtiesolar.com.br\/energia-solar\/wp-json\/wp\/v2\/comments?post=12882"}],"version-history":[{"count":6,"href":"https:\/\/gridtiesolar.com.br\/energia-solar\/wp-json\/wp\/v2\/pages\/12882\/revisions"}],"predecessor-version":[{"id":16330,"href":"https:\/\/gridtiesolar.com.br\/energia-solar\/wp-json\/wp\/v2\/pages\/12882\/revisions\/16330"}],"wp:attachment":[{"href":"https:\/\/gridtiesolar.com.br\/energia-solar\/wp-json\/wp\/v2\/media?parent=12882"}],"curies":[{"name":"wp","href":"https:\/\/api.w.org\/{rel}","templated":true}]}}