{"id":13456,"date":"2021-01-17T15:54:02","date_gmt":"2021-01-17T18:54:02","guid":{"rendered":"https:\/\/novo.gridtiesolar.com.br\/?page_id=13456"},"modified":"2022-01-19T21:43:21","modified_gmt":"2022-01-20T00:43:21","slug":"sistema-fotovoltaico","status":"publish","type":"page","link":"https:\/\/gridtiesolar.com.br\/energia-solar\/sistema-fotovoltaico\/","title":{"rendered":"Sistema Fotovoltaico"},"content":{"rendered":"\t\t<div data-elementor-type=\"wp-page\" data-elementor-id=\"13456\" class=\"elementor elementor-13456\">\n\t\t\t\t\t\t<div class=\"elementor-inner\">\n\t\t\t\t<div class=\"elementor-section-wrap\">\n\t\t\t\t\t\t\t\t\t<section class=\"elementor-section elementor-top-section elementor-element elementor-element-939f452 elementor-section-full_width elementor-section-height-min-height elementor-section-content-middle elementor-section-stretched elementor-section-height-default elementor-section-items-middle\" data-id=\"939f452\" data-element_type=\"section\" data-settings=\"{&quot;stretch_section&quot;:&quot;section-stretched&quot;,&quot;background_background&quot;:&quot;slideshow&quot;,&quot;background_slideshow_gallery&quot;:[{&quot;id&quot;:14019,&quot;url&quot;:&quot;https:\\\/\\\/gridtiesolar.com.br\\\/energia-solar\\\/wp-content\\\/uploads\\\/2021\\\/06\\\/energia-solar-1.jpg&quot;}],&quot;background_slideshow_loop&quot;:&quot;yes&quot;,&quot;background_slideshow_slide_duration&quot;:5000,&quot;background_slideshow_slide_transition&quot;:&quot;fade&quot;,&quot;background_slideshow_transition_duration&quot;:500}\">\n\t\t\t\t\t\t<div class=\"elementor-container elementor-column-gap-wide\">\n\t\t\t\t\t\t\t<div class=\"elementor-row\">\n\t\t\t\t\t<div class=\"elementor-column elementor-col-100 elementor-top-column elementor-element elementor-element-09c7415\" data-id=\"09c7415\" data-element_type=\"column\">\n\t\t\t<div class=\"elementor-column-wrap\">\n\t\t\t\t\t\t\t<div class=\"elementor-widget-wrap\">\n\t\t\t\t\t\t\t\t<\/div>\n\t\t\t\t\t<\/div>\n\t\t<\/div>\n\t\t\t\t\t\t\t\t<\/div>\n\t\t\t\t\t<\/div>\n\t\t<\/section>\n\t\t\t\t<section class=\"elementor-section elementor-top-section elementor-element elementor-element-d80ec5c elementor-section-boxed elementor-section-height-default elementor-section-height-default\" data-id=\"d80ec5c\" data-element_type=\"section\">\n\t\t\t\t\t\t<div class=\"elementor-container elementor-column-gap-default\">\n\t\t\t\t\t\t\t<div class=\"elementor-row\">\n\t\t\t\t\t<div class=\"elementor-column elementor-col-100 elementor-top-column elementor-element elementor-element-22c53b9\" data-id=\"22c53b9\" data-element_type=\"column\">\n\t\t\t<div class=\"elementor-column-wrap elementor-element-populated\">\n\t\t\t\t\t\t\t<div class=\"elementor-widget-wrap\">\n\t\t\t\t\t\t<div class=\"elementor-element elementor-element-d4b055f elementor-widget elementor-widget-text-editor\" data-id=\"d4b055f\" data-element_type=\"widget\" data-widget_type=\"text-editor.default\">\n\t\t\t\t<div class=\"elementor-widget-container\">\n\t\t\t\t\t\t\t\t<div class=\"elementor-text-editor elementor-clearfix\">\n\t\t\t\t<h1 style=\"text-align: center; font-size: 30px; line-height: 36px; font-weight: 500;\"><span style=\"color: #f6c204;\">Sistema Fotovoltaico<\/span><\/h1><p style=\"text-align: left;\">Um sistema fotovoltaico \u00e9 formado por um ou mais<span style=\"color: #26a898;\"><a style=\"color: #26a898;\" href=\"http:\/\/gridtiesolar.com.br\/energia-solar\/kit\/\"><b> kits<\/b><\/a><\/span> de m\u00f3dulos fotovoltaicos que, juntos, ir\u00e3o fornecer energia para um certo local. Isso \u00e9 poss\u00edvel porque nos m\u00f3dulos fotovoltaicos h\u00e1 um dispositivo semicondutor que transforma luz solar em eletricidade.<\/p><p style=\"text-align: left;\">A Grid Tie solar planeja e constr\u00f3i sua usina solar de acordo com a necessidade de seu empreendimento ou im\u00f3vel. Sua usina solar remota poder\u00e1 atender sua demanda de energia de uma loja apenas ou uma rede de lojas, se assim desejar.<\/p><div class=\"wpb_text_column wpb_content_element vc_custom_1505153143806\"><div class=\"wpb_wrapper\"><h3 style=\"text-align: left;\"><span style=\"color: #f6c204;\">Sistema Fotovoltaico Residencial<\/span><\/h3><\/div><\/div><div class=\"wpb_text_column wpb_content_element \"><div class=\"wpb_wrapper\"><p style=\"text-align: left;\">Um sistema Fotovoltaico residencial converte luz solar em eletricidade. Um sistema fotovoltaico s\u00e3o o painel fotovoltaico e os equipamentos para sua fixa\u00e7\u00e3o e funcionamento.<\/p><p style=\"text-align: left;\">Os pain\u00e9is fotovoltaicos podem estar localizados em telhados ou solos que, juntos, fornecer\u00e3o energia limpa para uma resid\u00eancia.<\/p><p style=\"text-align: left;\">Grid Tie solar planeja e constr\u00f3i sua usina solar de acordo com a necessidade de seu im\u00f3vel.<\/p><\/div><\/div><div class=\"wpb_text_column wpb_content_element vc_custom_1505153184448\"><div class=\"wpb_wrapper\"><h3 style=\"text-align: left;\"><span style=\"color: #f6c204;\">Sistema Fotovoltaico Residencial Pre\u00e7o<\/span><\/h3><\/div><\/div><div class=\"wpb_text_column wpb_content_element \"><div class=\"wpb_wrapper\"><p style=\"text-align: left;\">As pessoas que optam pela compra do sistema fotovoltaico est\u00e3o interessadas em diminuir a energia ao m\u00e1ximo ou apenas uma parcela.<\/p><p style=\"text-align: left;\">Grid Tie solar planeja e constr\u00f3i sua usina solar de acordo com a necessidade de seu im\u00f3vel. Realize um <span style=\"color: #26a898;\"><a style=\"color: #26a898;\" title=\"SOLICITAR OR\u00c7AMENTO\" href=\"http:\/\/gridtiesolar.com.br\/energia-solar\/energia-solar-orcamento\/\">or\u00e7amento online <\/a><\/span>gratuito em nosso site.<\/p><\/div><\/div>\t\t\t\t\t<\/div>\n\t\t\t\t\t\t<\/div>\n\t\t\t\t<\/div>\n\t\t\t\t<div class=\"elementor-element elementor-element-d1aaa1f elementor-widget elementor-widget-gallery\" data-id=\"d1aaa1f\" data-element_type=\"widget\" data-settings=\"{&quot;columns&quot;:2,&quot;aspect_ratio&quot;:&quot;4:3&quot;,&quot;lazyload&quot;:&quot;yes&quot;,&quot;gallery_layout&quot;:&quot;grid&quot;,&quot;columns_tablet&quot;:2,&quot;columns_mobile&quot;:1,&quot;gap&quot;:{&quot;unit&quot;:&quot;px&quot;,&quot;size&quot;:10,&quot;sizes&quot;:[]},&quot;gap_tablet&quot;:{&quot;unit&quot;:&quot;px&quot;,&quot;size&quot;:10,&quot;sizes&quot;:[]},&quot;gap_mobile&quot;:{&quot;unit&quot;:&quot;px&quot;,&quot;size&quot;:10,&quot;sizes&quot;:[]},&quot;overlay_background&quot;:&quot;yes&quot;,&quot;content_hover_animation&quot;:&quot;fade-in&quot;}\" data-widget_type=\"gallery.default\">\n\t\t\t\t<div class=\"elementor-widget-container\">\n\t\t\t\t\t<div class=\"elementor-gallery__container\">\n\t\t\t\t\t\t\t<div class=\"e-gallery-item elementor-gallery-item elementor-animated-content\">\n\t\t\t\t\t<div class=\"e-gallery-image elementor-gallery-item__image\" data-thumbnail=\"https:\/\/gridtiesolar.com.br\/energia-solar\/wp-content\/uploads\/2017\/07\/energiafotovoltaicaemresidenciia.jpg\" data-width=\"1024\" data-height=\"768\" alt=\"\" ><\/div>\n\t\t\t\t\t\t\t\t\t\t\t<div class=\"elementor-gallery-item__overlay\"><\/div>\n\t\t\t\t\t\t\t\t\t\t\t\t\t\t<\/div>\n\t\t\t\t\t\t\t<div class=\"e-gallery-item elementor-gallery-item elementor-animated-content\">\n\t\t\t\t\t<div class=\"e-gallery-image elementor-gallery-item__image\" data-thumbnail=\"https:\/\/gridtiesolar.com.br\/energia-solar\/wp-content\/uploads\/2017\/07\/placadeenergiasolar.jpg\" data-width=\"1111\" data-height=\"743\" alt=\"\" ><\/div>\n\t\t\t\t\t\t\t\t\t\t\t<div class=\"elementor-gallery-item__overlay\"><\/div>\n\t\t\t\t\t\t\t\t\t\t\t\t\t\t<\/div>\n\t\t\t\t\t<\/div>\n\t\t\t<\/div>\n\t\t\t\t<\/div>\n\t\t\t\t\t\t<\/div>\n\t\t\t\t\t<\/div>\n\t\t<\/div>\n\t\t\t\t\t\t\t\t<\/div>\n\t\t\t\t\t<\/div>\n\t\t<\/section>\n\t\t\t\t\t\t\t\t\t<\/div>\n\t\t\t<\/div>\n\t\t\t\t\t<\/div>\n\t\t","protected":false},"excerpt":{"rendered":"<p>Sistema Fotovoltaico Um sistema fotovoltaico \u00e9 formado por um ou mais kits de m\u00f3dulos fotovoltaicos que, juntos, ir\u00e3o fornecer energia para um certo local. Isso \u00e9 poss\u00edvel porque nos m\u00f3dulos fotovoltaicos h\u00e1 um dispositivo semicondutor que transforma luz solar em eletricidade. A Grid Tie solar planeja e constr\u00f3i sua usina solar de acordo com a [&hellip;]<\/p>\n","protected":false},"author":1,"featured_media":0,"parent":0,"menu_order":0,"comment_status":"closed","ping_status":"closed","template":"","meta":[],"_links":{"self":[{"href":"https:\/\/gridtiesolar.com.br\/energia-solar\/wp-json\/wp\/v2\/pages\/13456"}],"collection":[{"href":"https:\/\/gridtiesolar.com.br\/energia-solar\/wp-json\/wp\/v2\/pages"}],"about":[{"href":"https:\/\/gridtiesolar.com.br\/energia-solar\/wp-json\/wp\/v2\/types\/page"}],"author":[{"embeddable":true,"href":"https:\/\/gridtiesolar.com.br\/energia-solar\/wp-json\/wp\/v2\/users\/1"}],"replies":[{"embeddable":true,"href":"https:\/\/gridtiesolar.com.br\/energia-solar\/wp-json\/wp\/v2\/comments?post=13456"}],"version-history":[{"count":3,"href":"https:\/\/gridtiesolar.com.br\/energia-solar\/wp-json\/wp\/v2\/pages\/13456\/revisions"}],"predecessor-version":[{"id":16315,"href":"https:\/\/gridtiesolar.com.br\/energia-solar\/wp-json\/wp\/v2\/pages\/13456\/revisions\/16315"}],"wp:attachment":[{"href":"https:\/\/gridtiesolar.com.br\/energia-solar\/wp-json\/wp\/v2\/media?parent=13456"}],"curies":[{"name":"wp","href":"https:\/\/api.w.org\/{rel}","templated":true}]}}