{"id":13463,"date":"2021-01-17T16:38:47","date_gmt":"2021-01-17T19:38:47","guid":{"rendered":"https:\/\/novo.gridtiesolar.com.br\/?page_id=13463"},"modified":"2022-01-19T21:42:05","modified_gmt":"2022-01-20T00:42:05","slug":"placa-de-energia-solar-preco-rj","status":"publish","type":"page","link":"https:\/\/gridtiesolar.com.br\/energia-solar\/placa-de-energia-solar-preco-rj\/","title":{"rendered":"Placa de Energia Solar Pre\u00e7o RJ"},"content":{"rendered":"\t\t<div data-elementor-type=\"wp-page\" data-elementor-id=\"13463\" class=\"elementor elementor-13463\">\n\t\t\t\t\t\t<div class=\"elementor-inner\">\n\t\t\t\t<div class=\"elementor-section-wrap\">\n\t\t\t\t\t\t\t\t\t<section class=\"elementor-section elementor-top-section elementor-element elementor-element-939f452 elementor-section-full_width elementor-section-height-min-height elementor-section-content-middle elementor-section-stretched elementor-section-height-default elementor-section-items-middle\" data-id=\"939f452\" data-element_type=\"section\" data-settings=\"{&quot;stretch_section&quot;:&quot;section-stretched&quot;,&quot;background_background&quot;:&quot;slideshow&quot;,&quot;background_slideshow_gallery&quot;:[{&quot;id&quot;:14019,&quot;url&quot;:&quot;https:\\\/\\\/gridtiesolar.com.br\\\/energia-solar\\\/wp-content\\\/uploads\\\/2021\\\/06\\\/energia-solar-1.jpg&quot;}],&quot;background_slideshow_loop&quot;:&quot;yes&quot;,&quot;background_slideshow_slide_duration&quot;:5000,&quot;background_slideshow_slide_transition&quot;:&quot;fade&quot;,&quot;background_slideshow_transition_duration&quot;:500}\">\n\t\t\t\t\t\t<div class=\"elementor-container elementor-column-gap-wide\">\n\t\t\t\t\t\t\t<div class=\"elementor-row\">\n\t\t\t\t\t<div class=\"elementor-column elementor-col-100 elementor-top-column elementor-element elementor-element-09c7415\" data-id=\"09c7415\" data-element_type=\"column\">\n\t\t\t<div class=\"elementor-column-wrap\">\n\t\t\t\t\t\t\t<div class=\"elementor-widget-wrap\">\n\t\t\t\t\t\t\t\t<\/div>\n\t\t\t\t\t<\/div>\n\t\t<\/div>\n\t\t\t\t\t\t\t\t<\/div>\n\t\t\t\t\t<\/div>\n\t\t<\/section>\n\t\t\t\t<section class=\"elementor-section elementor-top-section elementor-element elementor-element-d80ec5c elementor-section-boxed elementor-section-height-default elementor-section-height-default\" data-id=\"d80ec5c\" data-element_type=\"section\">\n\t\t\t\t\t\t<div class=\"elementor-container elementor-column-gap-default\">\n\t\t\t\t\t\t\t<div class=\"elementor-row\">\n\t\t\t\t\t<div class=\"elementor-column elementor-col-100 elementor-top-column elementor-element elementor-element-22c53b9\" data-id=\"22c53b9\" data-element_type=\"column\">\n\t\t\t<div class=\"elementor-column-wrap elementor-element-populated\">\n\t\t\t\t\t\t\t<div class=\"elementor-widget-wrap\">\n\t\t\t\t\t\t<div class=\"elementor-element elementor-element-d4b055f elementor-widget elementor-widget-text-editor\" data-id=\"d4b055f\" data-element_type=\"widget\" data-widget_type=\"text-editor.default\">\n\t\t\t\t<div class=\"elementor-widget-container\">\n\t\t\t\t\t\t\t\t<div class=\"elementor-text-editor elementor-clearfix\">\n\t\t\t\t<h1 style=\"text-align: center; font-size: 30px; line-height: 36px; font-weight: 500;\"><span style=\"color: #f6c204;\">Placa de Energia Solar Pre\u00e7o RJ<\/span><\/h1><p>A gera\u00e7\u00e3o de energia fotovoltaica pode variar quanto ao pre\u00e7o, pois a mesma pode ser usada em projetos que necessitam de diferentes demandas de energia, como: empresas, ind\u00fastrias e resid\u00eancias.<\/p><p>A energia solar fotovoltaica para empresas exige um alto investimento, geralmente financiado em 5 anos, que gera um retorno financeiro r\u00e1pido e ainda cumpre com as obriga\u00e7\u00f5es sociais. \u00c9 muito comum vermos em empresas a cria\u00e7\u00e3o de uma usina fotovoltaica, nome dado a um grande conjunto de placas fotovoltaicas. Podemos ver o uso de energia solar em empresas como a Google, Honda, Maracan\u00e3 e o AquaRio.<\/p><p>A energia fotovoltaica industrial \u00e9 bem parecida com a empresarial, uma vez que demanda de uma grande quantidade de energia el\u00e9trica e, portanto, de uma gera\u00e7\u00e3o de energia fotovoltaica de mesma escala. Devido \u00e0 grandeza, \u00e9 muito comum o uso de usinas fotovoltaicas.<\/p><p>No entanto, a energia solar residencial se difere devido ao consumo de energia menor do que as demais. Portanto, pequenos m\u00f3dulos fotovoltaicos s\u00e3o usados em telhados e solos. Por\u00e9m, tamb\u00e9m \u00e9 poss\u00edvel o uso de energia solar para condom\u00ednio, ou seja, diversas resid\u00eancias financiariam os pain\u00e9is fotovoltaicos e dividiriam o uso.<\/p>\t\t\t\t\t<\/div>\n\t\t\t\t\t\t<\/div>\n\t\t\t\t<\/div>\n\t\t\t\t<div class=\"elementor-element elementor-element-d1aaa1f elementor-widget elementor-widget-gallery\" data-id=\"d1aaa1f\" data-element_type=\"widget\" data-settings=\"{&quot;columns&quot;:3,&quot;aspect_ratio&quot;:&quot;1:1&quot;,&quot;lazyload&quot;:&quot;yes&quot;,&quot;gallery_layout&quot;:&quot;grid&quot;,&quot;columns_tablet&quot;:2,&quot;columns_mobile&quot;:1,&quot;gap&quot;:{&quot;unit&quot;:&quot;px&quot;,&quot;size&quot;:10,&quot;sizes&quot;:[]},&quot;gap_tablet&quot;:{&quot;unit&quot;:&quot;px&quot;,&quot;size&quot;:10,&quot;sizes&quot;:[]},&quot;gap_mobile&quot;:{&quot;unit&quot;:&quot;px&quot;,&quot;size&quot;:10,&quot;sizes&quot;:[]},&quot;overlay_background&quot;:&quot;yes&quot;,&quot;content_hover_animation&quot;:&quot;fade-in&quot;}\" data-widget_type=\"gallery.default\">\n\t\t\t\t<div class=\"elementor-widget-container\">\n\t\t\t\t\t<div class=\"elementor-gallery__container\">\n\t\t\t\t\t\t\t<div class=\"e-gallery-item elementor-gallery-item elementor-animated-content\">\n\t\t\t\t\t<div class=\"e-gallery-image elementor-gallery-item__image\" data-thumbnail=\"https:\/\/gridtiesolar.com.br\/energia-solar\/wp-content\/uploads\/2017\/07\/PLACADEENERGIASOLARVANTAGENS-300x300.jpg\" data-width=\"300\" data-height=\"300\" alt=\"\" ><\/div>\n\t\t\t\t\t\t\t\t\t\t\t<div class=\"elementor-gallery-item__overlay\"><\/div>\n\t\t\t\t\t\t\t\t\t\t\t\t\t\t<\/div>\n\t\t\t\t\t\t\t<div class=\"e-gallery-item elementor-gallery-item elementor-animated-content\">\n\t\t\t\t\t<div class=\"e-gallery-image elementor-gallery-item__image\" data-thumbnail=\"https:\/\/gridtiesolar.com.br\/energia-solar\/wp-content\/uploads\/2017\/07\/placadeenergiasolar-300x201.jpg\" data-width=\"300\" data-height=\"201\" alt=\"\" ><\/div>\n\t\t\t\t\t\t\t\t\t\t\t<div class=\"elementor-gallery-item__overlay\"><\/div>\n\t\t\t\t\t\t\t\t\t\t\t\t\t\t<\/div>\n\t\t\t\t\t\t\t<div class=\"e-gallery-item elementor-gallery-item elementor-animated-content\">\n\t\t\t\t\t<div class=\"e-gallery-image elementor-gallery-item__image\" data-thumbnail=\"https:\/\/gridtiesolar.com.br\/energia-solar\/wp-content\/uploads\/2017\/07\/placaenergiasolar-300x173.jpg\" data-width=\"300\" data-height=\"173\" alt=\"\" ><\/div>\n\t\t\t\t\t\t\t\t\t\t\t<div class=\"elementor-gallery-item__overlay\"><\/div>\n\t\t\t\t\t\t\t\t\t\t\t\t\t\t<\/div>\n\t\t\t\t\t<\/div>\n\t\t\t<\/div>\n\t\t\t\t<\/div>\n\t\t\t\t\t\t<\/div>\n\t\t\t\t\t<\/div>\n\t\t<\/div>\n\t\t\t\t\t\t\t\t<\/div>\n\t\t\t\t\t<\/div>\n\t\t<\/section>\n\t\t\t\t\t\t\t\t\t<\/div>\n\t\t\t<\/div>\n\t\t\t\t\t<\/div>\n\t\t","protected":false},"excerpt":{"rendered":"<p>Placa de Energia Solar Pre\u00e7o RJ A gera\u00e7\u00e3o de energia fotovoltaica pode variar quanto ao pre\u00e7o, pois a mesma pode ser usada em projetos que necessitam de diferentes demandas de energia, como: empresas, ind\u00fastrias e resid\u00eancias. A energia solar fotovoltaica para empresas exige um alto investimento, geralmente financiado em 5 anos, que gera um retorno [&hellip;]<\/p>\n","protected":false},"author":1,"featured_media":0,"parent":0,"menu_order":0,"comment_status":"closed","ping_status":"closed","template":"","meta":[],"_links":{"self":[{"href":"https:\/\/gridtiesolar.com.br\/energia-solar\/wp-json\/wp\/v2\/pages\/13463"}],"collection":[{"href":"https:\/\/gridtiesolar.com.br\/energia-solar\/wp-json\/wp\/v2\/pages"}],"about":[{"href":"https:\/\/gridtiesolar.com.br\/energia-solar\/wp-json\/wp\/v2\/types\/page"}],"author":[{"embeddable":true,"href":"https:\/\/gridtiesolar.com.br\/energia-solar\/wp-json\/wp\/v2\/users\/1"}],"replies":[{"embeddable":true,"href":"https:\/\/gridtiesolar.com.br\/energia-solar\/wp-json\/wp\/v2\/comments?post=13463"}],"version-history":[{"count":3,"href":"https:\/\/gridtiesolar.com.br\/energia-solar\/wp-json\/wp\/v2\/pages\/13463\/revisions"}],"predecessor-version":[{"id":16294,"href":"https:\/\/gridtiesolar.com.br\/energia-solar\/wp-json\/wp\/v2\/pages\/13463\/revisions\/16294"}],"wp:attachment":[{"href":"https:\/\/gridtiesolar.com.br\/energia-solar\/wp-json\/wp\/v2\/media?parent=13463"}],"curies":[{"name":"wp","href":"https:\/\/api.w.org\/{rel}","templated":true}]}}