{"id":13577,"date":"2021-01-17T19:53:11","date_gmt":"2021-01-17T22:53:11","guid":{"rendered":"https:\/\/novo.gridtiesolar.com.br\/?page_id=13577"},"modified":"2022-01-19T21:37:03","modified_gmt":"2022-01-20T00:37:03","slug":"instalacao-energia-solar-residencial-rj","status":"publish","type":"page","link":"https:\/\/gridtiesolar.com.br\/energia-solar\/instalacao-energia-solar-residencial-rj\/","title":{"rendered":"Instala\u00e7\u00e3o Energia Solar Residencial RJ"},"content":{"rendered":"\t\t<div data-elementor-type=\"wp-page\" data-elementor-id=\"13577\" class=\"elementor elementor-13577\">\n\t\t\t\t\t\t<div class=\"elementor-inner\">\n\t\t\t\t<div class=\"elementor-section-wrap\">\n\t\t\t\t\t\t\t\t\t<section class=\"elementor-section elementor-top-section elementor-element elementor-element-939f452 elementor-section-full_width elementor-section-height-min-height elementor-section-content-middle elementor-section-stretched elementor-section-height-default elementor-section-items-middle\" data-id=\"939f452\" data-element_type=\"section\" data-settings=\"{&quot;stretch_section&quot;:&quot;section-stretched&quot;,&quot;background_background&quot;:&quot;slideshow&quot;,&quot;background_slideshow_gallery&quot;:[{&quot;id&quot;:9862,&quot;url&quot;:&quot;https:\\\/\\\/gridtiesolar.com.br\\\/energia-solar\\\/wp-content\\\/uploads\\\/2016\\\/12\\\/banner3.jpg&quot;}],&quot;background_slideshow_loop&quot;:&quot;yes&quot;,&quot;background_slideshow_slide_duration&quot;:5000,&quot;background_slideshow_slide_transition&quot;:&quot;fade&quot;,&quot;background_slideshow_transition_duration&quot;:500}\">\n\t\t\t\t\t\t<div class=\"elementor-container elementor-column-gap-wide\">\n\t\t\t\t\t\t\t<div class=\"elementor-row\">\n\t\t\t\t\t<div class=\"elementor-column elementor-col-100 elementor-top-column elementor-element elementor-element-09c7415\" data-id=\"09c7415\" data-element_type=\"column\">\n\t\t\t<div class=\"elementor-column-wrap\">\n\t\t\t\t\t\t\t<div class=\"elementor-widget-wrap\">\n\t\t\t\t\t\t\t\t<\/div>\n\t\t\t\t\t<\/div>\n\t\t<\/div>\n\t\t\t\t\t\t\t\t<\/div>\n\t\t\t\t\t<\/div>\n\t\t<\/section>\n\t\t\t\t<section class=\"elementor-section elementor-top-section elementor-element elementor-element-d80ec5c elementor-section-boxed elementor-section-height-default elementor-section-height-default\" data-id=\"d80ec5c\" data-element_type=\"section\">\n\t\t\t\t\t\t<div class=\"elementor-container elementor-column-gap-default\">\n\t\t\t\t\t\t\t<div class=\"elementor-row\">\n\t\t\t\t\t<div class=\"elementor-column elementor-col-100 elementor-top-column elementor-element elementor-element-22c53b9\" data-id=\"22c53b9\" data-element_type=\"column\">\n\t\t\t<div class=\"elementor-column-wrap elementor-element-populated\">\n\t\t\t\t\t\t\t<div class=\"elementor-widget-wrap\">\n\t\t\t\t\t\t<div class=\"elementor-element elementor-element-d4b055f elementor-widget elementor-widget-text-editor\" data-id=\"d4b055f\" data-element_type=\"widget\" data-widget_type=\"text-editor.default\">\n\t\t\t\t<div class=\"elementor-widget-container\">\n\t\t\t\t\t\t\t\t<div class=\"elementor-text-editor elementor-clearfix\">\n\t\t\t\t<h1 style=\"text-align: center; font-size: 30px; line-height: 36px; font-weight: 500;\"><span style=\"color: #009180;\">Instala\u00e7\u00e3o Energia Solar Residencial RJ<\/span><\/h1><p>A instala\u00e7\u00e3o de pain\u00e9is solaresem resid\u00eancias no Rio de Janeiro \u00e9 algo cada vez mais frequente. No entanto, por quest\u00f5es de seguran\u00e7a,\u00e9 recomendado que a instala\u00e7\u00e3o seja feita por profissionais. Porque nos preocupamos com a seguran\u00e7a dos envolvidos do processo. Al\u00e9m disso, trata-se de um alto investimento que se instalado de forma incorreta, pode gerar preju\u00edzos como a queima de todo equipamento.<\/p><p>A Grid Tie solar planeja e constr\u00f3i sua usina fotovoltaica de acordo com a necessidade de seu empreendimento ou im\u00f3vel.<\/p>\t\t\t\t\t<\/div>\n\t\t\t\t\t\t<\/div>\n\t\t\t\t<\/div>\n\t\t\t\t<div class=\"elementor-element elementor-element-d1aaa1f elementor-widget elementor-widget-gallery\" data-id=\"d1aaa1f\" data-element_type=\"widget\" data-settings=\"{&quot;aspect_ratio&quot;:&quot;1:1&quot;,&quot;lazyload&quot;:&quot;yes&quot;,&quot;gallery_layout&quot;:&quot;grid&quot;,&quot;columns&quot;:4,&quot;columns_tablet&quot;:2,&quot;columns_mobile&quot;:1,&quot;gap&quot;:{&quot;unit&quot;:&quot;px&quot;,&quot;size&quot;:10,&quot;sizes&quot;:[]},&quot;gap_tablet&quot;:{&quot;unit&quot;:&quot;px&quot;,&quot;size&quot;:10,&quot;sizes&quot;:[]},&quot;gap_mobile&quot;:{&quot;unit&quot;:&quot;px&quot;,&quot;size&quot;:10,&quot;sizes&quot;:[]},&quot;link_to&quot;:&quot;file&quot;,&quot;overlay_background&quot;:&quot;yes&quot;,&quot;content_hover_animation&quot;:&quot;fade-in&quot;}\" data-widget_type=\"gallery.default\">\n\t\t\t\t<div class=\"elementor-widget-container\">\n\t\t\t\t\t<div class=\"elementor-gallery__container\">\n\t\t\t\t\t\t\t<a class=\"e-gallery-item elementor-gallery-item elementor-animated-content\" href=\"https:\/\/gridtiesolar.com.br\/energia-solar\/wp-content\/uploads\/2017\/07\/instalandoenergiasolar.jpg\" data-elementor-open-lightbox=\"yes\" data-elementor-lightbox-slideshow=\"all-d1aaa1f\" data-elementor-lightbox-title=\"instalandoenergiasolar\" data-e-action-hash=\"#elementor-action%3Aaction%3Dlightbox%26settings%3DeyJpZCI6MTA1NjUsInVybCI6Imh0dHBzOlwvXC9ncmlkdGllc29sYXIuY29tLmJyXC9lbmVyZ2lhLXNvbGFyXC93cC1jb250ZW50XC91cGxvYWRzXC8yMDE3XC8wN1wvaW5zdGFsYW5kb2VuZXJnaWFzb2xhci5qcGciLCJzbGlkZXNob3ciOiJhbGwtZDFhYWExZiJ9\">\n\t\t\t\t\t<div class=\"e-gallery-image elementor-gallery-item__image\" data-thumbnail=\"https:\/\/gridtiesolar.com.br\/energia-solar\/wp-content\/uploads\/2017\/07\/instalandoenergiasolar.jpg\" data-width=\"800\" data-height=\"800\" alt=\"\" ><\/div>\n\t\t\t\t\t\t\t\t\t\t\t<div class=\"elementor-gallery-item__overlay\"><\/div>\n\t\t\t\t\t\t\t\t\t\t\t\t\t\t<\/a>\n\t\t\t\t\t\t\t<a class=\"e-gallery-item elementor-gallery-item elementor-animated-content\" href=\"https:\/\/gridtiesolar.com.br\/energia-solar\/wp-content\/uploads\/2017\/07\/instalacaoenergiasolar.jpg\" data-elementor-open-lightbox=\"yes\" data-elementor-lightbox-slideshow=\"all-d1aaa1f\" data-elementor-lightbox-title=\"instala\u00e7\u00e3oenergiasolar\" data-e-action-hash=\"#elementor-action%3Aaction%3Dlightbox%26settings%3DeyJpZCI6MTA1NjYsInVybCI6Imh0dHBzOlwvXC9ncmlkdGllc29sYXIuY29tLmJyXC9lbmVyZ2lhLXNvbGFyXC93cC1jb250ZW50XC91cGxvYWRzXC8yMDE3XC8wN1wvaW5zdGFsYWNhb2VuZXJnaWFzb2xhci5qcGciLCJzbGlkZXNob3ciOiJhbGwtZDFhYWExZiJ9\">\n\t\t\t\t\t<div class=\"e-gallery-image elementor-gallery-item__image\" data-thumbnail=\"https:\/\/gridtiesolar.com.br\/energia-solar\/wp-content\/uploads\/2017\/07\/instalacaoenergiasolar.jpg\" data-width=\"700\" data-height=\"357\" alt=\"\" ><\/div>\n\t\t\t\t\t\t\t\t\t\t\t<div class=\"elementor-gallery-item__overlay\"><\/div>\n\t\t\t\t\t\t\t\t\t\t\t\t\t\t<\/a>\n\t\t\t\t\t\t\t<a class=\"e-gallery-item elementor-gallery-item elementor-animated-content\" href=\"https:\/\/gridtiesolar.com.br\/energia-solar\/wp-content\/uploads\/2017\/07\/casacompainelsolarinstalado.jpg\" data-elementor-open-lightbox=\"yes\" data-elementor-lightbox-slideshow=\"all-d1aaa1f\" data-elementor-lightbox-title=\"casacompainelsolarinstalado\" data-e-action-hash=\"#elementor-action%3Aaction%3Dlightbox%26settings%3DeyJpZCI6MTA2OTUsInVybCI6Imh0dHBzOlwvXC9ncmlkdGllc29sYXIuY29tLmJyXC9lbmVyZ2lhLXNvbGFyXC93cC1jb250ZW50XC91cGxvYWRzXC8yMDE3XC8wN1wvY2FzYWNvbXBhaW5lbHNvbGFyaW5zdGFsYWRvLmpwZyIsInNsaWRlc2hvdyI6ImFsbC1kMWFhYTFmIn0%3D\">\n\t\t\t\t\t<div class=\"e-gallery-image elementor-gallery-item__image\" data-thumbnail=\"https:\/\/gridtiesolar.com.br\/energia-solar\/wp-content\/uploads\/2017\/07\/casacompainelsolarinstalado.jpg\" data-width=\"476\" data-height=\"476\" alt=\"\" ><\/div>\n\t\t\t\t\t\t\t\t\t\t\t<div class=\"elementor-gallery-item__overlay\"><\/div>\n\t\t\t\t\t\t\t\t\t\t\t\t\t\t<\/a>\n\t\t\t\t\t\t\t<a class=\"e-gallery-item elementor-gallery-item elementor-animated-content\" href=\"https:\/\/gridtiesolar.com.br\/energia-solar\/wp-content\/uploads\/2017\/07\/energiafotovoltaicaemresidenciia1.jpg\" data-elementor-open-lightbox=\"yes\" data-elementor-lightbox-slideshow=\"all-d1aaa1f\" data-elementor-lightbox-title=\"energiafotovoltaicaemresidenciia\" data-e-action-hash=\"#elementor-action%3Aaction%3Dlightbox%26settings%3DeyJpZCI6MTA2MDksInVybCI6Imh0dHBzOlwvXC9ncmlkdGllc29sYXIuY29tLmJyXC9lbmVyZ2lhLXNvbGFyXC93cC1jb250ZW50XC91cGxvYWRzXC8yMDE3XC8wN1wvZW5lcmdpYWZvdG92b2x0YWljYWVtcmVzaWRlbmNpaWExLmpwZyIsInNsaWRlc2hvdyI6ImFsbC1kMWFhYTFmIn0%3D\">\n\t\t\t\t\t<div class=\"e-gallery-image elementor-gallery-item__image\" data-thumbnail=\"https:\/\/gridtiesolar.com.br\/energia-solar\/wp-content\/uploads\/2017\/07\/energiafotovoltaicaemresidenciia1.jpg\" data-width=\"1024\" data-height=\"768\" alt=\"\" ><\/div>\n\t\t\t\t\t\t\t\t\t\t\t<div class=\"elementor-gallery-item__overlay\"><\/div>\n\t\t\t\t\t\t\t\t\t\t\t\t\t\t<\/a>\n\t\t\t\t\t<\/div>\n\t\t\t<\/div>\n\t\t\t\t<\/div>\n\t\t\t\t\t\t<\/div>\n\t\t\t\t\t<\/div>\n\t\t<\/div>\n\t\t\t\t\t\t\t\t<\/div>\n\t\t\t\t\t<\/div>\n\t\t<\/section>\n\t\t\t\t\t\t\t\t\t<\/div>\n\t\t\t<\/div>\n\t\t\t\t\t<\/div>\n\t\t","protected":false},"excerpt":{"rendered":"<p>Instala\u00e7\u00e3o Energia Solar Residencial RJ A instala\u00e7\u00e3o de pain\u00e9is solaresem resid\u00eancias no Rio de Janeiro \u00e9 algo cada vez mais frequente. No entanto, por quest\u00f5es de seguran\u00e7a,\u00e9 recomendado que a instala\u00e7\u00e3o seja feita por profissionais. Porque nos preocupamos com a seguran\u00e7a dos envolvidos do processo. Al\u00e9m disso, trata-se de um alto investimento que se instalado [&hellip;]<\/p>\n","protected":false},"author":1,"featured_media":0,"parent":0,"menu_order":0,"comment_status":"closed","ping_status":"closed","template":"","meta":[],"_links":{"self":[{"href":"https:\/\/gridtiesolar.com.br\/energia-solar\/wp-json\/wp\/v2\/pages\/13577"}],"collection":[{"href":"https:\/\/gridtiesolar.com.br\/energia-solar\/wp-json\/wp\/v2\/pages"}],"about":[{"href":"https:\/\/gridtiesolar.com.br\/energia-solar\/wp-json\/wp\/v2\/types\/page"}],"author":[{"embeddable":true,"href":"https:\/\/gridtiesolar.com.br\/energia-solar\/wp-json\/wp\/v2\/users\/1"}],"replies":[{"embeddable":true,"href":"https:\/\/gridtiesolar.com.br\/energia-solar\/wp-json\/wp\/v2\/comments?post=13577"}],"version-history":[{"count":3,"href":"https:\/\/gridtiesolar.com.br\/energia-solar\/wp-json\/wp\/v2\/pages\/13577\/revisions"}],"predecessor-version":[{"id":16234,"href":"https:\/\/gridtiesolar.com.br\/energia-solar\/wp-json\/wp\/v2\/pages\/13577\/revisions\/16234"}],"wp:attachment":[{"href":"https:\/\/gridtiesolar.com.br\/energia-solar\/wp-json\/wp\/v2\/media?parent=13577"}],"curies":[{"name":"wp","href":"https:\/\/api.w.org\/{rel}","templated":true}]}}