{"id":13612,"date":"2021-01-17T20:02:31","date_gmt":"2021-01-17T23:02:31","guid":{"rendered":"https:\/\/novo.gridtiesolar.com.br\/?page_id=13612"},"modified":"2022-01-19T21:36:10","modified_gmt":"2022-01-20T00:36:10","slug":"instalacao-de-energia-solar","status":"publish","type":"page","link":"https:\/\/gridtiesolar.com.br\/energia-solar\/instalacao-de-energia-solar\/","title":{"rendered":"Instala\u00e7\u00e3o de Energia Solar"},"content":{"rendered":"\t\t<div data-elementor-type=\"wp-page\" data-elementor-id=\"13612\" class=\"elementor elementor-13612\">\n\t\t\t\t\t\t<div class=\"elementor-inner\">\n\t\t\t\t<div class=\"elementor-section-wrap\">\n\t\t\t\t\t\t\t\t\t<section class=\"elementor-section elementor-top-section elementor-element elementor-element-939f452 elementor-section-full_width elementor-section-height-min-height elementor-section-content-middle elementor-section-stretched elementor-section-height-default elementor-section-items-middle\" data-id=\"939f452\" data-element_type=\"section\" data-settings=\"{&quot;stretch_section&quot;:&quot;section-stretched&quot;,&quot;background_background&quot;:&quot;slideshow&quot;,&quot;background_slideshow_gallery&quot;:[{&quot;id&quot;:9862,&quot;url&quot;:&quot;https:\\\/\\\/gridtiesolar.com.br\\\/energia-solar\\\/wp-content\\\/uploads\\\/2016\\\/12\\\/banner3.jpg&quot;}],&quot;background_slideshow_loop&quot;:&quot;yes&quot;,&quot;background_slideshow_slide_duration&quot;:5000,&quot;background_slideshow_slide_transition&quot;:&quot;fade&quot;,&quot;background_slideshow_transition_duration&quot;:500}\">\n\t\t\t\t\t\t<div class=\"elementor-container elementor-column-gap-wide\">\n\t\t\t\t\t\t\t<div class=\"elementor-row\">\n\t\t\t\t\t<div class=\"elementor-column elementor-col-100 elementor-top-column elementor-element elementor-element-09c7415\" data-id=\"09c7415\" data-element_type=\"column\">\n\t\t\t<div class=\"elementor-column-wrap\">\n\t\t\t\t\t\t\t<div class=\"elementor-widget-wrap\">\n\t\t\t\t\t\t\t\t<\/div>\n\t\t\t\t\t<\/div>\n\t\t<\/div>\n\t\t\t\t\t\t\t\t<\/div>\n\t\t\t\t\t<\/div>\n\t\t<\/section>\n\t\t\t\t<section class=\"elementor-section elementor-top-section elementor-element elementor-element-d80ec5c elementor-section-boxed elementor-section-height-default elementor-section-height-default\" data-id=\"d80ec5c\" data-element_type=\"section\">\n\t\t\t\t\t\t<div class=\"elementor-container elementor-column-gap-default\">\n\t\t\t\t\t\t\t<div class=\"elementor-row\">\n\t\t\t\t\t<div class=\"elementor-column elementor-col-100 elementor-top-column elementor-element elementor-element-22c53b9\" data-id=\"22c53b9\" data-element_type=\"column\">\n\t\t\t<div class=\"elementor-column-wrap elementor-element-populated\">\n\t\t\t\t\t\t\t<div class=\"elementor-widget-wrap\">\n\t\t\t\t\t\t<div class=\"elementor-element elementor-element-d4b055f elementor-widget elementor-widget-text-editor\" data-id=\"d4b055f\" data-element_type=\"widget\" data-widget_type=\"text-editor.default\">\n\t\t\t\t<div class=\"elementor-widget-container\">\n\t\t\t\t\t\t\t\t<div class=\"elementor-text-editor elementor-clearfix\">\n\t\t\t\t<h1 style=\"text-align: center; font-size: 30px; line-height: 36px; font-weight: 500;\"><span style=\"color: #009180;\">Instala\u00e7\u00e3o de Energia Solar<\/span><\/h1><p style=\"text-align: left;\">A instala\u00e7\u00e3o de energia solar consiste na instala\u00e7\u00e3o de pain\u00e9is solares em \u00e1reas ao ar livre, sejam estes solos, telhados ou s\u00edtios.<\/p><p style=\"text-align: left;\">\u00c9 altamente recomendado a contrata\u00e7\u00e3o de profissionais especializados para esse servi\u00e7o, pois trata-se da seguran\u00e7a f\u00edsica de todos envolvidos no processo e do investimento. Quest\u00f5es como proje\u00e7\u00e3o de sombras e a dire\u00e7\u00e3o em que a placa est\u00e1 posicionada devem ser avaliadas para um maior rendimento de energia.<\/p><p style=\"text-align: left;\">A Grid Tie Solar, \u00e9 uma empresa que fornece os seus servi\u00e7os desde a compra at\u00e9 a instala\u00e7\u00e3o dos pain\u00e9is solares. A empresa visa a seguran\u00e7a e qualidade de seus servi\u00e7os para um maior aproveitamento da energia.<\/p><p style=\"text-align: left;\"><span style=\"color: #2a8479;\"><a style=\"color: #2a8479;\" title=\"FALE CONOSCO\" href=\"http:\/\/gridtiesolar.com.br\/energia-solar\/fale-conosco\/\"><b>Envie um e-mail ou ligue para saber mais.<\/b><\/a><\/span><\/p><div class=\"wpb_text_column wpb_content_element vc_custom_1505151935429\"><div class=\"wpb_wrapper\"><h3 style=\"text-align: left;\"><span style=\"color: #26a898;\">Instala\u00e7\u00e3o de Energia Solar Resid\u00eancial<\/span><\/h3><\/div><\/div><div class=\"wpb_text_column wpb_content_element \"><div class=\"wpb_wrapper\"><p style=\"text-align: left;\">A instala\u00e7\u00e3o de energia solar residencial pode ser realizada em telhados ou solo. O projeto tem a inten\u00e7\u00e3o de preservar a natureza, com a baixa emiss\u00e3o de gases com o consumo de energia limpa, e pelos benef\u00edcios econ\u00f4micos, uma vez que a redu\u00e7\u00e3o na conta el\u00e9trica \u00e9 brusca e h\u00e1 valoriza\u00e7\u00e3o no im\u00f3vel.<\/p><p style=\"text-align: left;\">Existem casos onde os moradores de um condom\u00ednio de resid\u00eancias se juntam para a cria\u00e7\u00e3o de uma usina fotovoltaica para o condom\u00ednio. No entanto, n\u00e3o se assuste, usina fotovoltaica \u00e9 o nome dado a um vasto conjunto de pain\u00e9is solares, estes que podem ser instalados em telhados, solos ou demais \u00e1reas ao ar livre.<\/p><\/div><\/div><div class=\"wpb_text_column wpb_content_element vc_custom_1505151978446\"><div class=\"wpb_wrapper\"><h3 style=\"text-align: left;\"><span style=\"color: #26a898;\">Instala\u00e7\u00e3o de Energia Solar Resid\u00eancial Pre\u00e7o<\/span><\/h3><\/div><\/div><div class=\"wpb_text_column wpb_content_element \"><div class=\"wpb_wrapper\"><p style=\"text-align: left;\">O pre\u00e7o da instala\u00e7\u00e3o de energia solar varia de acordo com o tamanho do projeto, ou seja, quanto maior for a demanda por pain\u00e9is, mais barato custa a instala\u00e7\u00e3o das placas.<\/p><p style=\"text-align: left;\">A Grid Tie Solar possui promo\u00e7\u00f5es semanais, devido aos seus fornecedores, que permitem que o pre\u00e7o de seus produtos se tornem mais competitivos que o resto do mercado.<\/p><p style=\"text-align: left;\">Envie um <span style=\"color: #26a898;\">or\u00e7amento<\/span> e elabore o seu projeto para empresas ou resid\u00eancias.<\/p><\/div><\/div>\t\t\t\t\t<\/div>\n\t\t\t\t\t\t<\/div>\n\t\t\t\t<\/div>\n\t\t\t\t<div class=\"elementor-element elementor-element-d1aaa1f elementor-widget elementor-widget-gallery\" data-id=\"d1aaa1f\" data-element_type=\"widget\" data-settings=\"{&quot;aspect_ratio&quot;:&quot;1:1&quot;,&quot;columns&quot;:3,&quot;lazyload&quot;:&quot;yes&quot;,&quot;gallery_layout&quot;:&quot;grid&quot;,&quot;columns_tablet&quot;:2,&quot;columns_mobile&quot;:1,&quot;gap&quot;:{&quot;unit&quot;:&quot;px&quot;,&quot;size&quot;:10,&quot;sizes&quot;:[]},&quot;gap_tablet&quot;:{&quot;unit&quot;:&quot;px&quot;,&quot;size&quot;:10,&quot;sizes&quot;:[]},&quot;gap_mobile&quot;:{&quot;unit&quot;:&quot;px&quot;,&quot;size&quot;:10,&quot;sizes&quot;:[]},&quot;link_to&quot;:&quot;file&quot;,&quot;overlay_background&quot;:&quot;yes&quot;,&quot;content_hover_animation&quot;:&quot;fade-in&quot;}\" data-widget_type=\"gallery.default\">\n\t\t\t\t<div class=\"elementor-widget-container\">\n\t\t\t\t\t<div class=\"elementor-gallery__container\">\n\t\t\t\t\t\t\t<a class=\"e-gallery-item elementor-gallery-item elementor-animated-content\" href=\"https:\/\/gridtiesolar.com.br\/energia-solar\/wp-content\/uploads\/2017\/07\/instalacaoenergiasolar.jpg\" data-elementor-open-lightbox=\"yes\" data-elementor-lightbox-slideshow=\"all-d1aaa1f\" data-elementor-lightbox-title=\"instala\u00e7\u00e3oenergiasolar\" data-e-action-hash=\"#elementor-action%3Aaction%3Dlightbox%26settings%3DeyJpZCI6MTA1NjYsInVybCI6Imh0dHBzOlwvXC9ncmlkdGllc29sYXIuY29tLmJyXC9lbmVyZ2lhLXNvbGFyXC93cC1jb250ZW50XC91cGxvYWRzXC8yMDE3XC8wN1wvaW5zdGFsYWNhb2VuZXJnaWFzb2xhci5qcGciLCJzbGlkZXNob3ciOiJhbGwtZDFhYWExZiJ9\">\n\t\t\t\t\t<div class=\"e-gallery-image elementor-gallery-item__image\" data-thumbnail=\"https:\/\/gridtiesolar.com.br\/energia-solar\/wp-content\/uploads\/2017\/07\/instalacaoenergiasolar.jpg\" data-width=\"700\" data-height=\"357\" alt=\"\" ><\/div>\n\t\t\t\t\t\t\t\t\t\t\t<div class=\"elementor-gallery-item__overlay\"><\/div>\n\t\t\t\t\t\t\t\t\t\t\t\t\t\t<\/a>\n\t\t\t\t\t\t\t<a class=\"e-gallery-item elementor-gallery-item elementor-animated-content\" href=\"https:\/\/gridtiesolar.com.br\/energia-solar\/wp-content\/uploads\/2017\/07\/instalandoenergiasolar.jpg\" data-elementor-open-lightbox=\"yes\" data-elementor-lightbox-slideshow=\"all-d1aaa1f\" data-elementor-lightbox-title=\"instalandoenergiasolar\" data-e-action-hash=\"#elementor-action%3Aaction%3Dlightbox%26settings%3DeyJpZCI6MTA1NjUsInVybCI6Imh0dHBzOlwvXC9ncmlkdGllc29sYXIuY29tLmJyXC9lbmVyZ2lhLXNvbGFyXC93cC1jb250ZW50XC91cGxvYWRzXC8yMDE3XC8wN1wvaW5zdGFsYW5kb2VuZXJnaWFzb2xhci5qcGciLCJzbGlkZXNob3ciOiJhbGwtZDFhYWExZiJ9\">\n\t\t\t\t\t<div class=\"e-gallery-image elementor-gallery-item__image\" data-thumbnail=\"https:\/\/gridtiesolar.com.br\/energia-solar\/wp-content\/uploads\/2017\/07\/instalandoenergiasolar.jpg\" data-width=\"800\" data-height=\"800\" alt=\"\" ><\/div>\n\t\t\t\t\t\t\t\t\t\t\t<div class=\"elementor-gallery-item__overlay\"><\/div>\n\t\t\t\t\t\t\t\t\t\t\t\t\t\t<\/a>\n\t\t\t\t\t\t\t<a class=\"e-gallery-item elementor-gallery-item elementor-animated-content\" href=\"https:\/\/gridtiesolar.com.br\/energia-solar\/wp-content\/uploads\/2017\/07\/casacompainelsolarinstalado.jpg\" data-elementor-open-lightbox=\"yes\" data-elementor-lightbox-slideshow=\"all-d1aaa1f\" data-elementor-lightbox-title=\"casacompainelsolarinstalado\" data-e-action-hash=\"#elementor-action%3Aaction%3Dlightbox%26settings%3DeyJpZCI6MTA2OTUsInVybCI6Imh0dHBzOlwvXC9ncmlkdGllc29sYXIuY29tLmJyXC9lbmVyZ2lhLXNvbGFyXC93cC1jb250ZW50XC91cGxvYWRzXC8yMDE3XC8wN1wvY2FzYWNvbXBhaW5lbHNvbGFyaW5zdGFsYWRvLmpwZyIsInNsaWRlc2hvdyI6ImFsbC1kMWFhYTFmIn0%3D\">\n\t\t\t\t\t<div class=\"e-gallery-image elementor-gallery-item__image\" data-thumbnail=\"https:\/\/gridtiesolar.com.br\/energia-solar\/wp-content\/uploads\/2017\/07\/casacompainelsolarinstalado.jpg\" data-width=\"476\" data-height=\"476\" alt=\"\" ><\/div>\n\t\t\t\t\t\t\t\t\t\t\t<div class=\"elementor-gallery-item__overlay\"><\/div>\n\t\t\t\t\t\t\t\t\t\t\t\t\t\t<\/a>\n\t\t\t\t\t<\/div>\n\t\t\t<\/div>\n\t\t\t\t<\/div>\n\t\t\t\t\t\t<\/div>\n\t\t\t\t\t<\/div>\n\t\t<\/div>\n\t\t\t\t\t\t\t\t<\/div>\n\t\t\t\t\t<\/div>\n\t\t<\/section>\n\t\t\t\t\t\t\t\t\t<\/div>\n\t\t\t<\/div>\n\t\t\t\t\t<\/div>\n\t\t","protected":false},"excerpt":{"rendered":"<p>Instala\u00e7\u00e3o de Energia Solar A instala\u00e7\u00e3o de energia solar consiste na instala\u00e7\u00e3o de pain\u00e9is solares em \u00e1reas ao ar livre, sejam estes solos, telhados ou s\u00edtios. \u00c9 altamente recomendado a contrata\u00e7\u00e3o de profissionais especializados para esse servi\u00e7o, pois trata-se da seguran\u00e7a f\u00edsica de todos envolvidos no processo e do investimento. Quest\u00f5es como proje\u00e7\u00e3o de sombras [&hellip;]<\/p>\n","protected":false},"author":1,"featured_media":0,"parent":0,"menu_order":0,"comment_status":"closed","ping_status":"closed","template":"","meta":[],"_links":{"self":[{"href":"https:\/\/gridtiesolar.com.br\/energia-solar\/wp-json\/wp\/v2\/pages\/13612"}],"collection":[{"href":"https:\/\/gridtiesolar.com.br\/energia-solar\/wp-json\/wp\/v2\/pages"}],"about":[{"href":"https:\/\/gridtiesolar.com.br\/energia-solar\/wp-json\/wp\/v2\/types\/page"}],"author":[{"embeddable":true,"href":"https:\/\/gridtiesolar.com.br\/energia-solar\/wp-json\/wp\/v2\/users\/1"}],"replies":[{"embeddable":true,"href":"https:\/\/gridtiesolar.com.br\/energia-solar\/wp-json\/wp\/v2\/comments?post=13612"}],"version-history":[{"count":3,"href":"https:\/\/gridtiesolar.com.br\/energia-solar\/wp-json\/wp\/v2\/pages\/13612\/revisions"}],"predecessor-version":[{"id":16228,"href":"https:\/\/gridtiesolar.com.br\/energia-solar\/wp-json\/wp\/v2\/pages\/13612\/revisions\/16228"}],"wp:attachment":[{"href":"https:\/\/gridtiesolar.com.br\/energia-solar\/wp-json\/wp\/v2\/media?parent=13612"}],"curies":[{"name":"wp","href":"https:\/\/api.w.org\/{rel}","templated":true}]}}