{"id":13617,"date":"2021-01-17T20:03:11","date_gmt":"2021-01-17T23:03:11","guid":{"rendered":"https:\/\/novo.gridtiesolar.com.br\/?page_id=13617"},"modified":"2022-01-19T21:35:25","modified_gmt":"2022-01-20T00:35:25","slug":"geracao-de-energia-fotovoltaica-residencial","status":"publish","type":"page","link":"https:\/\/gridtiesolar.com.br\/energia-solar\/geracao-de-energia-fotovoltaica-residencial\/","title":{"rendered":"Gera\u00e7\u00e3o de Energia Fotovoltaica Residencial"},"content":{"rendered":"\t\t<div data-elementor-type=\"wp-page\" data-elementor-id=\"13617\" class=\"elementor elementor-13617\">\n\t\t\t\t\t\t<div class=\"elementor-inner\">\n\t\t\t\t<div class=\"elementor-section-wrap\">\n\t\t\t\t\t\t\t\t\t<section class=\"elementor-section elementor-top-section elementor-element elementor-element-939f452 elementor-section-full_width elementor-section-height-min-height elementor-section-content-middle elementor-section-stretched elementor-section-height-default elementor-section-items-middle\" data-id=\"939f452\" data-element_type=\"section\" data-settings=\"{&quot;stretch_section&quot;:&quot;section-stretched&quot;,&quot;background_background&quot;:&quot;slideshow&quot;,&quot;background_slideshow_gallery&quot;:[{&quot;id&quot;:9862,&quot;url&quot;:&quot;https:\\\/\\\/gridtiesolar.com.br\\\/energia-solar\\\/wp-content\\\/uploads\\\/2016\\\/12\\\/banner3.jpg&quot;}],&quot;background_slideshow_loop&quot;:&quot;yes&quot;,&quot;background_slideshow_slide_duration&quot;:5000,&quot;background_slideshow_slide_transition&quot;:&quot;fade&quot;,&quot;background_slideshow_transition_duration&quot;:500}\">\n\t\t\t\t\t\t<div class=\"elementor-container elementor-column-gap-wide\">\n\t\t\t\t\t\t\t<div class=\"elementor-row\">\n\t\t\t\t\t<div class=\"elementor-column elementor-col-100 elementor-top-column elementor-element elementor-element-09c7415\" data-id=\"09c7415\" data-element_type=\"column\">\n\t\t\t<div class=\"elementor-column-wrap\">\n\t\t\t\t\t\t\t<div class=\"elementor-widget-wrap\">\n\t\t\t\t\t\t\t\t<\/div>\n\t\t\t\t\t<\/div>\n\t\t<\/div>\n\t\t\t\t\t\t\t\t<\/div>\n\t\t\t\t\t<\/div>\n\t\t<\/section>\n\t\t\t\t<section class=\"elementor-section elementor-top-section elementor-element elementor-element-d80ec5c elementor-section-boxed elementor-section-height-default elementor-section-height-default\" data-id=\"d80ec5c\" data-element_type=\"section\">\n\t\t\t\t\t\t<div class=\"elementor-container elementor-column-gap-default\">\n\t\t\t\t\t\t\t<div class=\"elementor-row\">\n\t\t\t\t\t<div class=\"elementor-column elementor-col-100 elementor-top-column elementor-element elementor-element-22c53b9\" data-id=\"22c53b9\" data-element_type=\"column\">\n\t\t\t<div class=\"elementor-column-wrap elementor-element-populated\">\n\t\t\t\t\t\t\t<div class=\"elementor-widget-wrap\">\n\t\t\t\t\t\t<div class=\"elementor-element elementor-element-d4b055f elementor-widget elementor-widget-text-editor\" data-id=\"d4b055f\" data-element_type=\"widget\" data-widget_type=\"text-editor.default\">\n\t\t\t\t<div class=\"elementor-widget-container\">\n\t\t\t\t\t\t\t\t<div class=\"elementor-text-editor elementor-clearfix\">\n\t\t\t\t<h1 style=\"text-align: center; font-size: 30px; line-height: 36px; font-weight: 500;\"><span style=\"color: #009180;\">Gera\u00e7\u00e3o de Energia Fotovoltaica Residencial<\/span><\/h1><p>A gera\u00e7\u00e3o de energia fotovoltaica \u00e9 obtida pela convers\u00e3o de luz em energia el\u00e9trica solar atrav\u00e9s de um dispositivo semicondutor. Essa gera\u00e7\u00e3o pode depender da forma como os raios solares incidem nos pain\u00e9is fotovoltaicos.<\/p><p>A energia gerada que n\u00e3o \u00e9 consumida n\u00e3o pode ser armazenada, ent\u00e3o h\u00e1 distribuidora local de energia ir\u00e1 credit\u00e1-lo com o valor sobressalente, podendo ser descontado no m\u00eas que vem ou em outra conta (com a mesma distribuidora de energia) de mesmo CPF.<\/p><p>A energia solar residencial tem como benef\u00edcio econ\u00f4mico a grande diminui\u00e7\u00e3o no valor da conta de luz el\u00e9trica, e como benef\u00edcio social, o bem-estar do planeta com energia limpa.<\/p><p>A instala\u00e7\u00e3o da energia solar em resid\u00eancia gera a valoriza\u00e7\u00e3o do im\u00f3vel, por ser uma fonte de energia infinita.<\/p><p>A Grid Tie solar planeja e constr\u00f3i sua usina solar de acordo com a necessidade de seu im\u00f3vel.<\/p>\t\t\t\t\t<\/div>\n\t\t\t\t\t\t<\/div>\n\t\t\t\t<\/div>\n\t\t\t\t<div class=\"elementor-element elementor-element-d1aaa1f elementor-widget elementor-widget-gallery\" data-id=\"d1aaa1f\" data-element_type=\"widget\" data-settings=\"{&quot;aspect_ratio&quot;:&quot;1:1&quot;,&quot;lazyload&quot;:&quot;yes&quot;,&quot;gallery_layout&quot;:&quot;grid&quot;,&quot;columns&quot;:4,&quot;columns_tablet&quot;:2,&quot;columns_mobile&quot;:1,&quot;gap&quot;:{&quot;unit&quot;:&quot;px&quot;,&quot;size&quot;:10,&quot;sizes&quot;:[]},&quot;gap_tablet&quot;:{&quot;unit&quot;:&quot;px&quot;,&quot;size&quot;:10,&quot;sizes&quot;:[]},&quot;gap_mobile&quot;:{&quot;unit&quot;:&quot;px&quot;,&quot;size&quot;:10,&quot;sizes&quot;:[]},&quot;link_to&quot;:&quot;file&quot;,&quot;overlay_background&quot;:&quot;yes&quot;,&quot;content_hover_animation&quot;:&quot;fade-in&quot;}\" data-widget_type=\"gallery.default\">\n\t\t\t\t<div class=\"elementor-widget-container\">\n\t\t\t\t\t<div class=\"elementor-gallery__container\">\n\t\t\t\t\t\t\t<a class=\"e-gallery-item elementor-gallery-item elementor-animated-content\" href=\"https:\/\/gridtiesolar.com.br\/energia-solar\/wp-content\/uploads\/2017\/07\/energiasolarcasa42.jpg\" data-elementor-open-lightbox=\"yes\" data-elementor-lightbox-slideshow=\"all-d1aaa1f\" data-elementor-lightbox-title=\"energiasolarcasa4\" data-e-action-hash=\"#elementor-action%3Aaction%3Dlightbox%26settings%3DeyJpZCI6MTA2MjMsInVybCI6Imh0dHBzOlwvXC9ncmlkdGllc29sYXIuY29tLmJyXC9lbmVyZ2lhLXNvbGFyXC93cC1jb250ZW50XC91cGxvYWRzXC8yMDE3XC8wN1wvZW5lcmdpYXNvbGFyY2FzYTQyLmpwZyIsInNsaWRlc2hvdyI6ImFsbC1kMWFhYTFmIn0%3D\">\n\t\t\t\t\t<div class=\"e-gallery-image elementor-gallery-item__image\" data-thumbnail=\"https:\/\/gridtiesolar.com.br\/energia-solar\/wp-content\/uploads\/2017\/07\/energiasolarcasa42.jpg\" data-width=\"900\" data-height=\"650\" alt=\"\" ><\/div>\n\t\t\t\t\t\t\t\t\t\t\t<div class=\"elementor-gallery-item__overlay\"><\/div>\n\t\t\t\t\t\t\t\t\t\t\t\t\t\t<\/a>\n\t\t\t\t\t\t\t<a class=\"e-gallery-item elementor-gallery-item elementor-animated-content\" href=\"https:\/\/gridtiesolar.com.br\/energia-solar\/wp-content\/uploads\/2017\/07\/energiasolarcampo.jpg\" data-elementor-open-lightbox=\"yes\" data-elementor-lightbox-slideshow=\"all-d1aaa1f\" data-elementor-lightbox-title=\"energiasolarcampo\" data-e-action-hash=\"#elementor-action%3Aaction%3Dlightbox%26settings%3DeyJpZCI6MTA1ODMsInVybCI6Imh0dHBzOlwvXC9ncmlkdGllc29sYXIuY29tLmJyXC9lbmVyZ2lhLXNvbGFyXC93cC1jb250ZW50XC91cGxvYWRzXC8yMDE3XC8wN1wvZW5lcmdpYXNvbGFyY2FtcG8uanBnIiwic2xpZGVzaG93IjoiYWxsLWQxYWFhMWYifQ%3D%3D\">\n\t\t\t\t\t<div class=\"e-gallery-image elementor-gallery-item__image\" data-thumbnail=\"https:\/\/gridtiesolar.com.br\/energia-solar\/wp-content\/uploads\/2017\/07\/energiasolarcampo.jpg\" data-width=\"736\" data-height=\"552\" alt=\"\" ><\/div>\n\t\t\t\t\t\t\t\t\t\t\t<div class=\"elementor-gallery-item__overlay\"><\/div>\n\t\t\t\t\t\t\t\t\t\t\t\t\t\t<\/a>\n\t\t\t\t\t\t\t<a class=\"e-gallery-item elementor-gallery-item elementor-animated-content\" href=\"https:\/\/gridtiesolar.com.br\/energia-solar\/wp-content\/uploads\/2017\/07\/casacompainelsolarinstalado.jpg\" data-elementor-open-lightbox=\"yes\" data-elementor-lightbox-slideshow=\"all-d1aaa1f\" data-elementor-lightbox-title=\"casacompainelsolarinstalado\" data-e-action-hash=\"#elementor-action%3Aaction%3Dlightbox%26settings%3DeyJpZCI6MTA2OTUsInVybCI6Imh0dHBzOlwvXC9ncmlkdGllc29sYXIuY29tLmJyXC9lbmVyZ2lhLXNvbGFyXC93cC1jb250ZW50XC91cGxvYWRzXC8yMDE3XC8wN1wvY2FzYWNvbXBhaW5lbHNvbGFyaW5zdGFsYWRvLmpwZyIsInNsaWRlc2hvdyI6ImFsbC1kMWFhYTFmIn0%3D\">\n\t\t\t\t\t<div class=\"e-gallery-image elementor-gallery-item__image\" data-thumbnail=\"https:\/\/gridtiesolar.com.br\/energia-solar\/wp-content\/uploads\/2017\/07\/casacompainelsolarinstalado.jpg\" data-width=\"476\" data-height=\"476\" alt=\"\" ><\/div>\n\t\t\t\t\t\t\t\t\t\t\t<div class=\"elementor-gallery-item__overlay\"><\/div>\n\t\t\t\t\t\t\t\t\t\t\t\t\t\t<\/a>\n\t\t\t\t\t\t\t<a class=\"e-gallery-item elementor-gallery-item elementor-animated-content\" href=\"https:\/\/gridtiesolar.com.br\/energia-solar\/wp-content\/uploads\/2017\/07\/instalacaoenergiasolar.jpg\" data-elementor-open-lightbox=\"yes\" data-elementor-lightbox-slideshow=\"all-d1aaa1f\" data-elementor-lightbox-title=\"instala\u00e7\u00e3oenergiasolar\" data-e-action-hash=\"#elementor-action%3Aaction%3Dlightbox%26settings%3DeyJpZCI6MTA1NjYsInVybCI6Imh0dHBzOlwvXC9ncmlkdGllc29sYXIuY29tLmJyXC9lbmVyZ2lhLXNvbGFyXC93cC1jb250ZW50XC91cGxvYWRzXC8yMDE3XC8wN1wvaW5zdGFsYWNhb2VuZXJnaWFzb2xhci5qcGciLCJzbGlkZXNob3ciOiJhbGwtZDFhYWExZiJ9\">\n\t\t\t\t\t<div class=\"e-gallery-image elementor-gallery-item__image\" data-thumbnail=\"https:\/\/gridtiesolar.com.br\/energia-solar\/wp-content\/uploads\/2017\/07\/instalacaoenergiasolar.jpg\" data-width=\"700\" data-height=\"357\" alt=\"\" ><\/div>\n\t\t\t\t\t\t\t\t\t\t\t<div class=\"elementor-gallery-item__overlay\"><\/div>\n\t\t\t\t\t\t\t\t\t\t\t\t\t\t<\/a>\n\t\t\t\t\t<\/div>\n\t\t\t<\/div>\n\t\t\t\t<\/div>\n\t\t\t\t\t\t<\/div>\n\t\t\t\t\t<\/div>\n\t\t<\/div>\n\t\t\t\t\t\t\t\t<\/div>\n\t\t\t\t\t<\/div>\n\t\t<\/section>\n\t\t\t\t\t\t\t\t\t<\/div>\n\t\t\t<\/div>\n\t\t\t\t\t<\/div>\n\t\t","protected":false},"excerpt":{"rendered":"<p>Gera\u00e7\u00e3o de Energia Fotovoltaica Residencial A gera\u00e7\u00e3o de energia fotovoltaica \u00e9 obtida pela convers\u00e3o de luz em energia el\u00e9trica solar atrav\u00e9s de um dispositivo semicondutor. Essa gera\u00e7\u00e3o pode depender da forma como os raios solares incidem nos pain\u00e9is fotovoltaicos. A energia gerada que n\u00e3o \u00e9 consumida n\u00e3o pode ser armazenada, ent\u00e3o h\u00e1 distribuidora local de [&hellip;]<\/p>\n","protected":false},"author":1,"featured_media":0,"parent":0,"menu_order":0,"comment_status":"closed","ping_status":"closed","template":"","meta":[],"_links":{"self":[{"href":"https:\/\/gridtiesolar.com.br\/energia-solar\/wp-json\/wp\/v2\/pages\/13617"}],"collection":[{"href":"https:\/\/gridtiesolar.com.br\/energia-solar\/wp-json\/wp\/v2\/pages"}],"about":[{"href":"https:\/\/gridtiesolar.com.br\/energia-solar\/wp-json\/wp\/v2\/types\/page"}],"author":[{"embeddable":true,"href":"https:\/\/gridtiesolar.com.br\/energia-solar\/wp-json\/wp\/v2\/users\/1"}],"replies":[{"embeddable":true,"href":"https:\/\/gridtiesolar.com.br\/energia-solar\/wp-json\/wp\/v2\/comments?post=13617"}],"version-history":[{"count":3,"href":"https:\/\/gridtiesolar.com.br\/energia-solar\/wp-json\/wp\/v2\/pages\/13617\/revisions"}],"predecessor-version":[{"id":16216,"href":"https:\/\/gridtiesolar.com.br\/energia-solar\/wp-json\/wp\/v2\/pages\/13617\/revisions\/16216"}],"wp:attachment":[{"href":"https:\/\/gridtiesolar.com.br\/energia-solar\/wp-json\/wp\/v2\/media?parent=13617"}],"curies":[{"name":"wp","href":"https:\/\/api.w.org\/{rel}","templated":true}]}}