{"id":13670,"date":"2021-01-17T20:42:10","date_gmt":"2021-01-17T23:42:10","guid":{"rendered":"https:\/\/novo.gridtiesolar.com.br\/?page_id=13670"},"modified":"2022-01-19T21:39:49","modified_gmt":"2022-01-20T00:39:49","slug":"energia-solar-rio-de-janeiro","status":"publish","type":"page","link":"https:\/\/gridtiesolar.com.br\/energia-solar\/energia-solar-rio-de-janeiro\/","title":{"rendered":"Energia Solar Rio de Janeiro"},"content":{"rendered":"\t\t<div data-elementor-type=\"wp-page\" data-elementor-id=\"13670\" class=\"elementor elementor-13670\">\n\t\t\t\t\t\t<div class=\"elementor-inner\">\n\t\t\t\t<div class=\"elementor-section-wrap\">\n\t\t\t\t\t\t\t\t\t<section class=\"elementor-section elementor-top-section elementor-element elementor-element-939f452 elementor-section-full_width elementor-section-height-min-height elementor-section-content-middle elementor-section-stretched elementor-section-height-default elementor-section-items-middle\" data-id=\"939f452\" data-element_type=\"section\" data-settings=\"{&quot;stretch_section&quot;:&quot;section-stretched&quot;,&quot;background_background&quot;:&quot;slideshow&quot;,&quot;background_slideshow_gallery&quot;:[{&quot;id&quot;:14019,&quot;url&quot;:&quot;https:\\\/\\\/gridtiesolar.com.br\\\/energia-solar\\\/wp-content\\\/uploads\\\/2021\\\/06\\\/energia-solar-1.jpg&quot;}],&quot;background_slideshow_loop&quot;:&quot;yes&quot;,&quot;background_slideshow_slide_duration&quot;:5000,&quot;background_slideshow_slide_transition&quot;:&quot;fade&quot;,&quot;background_slideshow_transition_duration&quot;:500}\">\n\t\t\t\t\t\t<div class=\"elementor-container elementor-column-gap-wide\">\n\t\t\t\t\t\t\t<div class=\"elementor-row\">\n\t\t\t\t\t<div class=\"elementor-column elementor-col-100 elementor-top-column elementor-element elementor-element-09c7415\" data-id=\"09c7415\" data-element_type=\"column\">\n\t\t\t<div class=\"elementor-column-wrap\">\n\t\t\t\t\t\t\t<div class=\"elementor-widget-wrap\">\n\t\t\t\t\t\t\t\t<\/div>\n\t\t\t\t\t<\/div>\n\t\t<\/div>\n\t\t\t\t\t\t\t\t<\/div>\n\t\t\t\t\t<\/div>\n\t\t<\/section>\n\t\t\t\t<section class=\"elementor-section elementor-top-section elementor-element elementor-element-d80ec5c elementor-section-boxed elementor-section-height-default elementor-section-height-default\" data-id=\"d80ec5c\" data-element_type=\"section\">\n\t\t\t\t\t\t<div class=\"elementor-container elementor-column-gap-default\">\n\t\t\t\t\t\t\t<div class=\"elementor-row\">\n\t\t\t\t\t<div class=\"elementor-column elementor-col-100 elementor-top-column elementor-element elementor-element-22c53b9\" data-id=\"22c53b9\" data-element_type=\"column\">\n\t\t\t<div class=\"elementor-column-wrap elementor-element-populated\">\n\t\t\t\t\t\t\t<div class=\"elementor-widget-wrap\">\n\t\t\t\t\t\t<div class=\"elementor-element elementor-element-d4b055f elementor-widget elementor-widget-text-editor\" data-id=\"d4b055f\" data-element_type=\"widget\" data-widget_type=\"text-editor.default\">\n\t\t\t\t<div class=\"elementor-widget-container\">\n\t\t\t\t\t\t\t\t<div class=\"elementor-text-editor elementor-clearfix\">\n\t\t\t\t<h1 style=\"text-align: center; font-size: 30px; line-height: 36px; font-weight: 500;\"><span style=\"color: #009180;\"><span style=\"color: #f6c204;\">Energia Solar Rio de Janeiro<\/span><br \/><\/span><\/h1><p style=\"text-align: left;\">A energia solar no RJ est\u00e1 cada vez mais inserida dentro das resid\u00eancias e empresas. Com isso, podemos ver resid\u00eancias com m\u00f3dulos fotovoltaicos (placas fotovoltaicas) em seus telhados e em solo, e empresas construindo verdadeiras usinas fotovoltaicas em seu espa\u00e7o livre.<\/p><p style=\"text-align: left;\">Essa energia \u00e9 considerada a energia do futuro, pois \u00e9 infinita, renov\u00e1vel e sustent\u00e1vel.<\/p><p style=\"text-align: left;\">Diversas resid\u00eancias j\u00e1 est\u00e3o instalando essa energia devido aos seus benef\u00edcios e empresas como o Aquario, a BioExtratus e o Maracan\u00e3 j\u00e1 a utilizam.<\/p><p style=\"text-align: left;\">\u00c9 importante saber que a energia solar:<\/p><ul><li style=\"list-style-type: none;\"><ul><li style=\"text-align: left;\">N\u00e3o emite ru\u00eddos<\/li><li style=\"text-align: left;\">\u00c9 uma energia infinita<\/li><li style=\"text-align: left;\">Trabalha com o vi\u00e9s de sustentabilidade<\/li><li style=\"text-align: left;\">N\u00e3o \u00e9 obra, e sim, instala\u00e7\u00e3o.<\/li><li style=\"text-align: left;\">Sua instala\u00e7\u00e3o valoriza o im\u00f3vel<\/li><\/ul><\/li><\/ul><p style=\"text-align: left;\">A Grid Tie solar planeja e constr\u00f3i sua usina fotovoltaica de acordo com a necessidade de seu empreendimento ou im\u00f3vel.<\/p><p style=\"text-align: left;\">Envie-nos um <span style=\"color: #2a8479;\"><a style=\"color: #2a8479;\" title=\"SOLICITAR OR\u00c7AMENTO\" href=\"http:\/\/gridtiesolar.com.br\/energia-solar\/energia-solar-orcamento\/\"><b>or\u00e7amento<\/b><\/a><\/span> sem compromisso e saiba mais!<\/p><div class=\"wpb_text_column wpb_content_element vc_custom_1505151673078\"><div class=\"wpb_wrapper\"><h3><span style=\"color: #f6c204;\">Pre\u00e7o da Energia Solar no Rio de Janeiro<\/span><\/h3><\/div><\/div><div class=\"wpb_text_column wpb_content_element \"><div class=\"wpb_wrapper\"><p style=\"text-align: left;\">O pre\u00e7o da energia solar fotovoltaica varia de acordo com o tamanho do projeto. Estes que podem ser para empresas, ind\u00fastrias, condom\u00ednios e resid\u00eancias.<\/p><p style=\"text-align: left;\">A energia solar para empresas exige um alto investimento, geralmente financiado em 5 anos, que gera retorno imediato e ainda cumpre com as obriga\u00e7\u00f5es sociais. \u00c9 muito comum vermos em empresas a cria\u00e7\u00e3o de uma usina fotovoltaica, nome dado a um grande conjunto de placas fotovoltaicas. Podemos ver o uso de energia solar em empresas como a Google, Honda, Maracan\u00e3 e o AquaRio.<\/p><p style=\"text-align: left;\">A energia fotovoltaica industrial \u00e9 bem parecida com a empresarial, uma vez que o projeto demanda de uma grande quantidade de energia el\u00e9trica e, portanto, de uma gera\u00e7\u00e3o de energia fotovoltaica de mesma escala. Devido \u00e0 grandeza do projeto, \u00e9 muito comum o uso de usinas fotovoltaicas.<\/p><p style=\"text-align: left;\">No entanto, a energia solar residencial se difere das demais pois sua escala de energia \u00e9 menor. Nas resid\u00eancias, pequenos m\u00f3dulos fotovoltaicos s\u00e3o usados em telhados e solos. Por\u00e9m, tamb\u00e9m \u00e9 poss\u00edvel o uso de energia solar em condom\u00ednio, ou seja, diversas resid\u00eancias financiarem os pain\u00e9is fotovoltaicos e dividirem o uso.<\/p><p style=\"text-align: left;\">A Grid Tie Solar \u00e9 a \u00fanica empresa com projeto realizados e em opera\u00e7\u00e3o.<\/p><p style=\"text-align: left;\">No site da Grid Tie Solar \u00e9 poss\u00edvel realizar um\u00a0<span style=\"color: #26a898;\"><a style=\"color: #26a898;\" href=\"http:\/\/gridtiesolar.com.br\/energia-solar\/energia-solar-orcamento\/\"><strong>or\u00e7amento<\/strong><\/a><\/span>\u00a0gratuito e sem compromisso. Envie-nos e saiba mais sobre as dimens\u00f5es de seu projeto!<\/p><\/div><\/div>\t\t\t\t\t<\/div>\n\t\t\t\t\t\t<\/div>\n\t\t\t\t<\/div>\n\t\t\t\t<div class=\"elementor-element elementor-element-d1aaa1f elementor-widget elementor-widget-gallery\" data-id=\"d1aaa1f\" data-element_type=\"widget\" data-settings=\"{&quot;columns&quot;:3,&quot;gallery_layout&quot;:&quot;grid&quot;,&quot;columns_tablet&quot;:2,&quot;columns_mobile&quot;:1,&quot;gap&quot;:{&quot;unit&quot;:&quot;px&quot;,&quot;size&quot;:10,&quot;sizes&quot;:[]},&quot;gap_tablet&quot;:{&quot;unit&quot;:&quot;px&quot;,&quot;size&quot;:10,&quot;sizes&quot;:[]},&quot;gap_mobile&quot;:{&quot;unit&quot;:&quot;px&quot;,&quot;size&quot;:10,&quot;sizes&quot;:[]},&quot;aspect_ratio&quot;:&quot;3:2&quot;,&quot;overlay_background&quot;:&quot;yes&quot;,&quot;content_hover_animation&quot;:&quot;fade-in&quot;}\" data-widget_type=\"gallery.default\">\n\t\t\t\t<div class=\"elementor-widget-container\">\n\t\t\t\t\t<div class=\"elementor-gallery__container\">\n\t\t\t\t\t\t\t<div class=\"e-gallery-item elementor-gallery-item elementor-animated-content\">\n\t\t\t\t\t<div class=\"e-gallery-image elementor-gallery-item__image\" data-thumbnail=\"https:\/\/gridtiesolar.com.br\/energia-solar\/wp-content\/uploads\/2017\/07\/energiasolarrj.jpg\" data-width=\"861\" data-height=\"500\" alt=\"\" ><\/div>\n\t\t\t\t\t\t\t\t\t\t\t<div class=\"elementor-gallery-item__overlay\"><\/div>\n\t\t\t\t\t\t\t\t\t\t\t\t\t\t<\/div>\n\t\t\t\t\t\t\t<div class=\"e-gallery-item elementor-gallery-item elementor-animated-content\">\n\t\t\t\t\t<div class=\"e-gallery-image elementor-gallery-item__image\" data-thumbnail=\"https:\/\/gridtiesolar.com.br\/energia-solar\/wp-content\/uploads\/2017\/07\/energiasolar1.jpg\" data-width=\"500\" data-height=\"334\" alt=\"\" ><\/div>\n\t\t\t\t\t\t\t\t\t\t\t<div class=\"elementor-gallery-item__overlay\"><\/div>\n\t\t\t\t\t\t\t\t\t\t\t\t\t\t<\/div>\n\t\t\t\t\t\t\t<div class=\"e-gallery-item elementor-gallery-item elementor-animated-content\">\n\t\t\t\t\t<div class=\"e-gallery-image elementor-gallery-item__image\" data-thumbnail=\"https:\/\/gridtiesolar.com.br\/energia-solar\/wp-content\/uploads\/2017\/07\/energiasolarriodejaneiro.jpg\" data-width=\"800\" data-height=\"600\" alt=\"\" ><\/div>\n\t\t\t\t\t\t\t\t\t\t\t<div class=\"elementor-gallery-item__overlay\"><\/div>\n\t\t\t\t\t\t\t\t\t\t\t\t\t\t<\/div>\n\t\t\t\t\t<\/div>\n\t\t\t<\/div>\n\t\t\t\t<\/div>\n\t\t\t\t\t\t<\/div>\n\t\t\t\t\t<\/div>\n\t\t<\/div>\n\t\t\t\t\t\t\t\t<\/div>\n\t\t\t\t\t<\/div>\n\t\t<\/section>\n\t\t\t\t\t\t\t\t\t<\/div>\n\t\t\t<\/div>\n\t\t\t\t\t<\/div>\n\t\t","protected":false},"excerpt":{"rendered":"<p>Energia Solar Rio de Janeiro A energia solar no RJ est\u00e1 cada vez mais inserida dentro das resid\u00eancias e empresas. Com isso, podemos ver resid\u00eancias com m\u00f3dulos fotovoltaicos (placas fotovoltaicas) em seus telhados e em solo, e empresas construindo verdadeiras usinas fotovoltaicas em seu espa\u00e7o livre. Essa energia \u00e9 considerada a energia do futuro, pois [&hellip;]<\/p>\n","protected":false},"author":1,"featured_media":0,"parent":0,"menu_order":0,"comment_status":"closed","ping_status":"closed","template":"","meta":[],"_links":{"self":[{"href":"https:\/\/gridtiesolar.com.br\/energia-solar\/wp-json\/wp\/v2\/pages\/13670"}],"collection":[{"href":"https:\/\/gridtiesolar.com.br\/energia-solar\/wp-json\/wp\/v2\/pages"}],"about":[{"href":"https:\/\/gridtiesolar.com.br\/energia-solar\/wp-json\/wp\/v2\/types\/page"}],"author":[{"embeddable":true,"href":"https:\/\/gridtiesolar.com.br\/energia-solar\/wp-json\/wp\/v2\/users\/1"}],"replies":[{"embeddable":true,"href":"https:\/\/gridtiesolar.com.br\/energia-solar\/wp-json\/wp\/v2\/comments?post=13670"}],"version-history":[{"count":3,"href":"https:\/\/gridtiesolar.com.br\/energia-solar\/wp-json\/wp\/v2\/pages\/13670\/revisions"}],"predecessor-version":[{"id":16261,"href":"https:\/\/gridtiesolar.com.br\/energia-solar\/wp-json\/wp\/v2\/pages\/13670\/revisions\/16261"}],"wp:attachment":[{"href":"https:\/\/gridtiesolar.com.br\/energia-solar\/wp-json\/wp\/v2\/media?parent=13670"}],"curies":[{"name":"wp","href":"https:\/\/api.w.org\/{rel}","templated":true}]}}