{"id":13678,"date":"2021-01-17T21:01:14","date_gmt":"2021-01-18T00:01:14","guid":{"rendered":"https:\/\/novo.gridtiesolar.com.br\/?page_id=13678"},"modified":"2022-01-19T21:39:46","modified_gmt":"2022-01-20T00:39:46","slug":"energia-solar-fotovoltaica-2","status":"publish","type":"page","link":"https:\/\/gridtiesolar.com.br\/energia-solar\/energia-solar-fotovoltaica-2\/","title":{"rendered":"Energia Solar Fotovoltaica"},"content":{"rendered":"\t\t<div data-elementor-type=\"wp-page\" data-elementor-id=\"13678\" class=\"elementor elementor-13678\">\n\t\t\t\t\t\t<div class=\"elementor-inner\">\n\t\t\t\t<div class=\"elementor-section-wrap\">\n\t\t\t\t\t\t\t\t\t<section class=\"elementor-section elementor-top-section elementor-element elementor-element-939f452 elementor-section-full_width elementor-section-height-min-height elementor-section-content-middle elementor-section-stretched elementor-section-height-default elementor-section-items-middle\" data-id=\"939f452\" data-element_type=\"section\" data-settings=\"{&quot;stretch_section&quot;:&quot;section-stretched&quot;,&quot;background_background&quot;:&quot;slideshow&quot;,&quot;background_slideshow_gallery&quot;:[{&quot;id&quot;:14019,&quot;url&quot;:&quot;https:\\\/\\\/gridtiesolar.com.br\\\/energia-solar\\\/wp-content\\\/uploads\\\/2021\\\/06\\\/energia-solar-1.jpg&quot;}],&quot;background_slideshow_loop&quot;:&quot;yes&quot;,&quot;background_slideshow_slide_duration&quot;:5000,&quot;background_slideshow_slide_transition&quot;:&quot;fade&quot;,&quot;background_slideshow_transition_duration&quot;:500}\">\n\t\t\t\t\t\t<div class=\"elementor-container elementor-column-gap-wide\">\n\t\t\t\t\t\t\t<div class=\"elementor-row\">\n\t\t\t\t\t<div class=\"elementor-column elementor-col-100 elementor-top-column elementor-element elementor-element-09c7415\" data-id=\"09c7415\" data-element_type=\"column\">\n\t\t\t<div class=\"elementor-column-wrap\">\n\t\t\t\t\t\t\t<div class=\"elementor-widget-wrap\">\n\t\t\t\t\t\t\t\t<\/div>\n\t\t\t\t\t<\/div>\n\t\t<\/div>\n\t\t\t\t\t\t\t\t<\/div>\n\t\t\t\t\t<\/div>\n\t\t<\/section>\n\t\t\t\t<section class=\"elementor-section elementor-top-section elementor-element elementor-element-d80ec5c elementor-section-boxed elementor-section-height-default elementor-section-height-default\" data-id=\"d80ec5c\" data-element_type=\"section\">\n\t\t\t\t\t\t<div class=\"elementor-container elementor-column-gap-default\">\n\t\t\t\t\t\t\t<div class=\"elementor-row\">\n\t\t\t\t\t<div class=\"elementor-column elementor-col-100 elementor-top-column elementor-element elementor-element-22c53b9\" data-id=\"22c53b9\" data-element_type=\"column\">\n\t\t\t<div class=\"elementor-column-wrap elementor-element-populated\">\n\t\t\t\t\t\t\t<div class=\"elementor-widget-wrap\">\n\t\t\t\t\t\t<div class=\"elementor-element elementor-element-d4b055f elementor-widget elementor-widget-text-editor\" data-id=\"d4b055f\" data-element_type=\"widget\" data-widget_type=\"text-editor.default\">\n\t\t\t\t<div class=\"elementor-widget-container\">\n\t\t\t\t\t\t\t\t<div class=\"elementor-text-editor elementor-clearfix\">\n\t\t\t\t<h1 style=\"text-align: center; font-size: 30px; line-height: 36px; font-weight: 500;\"><span style=\"color: #f6c204;\">Energia Solar Fotovoltaica<\/span><\/h1><p style=\"text-align: left;\">Esse tipo de energia prov\u00e9m da convers\u00e3o da luz solar em eletricidade, este fen\u00f4meno \u00e9 chamado de Efeito Fotovoltaico. Neste processo, a c\u00e9lula fotovoltaica \u00e9 a unidade fundamental do processo de convers\u00e3o por ser um dispositivo fabricado de material semicondutor.<\/p><p style=\"text-align: left;\">Essas c\u00e9lulas e m\u00f3dulos (placas) fotovoltaicos s\u00e3o feitos a partir de diferentes tecnologias que podem ser divididas em tr\u00eas gera\u00e7\u00f5es.<\/p><p style=\"text-align: left;\">No entanto, a primeira gera\u00e7\u00e3o \u00e9 a \u00fanica que vale a pena ser dita, pois tem 85% de representatividade no mercado por ser confi\u00e1vel, consolidada e ser a melhor efici\u00eancia comercialmente dispon\u00edvel.<\/p><p style=\"text-align: left;\">A segunda gera\u00e7\u00e3o apresenta problemas devido \u00e0 dificuldade de disponibilidade de materiais, alguns serem t\u00f3xicos ou terem vida \u00fatil menor.<\/p><p style=\"text-align: left;\">A terceira gera\u00e7\u00e3o, embora seja altamente eficiente, possui um custo muito elevado, n\u00e3o sendo comercializado devido \u00e0 falta de vantagem competitiva em rela\u00e7\u00e3o as demais tecnologias.<\/p><p style=\"text-align: left;\">A Grid Tie Solar trabalha com as melhores tecnologias, produtos e servi\u00e7o. Envie-nos um<span style=\"color: #2a8479;\"> <a style=\"color: #2a8479;\" title=\"SOLICITAR OR\u00c7AMENTO\" href=\"http:\/\/gridtiesolar.com.br\/energia-solar\/energia-solar-orcamento\/\"><b>or\u00e7amento<\/b><\/a><\/span> sem compromisso e saiba mais.<\/p><div class=\"wpb_text_column wpb_content_element vc_custom_1505151003645\"><div class=\"wpb_wrapper\"><h3><span style=\"color: #f6c204;\">Energia Solar Fotovoltaica Industrial<\/span><\/h3><\/div><\/div><div class=\"wpb_text_column wpb_content_element \"><div class=\"wpb_wrapper\"><p style=\"text-align: left;\">Com o crescente aumento da conta da energia el\u00e9trica, n\u00edveis acima da infla\u00e7\u00e3o, o mercado come\u00e7a a enxergar na energia solar fotovoltaica uma oportunidade de investimento com retorno a longo prazo e como uma forma de atender as leis e obriga\u00e7\u00f5es sociais.<br \/>Pois, embora o investimento inicial seja elevado, o retorno na conta de luz \u00e9 imediato e, dentro de 10 anos, acontece o Payback.<\/p><p style=\"text-align: left;\">Ind\u00fastrias como a BioExtratus Cosm\u00e9ticos Naturais, no interior de Minas Gerais, j\u00e1 produzem 100%de sua energia a partir de mais de 2000 pain\u00e9is fotovoltaicos, ao longo da empresa.<\/p><p style=\"text-align: left;\">A Grid Tie solar planeja e constr\u00f3i sua usina fotovoltaica de acordo com a necessidade de seu empreendimento. Sua usina fotovoltaica remota poder\u00e1 atender sua demanda de energia de uma ou mais ind\u00fastrias.<\/p><p style=\"text-align: left;\">Para saber mais sobre o projeto de energia solar da BioExtratus acesse a mat\u00e9ria do link abaixo:<\/p><p style=\"text-align: left;\"><blockquote class=\"wp-embedded-content\" data-secret=\"AwkDOtaqbc\"><a href=\"https:\/\/bioextratus.com.br\/bio-extratus-torna-se-empresa-auto-sustentavel-em-geracao-de-energia-eletrica\/\">Bio Extratus torna-se empresa auto sustent\u00e1vel em gera\u00e7\u00e3o de energia el\u00e9trica<\/a><\/blockquote><iframe class=\"wp-embedded-content\" sandbox=\"allow-scripts\" security=\"restricted\" style=\"position: absolute; clip: rect(1px, 1px, 1px, 1px);\" title=\"&#8220;Bio Extratus torna-se empresa auto sustent\u00e1vel em gera\u00e7\u00e3o de energia el\u00e9trica&#8221; &#8212; Bio Extratus\" src=\"https:\/\/bioextratus.com.br\/bio-extratus-torna-se-empresa-auto-sustentavel-em-geracao-de-energia-eletrica\/embed\/#?secret=AwkDOtaqbc\" data-secret=\"AwkDOtaqbc\" width=\"600\" height=\"338\" frameborder=\"0\" marginwidth=\"0\" marginheight=\"0\" scrolling=\"no\"><\/iframe><\/p><\/div><\/div><div class=\"wpb_text_column wpb_content_element vc_custom_1505151075589\"><div class=\"wpb_wrapper\"><h3><span style=\"color: #f6c204;\">Energia Solar Fotovoltaica\u00a0Residencial<\/span><\/h3><\/div><\/div><div class=\"wpb_text_column wpb_content_element \"><div class=\"wpb_wrapper\"><p style=\"text-align: left;\">A partir do uso de placas fotovoltaicas, \u00e9 poss\u00edvel gerar energia el\u00e9trica solar para resid\u00eancias. Esse tipo de tecnologia demanda um certo investimento inicial, que ser\u00e1 pago em poucos anos.<\/p><p style=\"text-align: left;\">No entanto, h\u00e1 uma economia imediata na conta de eletricidade, principalmente com o aumento do pre\u00e7o energia el\u00e9trica, que tem sido acima da infla\u00e7\u00e3o. H\u00e1 tamb\u00e9m uma valoriza\u00e7\u00e3o no im\u00f3vel ap\u00f3s a instala\u00e7\u00e3o da energia solar.<\/p><p style=\"text-align: left;\">Al\u00e9m desses fatores, a energia el\u00e9trica solar tamb\u00e9m gera benef\u00edcios ambientais devido a suas fontes renov\u00e1veis de energia, como a sustentabilidade, qualidade de vida e baix\u00edssima emiss\u00e3o de gases t\u00f3xicos.<\/p><p style=\"text-align: left;\">\u00c9 importante dizermos que a energia solar n\u00e3o emite sons ou ru\u00eddos e sua instala\u00e7\u00e3o n\u00e3o \u00e9 considerada uma obra.<\/p><\/div><\/div><div class=\"wpb_text_column wpb_content_element vc_custom_1505151129605\"><div class=\"wpb_wrapper\"><h3><span style=\"color: #f6c204;\">Energia Solar Fotovoltaica\u00a0Residencial Pre\u00e7o<\/span><\/h3><\/div><\/div><div class=\"wpb_text_column wpb_content_element \"><div class=\"wpb_wrapper\"><p>O pre\u00e7o da energia solar fotovoltaica residencial \u00e9 calculado por meio da proje\u00e7\u00e3o baseada no hist\u00f3rico das contas de eletricidade do cliente, ou seja, calcula-se em m\u00e9dia o quanto o usu\u00e1rio consome de eletricidade ao ano, e assim, projeta-se quantos pain\u00e9is fotovoltaicos s\u00e3o necess\u00e1rios, suas dimens\u00f5es e modelos.<\/p><p>Dependendo do n\u00edvel de servi\u00e7o oferecido pela empresa, nesses valores tamb\u00e9m podem estar inseridos a instala\u00e7\u00e3o, homologa\u00e7\u00e3o, visita t\u00e9cnica e outros servi\u00e7os<\/p><p>Grid Tie solar planeja e constr\u00f3i suas usinas fotovoltaicas de acordo com a necessidade de seu im\u00f3vel. Nossos servi\u00e7os v\u00e3o desde a elabora\u00e7\u00e3o do projeto at\u00e9 o comissionamento das placas solares. Envie-nos um\u00a0<span style=\"color: #26a898;\"><a style=\"color: #26a898;\" href=\"http:\/\/gridtiesolar.com.br\/energia-solar\/energia-solar-orcamento\/\"><strong>or\u00e7amento<\/strong><\/a><\/span>\u00a0e saiba mais!<\/p><\/div><\/div><div class=\"wpb_text_column wpb_content_element vc_custom_1505151201548\"><div class=\"wpb_wrapper\"><h3><span style=\"color: #f6c204;\">Energia Solar Fotovoltaica\u00a0Or\u00e7amento<\/span><\/h3><\/div><\/div><div class=\"wpb_text_column wpb_content_element \"><div class=\"wpb_wrapper\"><p style=\"text-align: left;\">O or\u00e7amento da energia solarbaseia-se no tamanho do projeto, que \u00e9 elaborado de acordo com a demanda de energia. O projeto pode ser para resid\u00eancia, condom\u00ednio, empresas ou ind\u00fastrias.<\/p><p style=\"text-align: left;\">No or\u00e7amento podem constar os valores do kit, homologa\u00e7\u00e3o, da instala\u00e7\u00e3o de energia solar e outros pontos. No entanto, os or\u00e7amentos podem ser diferentes, porque as empresas n\u00e3o trabalham com os mesmos servi\u00e7os.<\/p><p style=\"text-align: left;\">A Grid Tie solar planeja e constr\u00f3i sua usina solar de acordo com a necessidade de seu empreendimento ou im\u00f3vel. Sua usina solar remota poder\u00e1 atender sua demanda de energia de uma loja apenas ou uma rede de lojas, se assim desejar.<\/p><\/div><\/div><div class=\"wpb_text_column wpb_content_element vc_custom_1505151266621\"><div class=\"wpb_wrapper\"><h3><span style=\"color: #f6c204;\">Energia Solar Fotovoltaica\u00a0no Rio de Janeiro<\/span><\/h3><\/div><\/div><div class=\"wpb_text_column wpb_content_element \"><div class=\"wpb_wrapper\"><p style=\"text-align: left;\">A energia solar no Rio de Janeiro \u00e9 pouco aproveitada, pois o Brasil ainda n\u00e3o foca em energia limpa. Por isso, empresas que trabalham com energia solar no Rio de Janeiro se esfor\u00e7am cada dia mais para transmitir aos clientes e ao povo as vantagens da energia solar fotovoltaica.<\/p><p style=\"text-align: left;\">Al\u00e9m das resid\u00eancias do Rio de Janeiro, algumas empresas como a BioExtratus, o AquaRio e o Maracan\u00e3 j\u00e1 enxergam esse potencial e investem em energia solar fotovoltaica.<\/p><p style=\"text-align: left;\">Grid Tie solar planeja e constr\u00f3i sua usina fotovoltaica de acordo com a necessidade de seu empreendimento ou im\u00f3vel. Sua usina solar remota poder\u00e1 atender sua demanda de energia de apenas uma loja ou uma rede de lojas, se assim desejar.<\/p><\/div><\/div><div class=\"wpb_text_column wpb_content_element vc_custom_1505151326820\"><div class=\"wpb_wrapper\"><h3><span style=\"color: #f6c204;\">Energia Solar Fotovoltaica\u00a0Pre\u00e7o<\/span><\/h3><\/div><\/div><div class=\"wpb_text_column wpb_content_element \"><div class=\"wpb_wrapper\"><p style=\"text-align: left;\">O pre\u00e7o de um painel solar fotovoltaico varia de acordo com o modelo, pot\u00eancia, inversores e produ\u00e7\u00e3o.<\/p><p style=\"text-align: left;\">Primeiramente, deve-se entender a demanda de energia com uma certa periodicidade e, portanto, o cliente deve fornecer, pelo menos, a m\u00e9dia de seu consumo mensal para determinar-se a pot\u00eancia, inversores e a produ\u00e7\u00e3o de energia. Em seguida, h\u00e1 uma visita t\u00e9cnica que determinar\u00e1 o tamanho do modelo.<\/p><p style=\"text-align: left;\">Embora o maior determinador do pre\u00e7o seja a pot\u00eancia e o modelo, deve-se contar com vari\u00e1veis como a disponibilidade de espa\u00e7o para a instala\u00e7\u00e3o.<\/p><p style=\"text-align: left;\">Grid Tie solar planeja e constr\u00f3i sua usina solar de acordo com a necessidade de seu im\u00f3vel. No site \u00e9 poss\u00edvel realizar um <span style=\"color: #26a898;\"><a style=\"color: #26a898;\" title=\"SOLICITAR OR\u00c7AMENTO\" href=\"http:\/\/gridtiesolar.com.br\/energia-solar\/energia-solar-orcamento\/\">or\u00e7amento gratuito<\/a><\/span>.<\/p><\/div><\/div>\t\t\t\t\t<\/div>\n\t\t\t\t\t\t<\/div>\n\t\t\t\t<\/div>\n\t\t\t\t<div class=\"elementor-element elementor-element-d1aaa1f elementor-widget elementor-widget-gallery\" data-id=\"d1aaa1f\" data-element_type=\"widget\" data-settings=\"{&quot;columns&quot;:3,&quot;gallery_layout&quot;:&quot;grid&quot;,&quot;columns_tablet&quot;:2,&quot;columns_mobile&quot;:1,&quot;gap&quot;:{&quot;unit&quot;:&quot;px&quot;,&quot;size&quot;:10,&quot;sizes&quot;:[]},&quot;gap_tablet&quot;:{&quot;unit&quot;:&quot;px&quot;,&quot;size&quot;:10,&quot;sizes&quot;:[]},&quot;gap_mobile&quot;:{&quot;unit&quot;:&quot;px&quot;,&quot;size&quot;:10,&quot;sizes&quot;:[]},&quot;aspect_ratio&quot;:&quot;3:2&quot;,&quot;overlay_background&quot;:&quot;yes&quot;,&quot;content_hover_animation&quot;:&quot;fade-in&quot;}\" data-widget_type=\"gallery.default\">\n\t\t\t\t<div class=\"elementor-widget-container\">\n\t\t\t\t\t<div class=\"elementor-gallery__container\">\n\t\t\t\t\t\t\t<div class=\"e-gallery-item elementor-gallery-item elementor-animated-content\">\n\t\t\t\t\t<div class=\"e-gallery-image elementor-gallery-item__image\" data-thumbnail=\"https:\/\/gridtiesolar.com.br\/energia-solar\/wp-content\/uploads\/2017\/07\/energiasolarfotovoltaica.jpg\" data-width=\"700\" data-height=\"410\" alt=\"\" ><\/div>\n\t\t\t\t\t\t\t\t\t\t\t<div class=\"elementor-gallery-item__overlay\"><\/div>\n\t\t\t\t\t\t\t\t\t\t\t\t\t\t<\/div>\n\t\t\t\t\t\t\t<div class=\"e-gallery-item elementor-gallery-item elementor-animated-content\">\n\t\t\t\t\t<div class=\"e-gallery-image elementor-gallery-item__image\" data-thumbnail=\"https:\/\/gridtiesolar.com.br\/energia-solar\/wp-content\/uploads\/2017\/07\/energiafotovoltaicagrande.jpg\" data-width=\"1650\" data-height=\"748\" alt=\"\" ><\/div>\n\t\t\t\t\t\t\t\t\t\t\t<div class=\"elementor-gallery-item__overlay\"><\/div>\n\t\t\t\t\t\t\t\t\t\t\t\t\t\t<\/div>\n\t\t\t\t\t\t\t<div class=\"e-gallery-item elementor-gallery-item elementor-animated-content\">\n\t\t\t\t\t<div class=\"e-gallery-image elementor-gallery-item__image\" data-thumbnail=\"https:\/\/gridtiesolar.com.br\/energia-solar\/wp-content\/uploads\/2017\/07\/energiasolarfotovoltaicapainel.jpg\" data-width=\"1024\" data-height=\"680\" alt=\"\" ><\/div>\n\t\t\t\t\t\t\t\t\t\t\t<div class=\"elementor-gallery-item__overlay\"><\/div>\n\t\t\t\t\t\t\t\t\t\t\t\t\t\t<\/div>\n\t\t\t\t\t\t\t<div class=\"e-gallery-item elementor-gallery-item elementor-animated-content\">\n\t\t\t\t\t<div class=\"e-gallery-image elementor-gallery-item__image\" data-thumbnail=\"https:\/\/gridtiesolar.com.br\/energia-solar\/wp-content\/uploads\/2017\/07\/energiafotovoltaicaindustria.jpg\" data-width=\"576\" data-height=\"720\" alt=\"\" ><\/div>\n\t\t\t\t\t\t\t\t\t\t\t<div class=\"elementor-gallery-item__overlay\"><\/div>\n\t\t\t\t\t\t\t\t\t\t\t\t\t\t<\/div>\n\t\t\t\t\t\t\t<div class=\"e-gallery-item elementor-gallery-item elementor-animated-content\">\n\t\t\t\t\t<div class=\"e-gallery-image elementor-gallery-item__image\" data-thumbnail=\"https:\/\/gridtiesolar.com.br\/energia-solar\/wp-content\/uploads\/2017\/07\/energiasolarempresa.jpg\" data-width=\"940\" data-height=\"578\" alt=\"\" ><\/div>\n\t\t\t\t\t\t\t\t\t\t\t<div class=\"elementor-gallery-item__overlay\"><\/div>\n\t\t\t\t\t\t\t\t\t\t\t\t\t\t<\/div>\n\t\t\t\t\t\t\t<div class=\"e-gallery-item elementor-gallery-item elementor-animated-content\">\n\t\t\t\t\t<div class=\"e-gallery-image elementor-gallery-item__image\" data-thumbnail=\"https:\/\/gridtiesolar.com.br\/energia-solar\/wp-content\/uploads\/2017\/07\/energiasolarcampo.jpg\" data-width=\"736\" data-height=\"552\" alt=\"\" ><\/div>\n\t\t\t\t\t\t\t\t\t\t\t<div class=\"elementor-gallery-item__overlay\"><\/div>\n\t\t\t\t\t\t\t\t\t\t\t\t\t\t<\/div>\n\t\t\t\t\t<\/div>\n\t\t\t<\/div>\n\t\t\t\t<\/div>\n\t\t\t\t\t\t<\/div>\n\t\t\t\t\t<\/div>\n\t\t<\/div>\n\t\t\t\t\t\t\t\t<\/div>\n\t\t\t\t\t<\/div>\n\t\t<\/section>\n\t\t\t\t\t\t\t\t\t<\/div>\n\t\t\t<\/div>\n\t\t\t\t\t<\/div>\n\t\t","protected":false},"excerpt":{"rendered":"<p>Energia Solar Fotovoltaica Esse tipo de energia prov\u00e9m da convers\u00e3o da luz solar em eletricidade, este fen\u00f4meno \u00e9 chamado de Efeito Fotovoltaico. Neste processo, a c\u00e9lula fotovoltaica \u00e9 a unidade fundamental do processo de convers\u00e3o por ser um dispositivo fabricado de material semicondutor. Essas c\u00e9lulas e m\u00f3dulos (placas) fotovoltaicos s\u00e3o feitos a partir de diferentes [&hellip;]<\/p>\n","protected":false},"author":1,"featured_media":0,"parent":0,"menu_order":0,"comment_status":"closed","ping_status":"closed","template":"","meta":[],"_links":{"self":[{"href":"https:\/\/gridtiesolar.com.br\/energia-solar\/wp-json\/wp\/v2\/pages\/13678"}],"collection":[{"href":"https:\/\/gridtiesolar.com.br\/energia-solar\/wp-json\/wp\/v2\/pages"}],"about":[{"href":"https:\/\/gridtiesolar.com.br\/energia-solar\/wp-json\/wp\/v2\/types\/page"}],"author":[{"embeddable":true,"href":"https:\/\/gridtiesolar.com.br\/energia-solar\/wp-json\/wp\/v2\/users\/1"}],"replies":[{"embeddable":true,"href":"https:\/\/gridtiesolar.com.br\/energia-solar\/wp-json\/wp\/v2\/comments?post=13678"}],"version-history":[{"count":3,"href":"https:\/\/gridtiesolar.com.br\/energia-solar\/wp-json\/wp\/v2\/pages\/13678\/revisions"}],"predecessor-version":[{"id":16258,"href":"https:\/\/gridtiesolar.com.br\/energia-solar\/wp-json\/wp\/v2\/pages\/13678\/revisions\/16258"}],"wp:attachment":[{"href":"https:\/\/gridtiesolar.com.br\/energia-solar\/wp-json\/wp\/v2\/media?parent=13678"}],"curies":[{"name":"wp","href":"https:\/\/api.w.org\/{rel}","templated":true}]}}