{"id":13748,"date":"2021-01-17T21:34:57","date_gmt":"2021-01-18T00:34:57","guid":{"rendered":"https:\/\/novo.gridtiesolar.com.br\/?page_id=13748"},"modified":"2022-01-19T21:28:21","modified_gmt":"2022-01-20T00:28:21","slug":"energia-fotovoltaica","status":"publish","type":"page","link":"https:\/\/gridtiesolar.com.br\/energia-solar\/energia-fotovoltaica\/","title":{"rendered":"Energia Fotovoltaica"},"content":{"rendered":"\t\t<div data-elementor-type=\"wp-page\" data-elementor-id=\"13748\" class=\"elementor elementor-13748\">\n\t\t\t\t\t\t<div class=\"elementor-inner\">\n\t\t\t\t<div class=\"elementor-section-wrap\">\n\t\t\t\t\t\t\t\t\t<section class=\"elementor-section elementor-top-section elementor-element elementor-element-939f452 elementor-section-full_width elementor-section-height-min-height elementor-section-content-middle elementor-section-stretched elementor-section-height-default elementor-section-items-middle\" data-id=\"939f452\" data-element_type=\"section\" data-settings=\"{&quot;stretch_section&quot;:&quot;section-stretched&quot;,&quot;background_background&quot;:&quot;slideshow&quot;,&quot;background_slideshow_gallery&quot;:[{&quot;id&quot;:14019,&quot;url&quot;:&quot;https:\\\/\\\/gridtiesolar.com.br\\\/energia-solar\\\/wp-content\\\/uploads\\\/2021\\\/06\\\/energia-solar-1.jpg&quot;}],&quot;background_slideshow_loop&quot;:&quot;yes&quot;,&quot;background_slideshow_slide_duration&quot;:5000,&quot;background_slideshow_slide_transition&quot;:&quot;fade&quot;,&quot;background_slideshow_transition_duration&quot;:500}\">\n\t\t\t\t\t\t<div class=\"elementor-container elementor-column-gap-wide\">\n\t\t\t\t\t\t\t<div class=\"elementor-row\">\n\t\t\t\t\t<div class=\"elementor-column elementor-col-100 elementor-top-column elementor-element elementor-element-09c7415\" data-id=\"09c7415\" data-element_type=\"column\">\n\t\t\t<div class=\"elementor-column-wrap\">\n\t\t\t\t\t\t\t<div class=\"elementor-widget-wrap\">\n\t\t\t\t\t\t\t\t<\/div>\n\t\t\t\t\t<\/div>\n\t\t<\/div>\n\t\t\t\t\t\t\t\t<\/div>\n\t\t\t\t\t<\/div>\n\t\t<\/section>\n\t\t\t\t<section class=\"elementor-section elementor-top-section elementor-element elementor-element-d80ec5c elementor-section-boxed elementor-section-height-default elementor-section-height-default\" data-id=\"d80ec5c\" data-element_type=\"section\">\n\t\t\t\t\t\t<div class=\"elementor-container elementor-column-gap-default\">\n\t\t\t\t\t\t\t<div class=\"elementor-row\">\n\t\t\t\t\t<div class=\"elementor-column elementor-col-100 elementor-top-column elementor-element elementor-element-22c53b9\" data-id=\"22c53b9\" data-element_type=\"column\">\n\t\t\t<div class=\"elementor-column-wrap elementor-element-populated\">\n\t\t\t\t\t\t\t<div class=\"elementor-widget-wrap\">\n\t\t\t\t\t\t<div class=\"elementor-element elementor-element-d4b055f elementor-widget elementor-widget-text-editor\" data-id=\"d4b055f\" data-element_type=\"widget\" data-widget_type=\"text-editor.default\">\n\t\t\t\t<div class=\"elementor-widget-container\">\n\t\t\t\t\t\t\t\t<div class=\"elementor-text-editor elementor-clearfix\">\n\t\t\t\t<h1 style=\"text-align: center; font-size: 30px; line-height: 36px; font-weight: 500;\"><span style=\"color: #f6c204;\">Energia Fotovoltaica<\/span><\/h1><p style=\"text-align: left;\"><img decoding=\"async\" class=\"alignright wp-image-10593 size-medium\" src=\"https:\/\/gridtiesolar.com.br\/energia-solar\/wp-content\/uploads\/2017\/07\/energiafotovoltaica-300x200.jpg\" sizes=\"(max-width: 300px) 100vw, 300px\" srcset=\"https:\/\/gridtiesolar.com.br\/energia-solar\/wp-content\/uploads\/2017\/07\/energiafotovoltaica-300x200.jpg 300w, https:\/\/gridtiesolar.com.br\/energia-solar\/wp-content\/uploads\/2017\/07\/energiafotovoltaica-1024x683.jpg 1024w, https:\/\/gridtiesolar.com.br\/energia-solar\/wp-content\/uploads\/2017\/07\/energiafotovoltaica-480x320.jpg 480w, https:\/\/gridtiesolar.com.br\/energia-solar\/wp-content\/uploads\/2017\/07\/energiafotovoltaica.jpg 1254w\" alt=\"energiafotovoltaica\" width=\"300\" height=\"200\" \/>A energia el\u00e9trica \u00e9 gerada a partir da convers\u00e3o da luz solar, com o uso de pain\u00e9is fotovoltaicos. As c\u00e9lulas desses m\u00f3dulos t\u00eam como mat\u00e9ria prima o Quartzo ou Quatzita. Junto com as c\u00e9lulas, h\u00e1 os lingotes de s\u00edlicio que, juntos, formam as placas.<\/p><p style=\"text-align: left;\">A corrente el\u00e9trica fornecida pelo m\u00f3dulo depende da \u00e1rea da c\u00e9lula e da intensidade da irradia\u00e7\u00e3o solar. A convers\u00e3o de energia da luz em eletricidade se d\u00e1 de forma direta atrav\u00e9s de um dispositivo semicondutor.<\/p><p style=\"text-align: left;\">A energia fotovoltaica pode ser gerada para condom\u00ednios, resid\u00eancias, ind\u00fastrias e empresas.<\/p><p style=\"text-align: left;\">A Grid Tie Solar planeja e constr\u00f3i sua usina fotovoltaica de acordo com a necessidade de seu empreendimento ou resid\u00eancia. Envie-nos um <a title=\"SOLICITAR OR\u00c7AMENTO\" href=\"http:\/\/gridtiesolar.com.br\/energia-solar\/energia-solar-orcamento\/\"><span style=\"color: #2a8479;\"><b>or\u00e7amento<\/b><\/span><\/a> sem compromisso.<\/p><div class=\"wpb_text_column wpb_content_element vc_custom_1505149890186\"><div class=\"wpb_wrapper\"><h3><span style=\"color: #f6c204;\">Energia Fotovoltaica no Brasil<\/span><\/h3><\/div><\/div><div class=\"wpb_text_column wpb_content_element \"><div class=\"wpb_wrapper\"><p style=\"text-align: left;\">O territ\u00f3rio brasileiro recebe a maior incid\u00eancia de Sol no mundo, demonstrando o potencial da energia fotovoltaica no pa\u00eds.<\/p><p style=\"text-align: left;\">No in\u00edcio do s\u00e9culo XXI, com o avan\u00e7o industrial na fabrica\u00e7\u00e3o de c\u00e9lulas e m\u00f3dulos fotovoltaicos, verificado principalmente na China, e aumento do n\u00famero de instala\u00e7\u00f5es de sistemas fotovoltaicos interligados \u00e0 rede el\u00e9trica, o Brasil n\u00e3o conseguiu acompanhar a evolu\u00e7\u00e3o que estava ocorrendo no mundo. Em 2001, entretanto, uma iniciativa do Governo Federal, caracterizada pela cria\u00e7\u00e3o do Fundo Setorial de Energia(CT-ENERG), resultou em um crescimento de atividades de P&amp;D em energia solar fotovoltaica e na forma\u00e7\u00e3o de grupos de pesquisa e programa de p\u00f3s-gradua\u00e7\u00e3o.<\/p><p style=\"text-align: left;\">Ent\u00e3o, h\u00e1 de se perceber que o Brasil caminha em dire\u00e7\u00e3o ao uso de energia limpa, a energia do futuro.<\/p><p style=\"text-align: left;\">O Brasil deve integrar o ranking dos 20 maiores produtores de energia solar em 2018. A expans\u00e3o do uso do recurso no pa\u00eds, bem como a pot\u00eancia de 2,6 GW de gera\u00e7\u00e3o centralizada, j\u00e1 contratada, v\u00e3o colaborar para que a meta seja alcan\u00e7ada.<\/p><p style=\"text-align: left;\">A informa\u00e7\u00e3o est\u00e1 no boletim \u201cEnergia Solar no Brasil e no Mundo \u2013 Ano de Refer\u00eancia \u2013 2015\u201d, publicado pelo Minist\u00e9rio de Minas e Energia (MME). A publica\u00e7\u00e3o aponta que, em 2014, foram contratados 31 projetos em leil\u00f5es (890 MW) e, em 2015, 63 projetos (1.763 MW). Ambos totalizaram 2.653 MW de capacidade instalada.<\/p><p style=\"text-align: left;\">A seguir, est\u00e1 o link de uma mat\u00e9ria divulgada pela \u00c9poca, da Globo. Nela, podemos identificar como o mercado de baixo carbono e, portanto, a energia solar \u00e9 competitiva para o mercado brasileiro.<\/p><p style=\"text-align: left;\">Link: http:\/\/epoca.globo.com\/ciencia-e-meio-ambiente\/blog-do-planeta\/noticia\/2017\/07\/investir-no-meio-ambiente-e-uma-oportunidade-competitiva-para-o-brasil.html<\/p><\/div><\/div><div class=\"wpb_text_column wpb_content_element vc_custom_1505149962962\"><div class=\"wpb_wrapper\"><h3><span style=\"color: #f6c204;\">Energia Fotovoltaica no\u00a0Custo<\/span><\/h3><\/div><\/div><div class=\"wpb_text_column wpb_content_element \"><div class=\"wpb_wrapper\"><p style=\"text-align: left;\">A energia fotovoltaica \u00e9 obtida atrav\u00e9s da convers\u00e3o de luz em eletricidade. Esta energia vem se aprimorando de forma exponencial devido aos altos investimentos, barateando seus equipamentos e tornando-se mais eficaz.<\/p><p style=\"text-align: left;\">No entanto, para saber o custo dessa energia solar, precisa-se calcular o projeto ideal para o abastecimento do empreendimento ou im\u00f3vel.<\/p><p style=\"text-align: left;\">Na maioria dos casos, o investimento inicial \u00e9 pago dentro de 5 a 7 anos, j\u00e1 que as contas de energia el\u00e9trica sofrem uma queda de valor<\/p><\/div><\/div><div class=\"wpb_text_column wpb_content_element vc_custom_1505150010530\"><div class=\"wpb_wrapper\"><h3><span style=\"color: #f6c204;\">Energia Fotovoltaica no\u00a0Vantagens<\/span><\/h3><\/div><\/div><div class=\"wpb_text_column wpb_content_element \"><div class=\"wpb_wrapper\"><p style=\"text-align: left;\">A energia fotovoltaica, assim como as outras fontes renov\u00e1veis, possui muitas vantagens.<\/p><p style=\"text-align: left;\">Estas vantagens podem ser de cunho ambiental, uma vez que \u00e9 uma fonte limpa de obten\u00e7\u00e3o de energia, promovendo o bem-estar e a sustentabilidade do planeta. Ou de cunho financeiro, quando o retorno sobre o investimento inicial tem in\u00edcio dentro de 5 a 7 anos depois, e que ir\u00e1 existir durante toda vida \u00fatil da placa fotovoltaica (21 anos). E, ao instalar a energia fotovoltaica em seu im\u00f3vel, este ir\u00e1 valorizar imediatamente. Pois, esta energia \u00e9 infinita.<\/p><\/div><\/div><div class=\"wpb_text_column wpb_content_element vc_custom_1505150083642\"><div class=\"wpb_wrapper\"><h3><span style=\"color: #f6c204;\">Energia Fotovoltaica\u00a0para Resid\u00eancias<\/span><\/h3><\/div><\/div><div class=\"wpb_text_column wpb_content_element \"><div class=\"wpb_wrapper\"><p>A energia fotovoltaica \u00e9 uma energia limpa, que transforma luz solar em eletricidade a partir de um dispositivo composto de material semicondutorque se encontra na c\u00e9lula fotovoltaica, sendo a unidade fundamental desse processo de convers\u00e3o.<\/p><p>O perfil do p\u00fablico da energia fotovoltaica s\u00e3o homens e mulheres que enxergam a oportunidade do investimento, pois ao mesmo tempo que \u00e9 uma energia sustent\u00e1vel para o planeta, tamb\u00e9m tem como benef\u00edcio a queda do valor do custo de\u00a0eletricidade.<\/p><p>Al\u00e9m disso, a energia fotovoltaica pode gerar empregos com a instala\u00e7\u00e3o, manuten\u00e7\u00e3o, venda de m\u00f3dulos ou de energia.<\/p><p>Ao contr\u00e1rio do que muitos pensam, essa energia n\u00e3o emite ru\u00eddos ou sons e instalar energia fotovoltaica dura at\u00e9 tr\u00eas dias e n\u00e3o \u00e9 considera uma obra.<\/p><p>A Grid Tie planeja e constr\u00f3i sua usina de energia solar para resid\u00eancia. Envie-nos um\u00a0<span style=\"color: #0b7478;\"><a style=\"color: #0b7478;\" href=\"http:\/\/gridtiesolar.com.br\/energia-solar\/energia-solar-orcamento\/\"><strong>or\u00e7amento<\/strong><\/a><\/span>\u00a0sem compromisso!<\/p><\/div><\/div><div class=\"wpb_text_column wpb_content_element vc_custom_1505150170530\"><div class=\"wpb_wrapper\"><h3><span style=\"color: #f6c204;\">Energia Fotovoltaica\u00a0para\u00a0Empresas<\/span><\/h3><\/div><\/div><div class=\"wpb_text_column wpb_content_element \"><div class=\"wpb_wrapper\"><p style=\"text-align: left;\">O uso de energia fotovoltaica pelas empresas est\u00e1 se tornando cada vez mais frequente. Pois, as mesmas enxergam um grande potencial de retorno sobre o investimento, com um payback dentro de 5 a 7 anos.<\/p><p style=\"text-align: left;\">Algumas empresas como Google, Apple, Maracan\u00e3 e Honda, j\u00e1 investem em energia solar para benef\u00edcios financeiros e de sustentabilidade.<\/p><p style=\"text-align: left;\">Essas empresas trabalham com usinas solares em solo ou telhados, pois por demandarem muita energia, precisam de um vasto sistema fotovoltaico. Para saber mais sobre as usinas, veja em Usinas fotovoltaicas.<\/p><p style=\"text-align: left;\">A Grid Tie solar planeja e constr\u00f3i sua usina solar de acordo com a necessidade de seu empreendimento.<\/p><p style=\"text-align: left;\">Sua usina fotovoltaica remota poder\u00e1 atender a demanda de energia de apenas uma loja ou de uma rede de lojas, se assim desejar.<\/p><\/div><\/div><div class=\"wpb_text_column wpb_content_element vc_custom_1505150223755\"><div class=\"wpb_wrapper\"><h3><span style=\"color: #26a898;\">Energia Fotovoltaica\u00a0Venda<\/span><\/h3><\/div><\/div><div class=\"wpb_text_column wpb_content_element \"><div class=\"wpb_wrapper\"><p style=\"text-align: left;\">A venda de energia fotovoltaica \u00e9 feita por empresas que atuam no mercado de energia solar, ou seja, empresas como a Grid Tie Solar que fornecem todo o material necess\u00e1rio para gerar energia limpa.<\/p><p style=\"text-align: left;\">Por\u00e9m, nem todas empresas atuam desde a venda dos pain\u00e9is at\u00e9 a instala\u00e7\u00e3o de energia solar. Ent\u00e3o, pesquise sobre os servi\u00e7os fornecidos pela empresa e se informe.<\/p><p style=\"text-align: left;\">A Grid Tie Solar planeja e constr\u00f3i sua usina fotovoltaica de acordo com a necessidade de seu empreendimento ou im\u00f3vel. Nossos servi\u00e7os v\u00e3o desde a elabora\u00e7\u00e3o do projeto at\u00e9 o comissionamento das placas.<\/p><\/div><\/div><div class=\"wpb_text_column wpb_content_element vc_custom_1505150278699\"><div class=\"wpb_wrapper\"><h3><span style=\"color: #f6c204;\">Energia Fotovoltaica\u00a0BH<\/span><\/h3><\/div><\/div><div class=\"wpb_text_column wpb_content_element \"><div class=\"wpb_wrapper\"><p style=\"text-align: left;\">O Brasil \u00e9 o pa\u00eds com maior incid\u00eancia de Sol no mundo. Com isso, cidades como Belo Horizonte possuem um enorme potencial fotovoltaico e uma gama de op\u00e7\u00f5es para como usar energia solar fotovoltaica.<\/p><p style=\"text-align: left;\">No site \u201c<span style=\"color: #067060;\"><a style=\"color: #067060;\" href=\"http:\/\/www.portalsolar.com.br\/\"><strong>Portal Solar<\/strong><\/a><\/span>\u201d \u00e9 poss\u00edvel identificar diversas empresas e suas localiza\u00e7\u00f5es.<\/p><p style=\"text-align: left;\">Embora a Grid Tie Solar seja uma empresa com sede no Rio de Janeiro,a mesma atua nas \u00e1reas do Rio de Janeiro, S\u00e3o Paulo e Minas Gerais, fornecendo um servi\u00e7o de alt\u00edssima qualidade desde o or\u00e7amento(online ou loja f\u00edsica) at\u00e9 a instala\u00e7\u00e3o e o comissionamento das placas de energia solar. Envie-nos seu\u00a0<span style=\"color: #067060;\"><a style=\"color: #067060;\" href=\"http:\/\/gridtiesolar.com.br\/energia-solar\/energia-solar-orcamento\/\"><strong>or\u00e7amento<\/strong><\/a><\/span>\u00a0sem compromisso e saiba mais sobre a energia solar.<\/p><\/div><\/div><div class=\"wpb_text_column wpb_content_element vc_custom_1505150368523\"><div class=\"wpb_wrapper\"><h3><span style=\"color: #f6c204;\">Energia Fotovoltaica\u00a0Campinas<\/span><\/h3><\/div><\/div><div class=\"wpb_text_column wpb_content_element \"><div class=\"wpb_wrapper\"><p style=\"text-align: left;\">O Brasil \u00e9 o pa\u00eds com maior incid\u00eancia de Sol no mundo. Por isso, cidades poli industriais como Campinas possuem um enorme potencial fotovoltaico e uma gama de op\u00e7\u00f5es para usar energia solar fotovoltaica.<\/p><p style=\"text-align: left;\">No site \u201c<span style=\"color: #006b69;\"><a style=\"color: #006b69;\" href=\"http:\/\/www.portalsolar.com.br\/\"><strong>Portal Solar<\/strong><\/a><\/span>\u201d \u00e9 poss\u00edvel identificar diversas empresas de energia solar e suas localiza\u00e7\u00f5es.<\/p><p style=\"text-align: left;\">A Grid Tie Solar \u00e9 uma empresa com sede no Rio de Janeiro,mas a mesma atua nas \u00e1reas do Rio de Janeiro, S\u00e3o Paulo e Minas Gerais, fornecendo um servi\u00e7o de alt\u00edssima qualidade desde o or\u00e7amento(online ou loja f\u00edsica) at\u00e9 o comissionamento. Envie-nos seu\u00a0<span style=\"color: #006b69;\"><a style=\"color: #006b69;\" href=\"http:\/\/gridtiesolar.com.br\/energia-solar\/energia-solar-orcamento\/\"><strong>or\u00e7amento<\/strong><\/a><\/span>.<\/p><\/div><\/div><div class=\"wpb_text_column wpb_content_element vc_custom_1505150482188\"><div class=\"wpb_wrapper\"><h3><span style=\"color: #f6c204;\">Energia Fotovoltaica\u00a0Curitiba<\/span><\/h3><\/div><\/div><div class=\"wpb_text_column wpb_content_element \"><div class=\"wpb_wrapper\"><p style=\"text-align: left;\">O Brasil \u00e9 o pa\u00eds com maior incid\u00eancia de Sol no mundo. Com isso, cidades com Curitiba possuem um enorme potencial fotovoltaico e uma gama de op\u00e7\u00f5es para usar energia solar fotovoltaica.<\/p><p style=\"text-align: left;\">No site \u201c<span style=\"color: #015e5d;\"><a style=\"color: #015e5d;\" href=\"http:\/\/www.portalsolar.com.br\/\"><strong>Portal Solar<\/strong><\/a><\/span>\u201d \u00e9 poss\u00edvel identificar algumas lojas e suas localiza\u00e7\u00f5es.<\/p><p style=\"text-align: left;\">A Grid Tie Solar est\u00e1 localizada na Regi\u00e3o Sudeste, mas ao entrar em contato conosco, poder\u00e1 perceber que n\u00f3s o atenderemos com qualidade e seguran\u00e7a. Nossa empresa trabalha desde a elabora\u00e7\u00e3o do projeto de energia solar at\u00e9 a instala\u00e7\u00e3o e comissionamento das placas fotovoltaicas.<\/p><\/div><\/div><div class=\"wpb_text_column wpb_content_element vc_custom_1505150551652\"><div class=\"wpb_wrapper\"><h3><span style=\"color: #f6c204;\">Energia Fotovoltaica Sorocaba<\/span><\/h3><\/div><\/div><div class=\"wpb_text_column wpb_content_element \"><div class=\"wpb_wrapper\"><p style=\"text-align: left;\">O Brasil \u00e9 o pa\u00eds com maior incid\u00eancia de sol no mundo. Com isso, cidades como Sorocaba possuem um enorme potencial fotovoltaico e uma gama de op\u00e7\u00f5es para usar energia solar fotovoltaica.<\/p><p style=\"text-align: left;\">No site \u201c<span style=\"color: #006b73;\"><a style=\"color: #006b73;\" href=\"http:\/\/www.portalsolar.com.br\/\"><strong>Portal Solar<\/strong><\/a><\/span>\u201d \u00e9 poss\u00edvel identificar diversas empresas e suas localiza\u00e7\u00f5es.<\/p><p style=\"text-align: left;\">No entanto, a Grid Tie Solar \u00e9 uma empresa que atua\u00a0no\u00a0Rio de Janeiro, S\u00e3o Paulo e Minas Gerais, fornecendo um servi\u00e7o de alt\u00edssima qualidade desde o or\u00e7amento (<span style=\"color: #006b73;\"><a style=\"color: #006b73;\" href=\"http:\/\/gridtiesolar.com.br\/energia-solar\/energia-solar-orcamento\/\"><strong>online<\/strong><\/a><\/span>\u00a0ou loja f\u00edsica) at\u00e9 a instala\u00e7\u00e3o das placas.<\/p><\/div><\/div>\t\t\t\t\t<\/div>\n\t\t\t\t\t\t<\/div>\n\t\t\t\t<\/div>\n\t\t\t\t<div class=\"elementor-element elementor-element-d1aaa1f elementor-widget elementor-widget-gallery\" data-id=\"d1aaa1f\" data-element_type=\"widget\" data-settings=\"{&quot;columns&quot;:3,&quot;gallery_layout&quot;:&quot;grid&quot;,&quot;columns_tablet&quot;:2,&quot;columns_mobile&quot;:1,&quot;gap&quot;:{&quot;unit&quot;:&quot;px&quot;,&quot;size&quot;:10,&quot;sizes&quot;:[]},&quot;gap_tablet&quot;:{&quot;unit&quot;:&quot;px&quot;,&quot;size&quot;:10,&quot;sizes&quot;:[]},&quot;gap_mobile&quot;:{&quot;unit&quot;:&quot;px&quot;,&quot;size&quot;:10,&quot;sizes&quot;:[]},&quot;aspect_ratio&quot;:&quot;3:2&quot;,&quot;overlay_background&quot;:&quot;yes&quot;,&quot;content_hover_animation&quot;:&quot;fade-in&quot;}\" data-widget_type=\"gallery.default\">\n\t\t\t\t<div class=\"elementor-widget-container\">\n\t\t\t\t\t<div class=\"elementor-gallery__container\">\n\t\t\t\t\t\t\t<div class=\"e-gallery-item elementor-gallery-item elementor-animated-content\">\n\t\t\t\t\t<div class=\"e-gallery-image elementor-gallery-item__image\" data-thumbnail=\"https:\/\/gridtiesolar.com.br\/energia-solar\/wp-content\/uploads\/2017\/07\/energiasolarriodejaneiroresidencial1.jpg\" data-width=\"450\" data-height=\"275\" alt=\"\" ><\/div>\n\t\t\t\t\t\t\t\t\t\t\t<div class=\"elementor-gallery-item__overlay\"><\/div>\n\t\t\t\t\t\t\t\t\t\t\t\t\t\t<\/div>\n\t\t\t\t\t\t\t<div class=\"e-gallery-item elementor-gallery-item elementor-animated-content\">\n\t\t\t\t\t<div class=\"e-gallery-image elementor-gallery-item__image\" data-thumbnail=\"https:\/\/gridtiesolar.com.br\/energia-solar\/wp-content\/uploads\/2017\/07\/Inserir-imagem-energiasolarriodejaneiroresidencias1.jpg\" data-width=\"630\" data-height=\"438\" alt=\"\" ><\/div>\n\t\t\t\t\t\t\t\t\t\t\t<div class=\"elementor-gallery-item__overlay\"><\/div>\n\t\t\t\t\t\t\t\t\t\t\t\t\t\t<\/div>\n\t\t\t\t\t\t\t<div class=\"e-gallery-item elementor-gallery-item elementor-animated-content\">\n\t\t\t\t\t<div class=\"e-gallery-image elementor-gallery-item__image\" data-thumbnail=\"https:\/\/gridtiesolar.com.br\/energia-solar\/wp-content\/uploads\/2017\/07\/energiasolarriodejaneiroresidencia1-scaled.jpg\" data-width=\"2560\" data-height=\"1920\" alt=\"\" ><\/div>\n\t\t\t\t\t\t\t\t\t\t\t<div class=\"elementor-gallery-item__overlay\"><\/div>\n\t\t\t\t\t\t\t\t\t\t\t\t\t\t<\/div>\n\t\t\t\t\t\t\t<div class=\"e-gallery-item elementor-gallery-item elementor-animated-content\">\n\t\t\t\t\t<div class=\"e-gallery-image elementor-gallery-item__image\" data-thumbnail=\"https:\/\/gridtiesolar.com.br\/energia-solar\/wp-content\/uploads\/2017\/07\/energiasolar2.jpg\" data-width=\"500\" data-height=\"334\" alt=\"Energia Solar\" ><\/div>\n\t\t\t\t\t\t\t\t\t\t\t<div class=\"elementor-gallery-item__overlay\"><\/div>\n\t\t\t\t\t\t\t\t\t\t\t\t\t\t<\/div>\n\t\t\t\t\t\t\t<div class=\"e-gallery-item elementor-gallery-item elementor-animated-content\">\n\t\t\t\t\t<div class=\"e-gallery-image elementor-gallery-item__image\" data-thumbnail=\"https:\/\/gridtiesolar.com.br\/energia-solar\/wp-content\/uploads\/2017\/07\/energiasolarrj2.jpg\" data-width=\"861\" data-height=\"500\" alt=\"\" ><\/div>\n\t\t\t\t\t\t\t\t\t\t\t<div class=\"elementor-gallery-item__overlay\"><\/div>\n\t\t\t\t\t\t\t\t\t\t\t\t\t\t<\/div>\n\t\t\t\t\t\t\t<div class=\"e-gallery-item elementor-gallery-item elementor-animated-content\">\n\t\t\t\t\t<div class=\"e-gallery-image elementor-gallery-item__image\" data-thumbnail=\"https:\/\/gridtiesolar.com.br\/energia-solar\/wp-content\/uploads\/2017\/07\/energiafotovoltaicaa.jpg\" data-width=\"1631\" data-height=\"1165\" alt=\"\" ><\/div>\n\t\t\t\t\t\t\t\t\t\t\t<div class=\"elementor-gallery-item__overlay\"><\/div>\n\t\t\t\t\t\t\t\t\t\t\t\t\t\t<\/div>\n\t\t\t\t\t<\/div>\n\t\t\t<\/div>\n\t\t\t\t<\/div>\n\t\t\t\t\t\t<\/div>\n\t\t\t\t\t<\/div>\n\t\t<\/div>\n\t\t\t\t\t\t\t\t<\/div>\n\t\t\t\t\t<\/div>\n\t\t<\/section>\n\t\t\t\t\t\t\t\t\t<\/div>\n\t\t\t<\/div>\n\t\t\t\t\t<\/div>\n\t\t","protected":false},"excerpt":{"rendered":"<p>Energia Fotovoltaica A energia el\u00e9trica \u00e9 gerada a partir da convers\u00e3o da luz solar, com o uso de pain\u00e9is fotovoltaicos. As c\u00e9lulas desses m\u00f3dulos t\u00eam como mat\u00e9ria prima o Quartzo ou Quatzita. Junto com as c\u00e9lulas, h\u00e1 os lingotes de s\u00edlicio que, juntos, formam as placas. A corrente el\u00e9trica fornecida pelo m\u00f3dulo depende da \u00e1rea [&hellip;]<\/p>\n","protected":false},"author":1,"featured_media":0,"parent":0,"menu_order":0,"comment_status":"closed","ping_status":"closed","template":"","meta":[],"_links":{"self":[{"href":"https:\/\/gridtiesolar.com.br\/energia-solar\/wp-json\/wp\/v2\/pages\/13748"}],"collection":[{"href":"https:\/\/gridtiesolar.com.br\/energia-solar\/wp-json\/wp\/v2\/pages"}],"about":[{"href":"https:\/\/gridtiesolar.com.br\/energia-solar\/wp-json\/wp\/v2\/types\/page"}],"author":[{"embeddable":true,"href":"https:\/\/gridtiesolar.com.br\/energia-solar\/wp-json\/wp\/v2\/users\/1"}],"replies":[{"embeddable":true,"href":"https:\/\/gridtiesolar.com.br\/energia-solar\/wp-json\/wp\/v2\/comments?post=13748"}],"version-history":[{"count":3,"href":"https:\/\/gridtiesolar.com.br\/energia-solar\/wp-json\/wp\/v2\/pages\/13748\/revisions"}],"predecessor-version":[{"id":16189,"href":"https:\/\/gridtiesolar.com.br\/energia-solar\/wp-json\/wp\/v2\/pages\/13748\/revisions\/16189"}],"wp:attachment":[{"href":"https:\/\/gridtiesolar.com.br\/energia-solar\/wp-json\/wp\/v2\/media?parent=13748"}],"curies":[{"name":"wp","href":"https:\/\/api.w.org\/{rel}","templated":true}]}}