{"id":13752,"date":"2021-01-17T21:21:43","date_gmt":"2021-01-18T00:21:43","guid":{"rendered":"https:\/\/novo.gridtiesolar.com.br\/?page_id=13752"},"modified":"2022-01-19T21:28:17","modified_gmt":"2022-01-20T00:28:17","slug":"energia-eletrica-solar","status":"publish","type":"page","link":"https:\/\/gridtiesolar.com.br\/energia-solar\/energia-eletrica-solar\/","title":{"rendered":"Energia El\u00e9trica Solar"},"content":{"rendered":"\t\t<div data-elementor-type=\"wp-page\" data-elementor-id=\"13752\" class=\"elementor elementor-13752\">\n\t\t\t\t\t\t<div class=\"elementor-inner\">\n\t\t\t\t<div class=\"elementor-section-wrap\">\n\t\t\t\t\t\t\t\t\t<section class=\"elementor-section elementor-top-section elementor-element elementor-element-939f452 elementor-section-full_width elementor-section-height-min-height elementor-section-content-middle elementor-section-stretched elementor-section-height-default elementor-section-items-middle\" data-id=\"939f452\" data-element_type=\"section\" data-settings=\"{&quot;stretch_section&quot;:&quot;section-stretched&quot;,&quot;background_background&quot;:&quot;slideshow&quot;,&quot;background_slideshow_gallery&quot;:[{&quot;id&quot;:14019,&quot;url&quot;:&quot;https:\\\/\\\/gridtiesolar.com.br\\\/energia-solar\\\/wp-content\\\/uploads\\\/2021\\\/06\\\/energia-solar-1.jpg&quot;}],&quot;background_slideshow_loop&quot;:&quot;yes&quot;,&quot;background_slideshow_slide_duration&quot;:5000,&quot;background_slideshow_slide_transition&quot;:&quot;fade&quot;,&quot;background_slideshow_transition_duration&quot;:500}\">\n\t\t\t\t\t\t<div class=\"elementor-container elementor-column-gap-wide\">\n\t\t\t\t\t\t\t<div class=\"elementor-row\">\n\t\t\t\t\t<div class=\"elementor-column elementor-col-100 elementor-top-column elementor-element elementor-element-09c7415\" data-id=\"09c7415\" data-element_type=\"column\">\n\t\t\t<div class=\"elementor-column-wrap\">\n\t\t\t\t\t\t\t<div class=\"elementor-widget-wrap\">\n\t\t\t\t\t\t\t\t<\/div>\n\t\t\t\t\t<\/div>\n\t\t<\/div>\n\t\t\t\t\t\t\t\t<\/div>\n\t\t\t\t\t<\/div>\n\t\t<\/section>\n\t\t\t\t<section class=\"elementor-section elementor-top-section elementor-element elementor-element-d80ec5c elementor-section-boxed elementor-section-height-default elementor-section-height-default\" data-id=\"d80ec5c\" data-element_type=\"section\">\n\t\t\t\t\t\t<div class=\"elementor-container elementor-column-gap-default\">\n\t\t\t\t\t\t\t<div class=\"elementor-row\">\n\t\t\t\t\t<div class=\"elementor-column elementor-col-100 elementor-top-column elementor-element elementor-element-22c53b9\" data-id=\"22c53b9\" data-element_type=\"column\">\n\t\t\t<div class=\"elementor-column-wrap elementor-element-populated\">\n\t\t\t\t\t\t\t<div class=\"elementor-widget-wrap\">\n\t\t\t\t\t\t<div class=\"elementor-element elementor-element-d4b055f elementor-widget elementor-widget-text-editor\" data-id=\"d4b055f\" data-element_type=\"widget\" data-widget_type=\"text-editor.default\">\n\t\t\t\t<div class=\"elementor-widget-container\">\n\t\t\t\t\t\t\t\t<div class=\"elementor-text-editor elementor-clearfix\">\n\t\t\t\t<h1 style=\"text-align: center; font-size: 30px; line-height: 36px; font-weight: 500;\"><span style=\"color: #f6c204;\">Energia El\u00e9trica Solar<\/span><\/h1><p><img decoding=\"async\" class=\"alignright wp-image-10577 size-medium\" src=\"https:\/\/gridtiesolar.com.br\/energia-solar\/wp-content\/uploads\/2017\/07\/energiaeletricasolarfoto-300x181.jpg\" sizes=\"(max-width: 300px) 100vw, 300px\" srcset=\"https:\/\/gridtiesolar.com.br\/energia-solar\/wp-content\/uploads\/2017\/07\/energiaeletricasolarfoto-300x181.jpg 300w, https:\/\/gridtiesolar.com.br\/energia-solar\/wp-content\/uploads\/2017\/07\/energiaeletricasolarfoto.jpg 580w\" alt=\"energiaeletricasolarfoto\" width=\"300\" height=\"181\" \/><\/p><p style=\"text-align: left;\">Energia proveniente da convers\u00e3o da luz solar em eletricidade. A forma com a qual a convers\u00e3o, capta\u00e7\u00e3o e distribui\u00e7\u00e3o s\u00e3o feitas determinam se a tecnologia solar utilizada \u00e9 ativa ou passiva. Entre as t\u00e9cnicas ativas, est\u00e3o os pain\u00e9is fotovoltaicos, nos quais a energia luminosa \u00e9 convertida diretamente em energia el\u00e9trica.<\/p><p style=\"text-align: left;\">A energia solar \u00e9 medida em Wh\/m\u00b2\/dia (watts-hora por metro quadrado e por dia), ou seja, a quantidade de energia (watts-hora) recebida do Sol por cada metro quadrado de \u00e1rea durante o per\u00edodo de um dia.<\/p><p style=\"text-align: left;\">Uma das tecnologias que diferenciam a energia el\u00e9trica solar \u00e9 a capacidade monitoramento dos gastos com energia. Esse acompanhamento pode ser feito no inversor ou em celular, pois alguns kits permitem que o monitoramento seja feito a partir de um aplicativo do mesmo.<\/p><p style=\"text-align: left;\">A energia el\u00e9trica solar \u00e9 uma fonte de energia infinita que n\u00e3o emite ru\u00eddos e reduz a vulnerabilidade as altas taxas cobras pela energia el\u00e9trica.<\/p><div class=\"wpb_text_column wpb_content_element vc_custom_1505149514281\"><div class=\"wpb_wrapper\"><h3><span style=\"color: #f6c204;\">Energia El\u00e9trica Solar Resid\u00eancial<\/span><\/h3><\/div><\/div><div class=\"wpb_text_column wpb_content_element \"><div class=\"wpb_wrapper\"><p style=\"text-align: left;\">A partir do uso de placas fotovoltaicas, \u00e9 poss\u00edvel gerar energia el\u00e9trica solar para resid\u00eancias. Esse tipo de tecnologia demanda um certo investimento inicial, que ser\u00e1 pago em poucos anos. No entanto, pode se perceber uma economia imediata na conta de eletricidade, principalmente com o pre\u00e7o da energia el\u00e9trica que vem aumentando acima da infla\u00e7\u00e3o. E, com a valoriza\u00e7\u00e3o da resid\u00eancia ao se instalar energia solar.<\/p><p style=\"text-align: left;\">Al\u00e9m desses fatores, a energia el\u00e9trica solar tamb\u00e9m gera benef\u00edcios ambientais, devido a suas fontes renov\u00e1veis de energia, como a sustentabilidade, qualidade de vida e n\u00e3o emiss\u00e3o de gases t\u00f3xicos.<\/p><p style=\"text-align: left;\">\u00c9 importante saber que esse tipo de energia n\u00e3o emite ru\u00eddos e que sua instala\u00e7\u00e3o n\u00e3o pode ser considerada uma obra.<\/p><\/div><\/div><div class=\"wpb_text_column wpb_content_element vc_custom_1505149539034\"><div class=\"wpb_wrapper\"><h3><span style=\"color: #f6c204;\">Energia El\u00e9trica Solar\u00a0Pre\u00e7o<\/span><\/h3><\/div><\/div><div class=\"wpb_text_column wpb_content_element \"><div class=\"wpb_wrapper\"><p style=\"text-align: left;\">O pre\u00e7o da energia el\u00e9trica solar varia de acordo com o projeto, pois resid\u00eancias, condom\u00ednios, empresas ou ind\u00fastrias possuem demandas diferentes de energia. Pre\u00e7os como a instala\u00e7\u00e3o de energia solar podem, ou n\u00e3o, ser inclu\u00eddos.<\/p><p style=\"text-align: left;\">Todavia, deve-se entender que se a gera\u00e7\u00e3o de energia fotovoltaica for maior do que a consumida, esta n\u00e3o poder\u00e1 ser armazenada. Por\u00e9m, se o CPF registrado para o projeto possuir outro empreendimento de mesmo CPF, pode se creditar esse valor da sobra de energia, desde que a distribuidora seja a mesma. Por\u00e9m, se n\u00e3o houver mais de uma conta com o mesmo CPF, a distribuidora de energia local recebe essa energia que sobressai e a redireciona, creditando o usu\u00e1rio que forneceu.<\/p><p style=\"text-align: left;\">A Grid Tie Solar \u00e9 a \u00fanica empresa com projetos realizados e em andamento.<\/p><p style=\"text-align: left;\">Se interessou e quer saber mais? Envie um <span style=\"color: #0d8f8d;\"><a style=\"color: #0d8f8d;\" title=\"SOLICITAR OR\u00c7AMENTO\" href=\"http:\/\/gridtiesolar.com.br\/energia-solar\/energia-solar-orcamento\/\">or\u00e7amento<\/a><\/span> sem compromisso para a Grid Tie Solar e saiba o dimensionamento de seu projeto.<\/p><\/div><\/div>\t\t\t\t\t<\/div>\n\t\t\t\t\t\t<\/div>\n\t\t\t\t<\/div>\n\t\t\t\t<div class=\"elementor-element elementor-element-d1aaa1f elementor-widget elementor-widget-gallery\" data-id=\"d1aaa1f\" data-element_type=\"widget\" data-settings=\"{&quot;columns&quot;:3,&quot;gallery_layout&quot;:&quot;grid&quot;,&quot;columns_tablet&quot;:2,&quot;columns_mobile&quot;:1,&quot;gap&quot;:{&quot;unit&quot;:&quot;px&quot;,&quot;size&quot;:10,&quot;sizes&quot;:[]},&quot;gap_tablet&quot;:{&quot;unit&quot;:&quot;px&quot;,&quot;size&quot;:10,&quot;sizes&quot;:[]},&quot;gap_mobile&quot;:{&quot;unit&quot;:&quot;px&quot;,&quot;size&quot;:10,&quot;sizes&quot;:[]},&quot;aspect_ratio&quot;:&quot;3:2&quot;,&quot;overlay_background&quot;:&quot;yes&quot;,&quot;content_hover_animation&quot;:&quot;fade-in&quot;}\" data-widget_type=\"gallery.default\">\n\t\t\t\t<div class=\"elementor-widget-container\">\n\t\t\t\t\t<div class=\"elementor-gallery__container\">\n\t\t\t\t\t\t\t<div class=\"e-gallery-item elementor-gallery-item elementor-animated-content\">\n\t\t\t\t\t<div class=\"e-gallery-image elementor-gallery-item__image\" data-thumbnail=\"https:\/\/gridtiesolar.com.br\/energia-solar\/wp-content\/uploads\/2017\/07\/energiasolarriodejaneiroresidencial1.jpg\" data-width=\"450\" data-height=\"275\" alt=\"\" ><\/div>\n\t\t\t\t\t\t\t\t\t\t\t<div class=\"elementor-gallery-item__overlay\"><\/div>\n\t\t\t\t\t\t\t\t\t\t\t\t\t\t<\/div>\n\t\t\t\t\t\t\t<div class=\"e-gallery-item elementor-gallery-item elementor-animated-content\">\n\t\t\t\t\t<div class=\"e-gallery-image elementor-gallery-item__image\" data-thumbnail=\"https:\/\/gridtiesolar.com.br\/energia-solar\/wp-content\/uploads\/2017\/07\/energiasolarriodejaneiroresidencia1-scaled.jpg\" data-width=\"2560\" data-height=\"1920\" alt=\"\" ><\/div>\n\t\t\t\t\t\t\t\t\t\t\t<div class=\"elementor-gallery-item__overlay\"><\/div>\n\t\t\t\t\t\t\t\t\t\t\t\t\t\t<\/div>\n\t\t\t\t\t\t\t<div class=\"e-gallery-item elementor-gallery-item elementor-animated-content\">\n\t\t\t\t\t<div class=\"e-gallery-image elementor-gallery-item__image\" data-thumbnail=\"https:\/\/gridtiesolar.com.br\/energia-solar\/wp-content\/uploads\/2017\/07\/energiaeletricasolar.jpg\" data-width=\"1015\" data-height=\"526\" alt=\"\" ><\/div>\n\t\t\t\t\t\t\t\t\t\t\t<div class=\"elementor-gallery-item__overlay\"><\/div>\n\t\t\t\t\t\t\t\t\t\t\t\t\t\t<\/div>\n\t\t\t\t\t<\/div>\n\t\t\t<\/div>\n\t\t\t\t<\/div>\n\t\t\t\t\t\t<\/div>\n\t\t\t\t\t<\/div>\n\t\t<\/div>\n\t\t\t\t\t\t\t\t<\/div>\n\t\t\t\t\t<\/div>\n\t\t<\/section>\n\t\t\t\t\t\t\t\t\t<\/div>\n\t\t\t<\/div>\n\t\t\t\t\t<\/div>\n\t\t","protected":false},"excerpt":{"rendered":"<p>Energia El\u00e9trica Solar Energia proveniente da convers\u00e3o da luz solar em eletricidade. A forma com a qual a convers\u00e3o, capta\u00e7\u00e3o e distribui\u00e7\u00e3o s\u00e3o feitas determinam se a tecnologia solar utilizada \u00e9 ativa ou passiva. Entre as t\u00e9cnicas ativas, est\u00e3o os pain\u00e9is fotovoltaicos, nos quais a energia luminosa \u00e9 convertida diretamente em energia el\u00e9trica. A energia [&hellip;]<\/p>\n","protected":false},"author":1,"featured_media":0,"parent":0,"menu_order":0,"comment_status":"closed","ping_status":"closed","template":"","meta":[],"_links":{"self":[{"href":"https:\/\/gridtiesolar.com.br\/energia-solar\/wp-json\/wp\/v2\/pages\/13752"}],"collection":[{"href":"https:\/\/gridtiesolar.com.br\/energia-solar\/wp-json\/wp\/v2\/pages"}],"about":[{"href":"https:\/\/gridtiesolar.com.br\/energia-solar\/wp-json\/wp\/v2\/types\/page"}],"author":[{"embeddable":true,"href":"https:\/\/gridtiesolar.com.br\/energia-solar\/wp-json\/wp\/v2\/users\/1"}],"replies":[{"embeddable":true,"href":"https:\/\/gridtiesolar.com.br\/energia-solar\/wp-json\/wp\/v2\/comments?post=13752"}],"version-history":[{"count":6,"href":"https:\/\/gridtiesolar.com.br\/energia-solar\/wp-json\/wp\/v2\/pages\/13752\/revisions"}],"predecessor-version":[{"id":16186,"href":"https:\/\/gridtiesolar.com.br\/energia-solar\/wp-json\/wp\/v2\/pages\/13752\/revisions\/16186"}],"wp:attachment":[{"href":"https:\/\/gridtiesolar.com.br\/energia-solar\/wp-json\/wp\/v2\/media?parent=13752"}],"curies":[{"name":"wp","href":"https:\/\/api.w.org\/{rel}","templated":true}]}}