{"id":13789,"date":"2021-01-17T21:44:48","date_gmt":"2021-01-18T00:44:48","guid":{"rendered":"https:\/\/novo.gridtiesolar.com.br\/?page_id=13789"},"modified":"2022-01-19T21:27:47","modified_gmt":"2022-01-20T00:27:47","slug":"empresa-de-energia-solar-fotovoltaica","status":"publish","type":"page","link":"https:\/\/gridtiesolar.com.br\/energia-solar\/empresa-de-energia-solar-fotovoltaica\/","title":{"rendered":"Empresa de Energia Solar Fotovoltaica"},"content":{"rendered":"\t\t<div data-elementor-type=\"wp-page\" data-elementor-id=\"13789\" class=\"elementor elementor-13789\">\n\t\t\t\t\t\t<div class=\"elementor-inner\">\n\t\t\t\t<div class=\"elementor-section-wrap\">\n\t\t\t\t\t\t\t\t\t<section class=\"elementor-section elementor-top-section elementor-element elementor-element-939f452 elementor-section-full_width elementor-section-height-min-height elementor-section-content-middle elementor-section-stretched elementor-section-height-default elementor-section-items-middle\" data-id=\"939f452\" data-element_type=\"section\" data-settings=\"{&quot;stretch_section&quot;:&quot;section-stretched&quot;,&quot;background_background&quot;:&quot;slideshow&quot;,&quot;background_slideshow_gallery&quot;:[{&quot;id&quot;:14019,&quot;url&quot;:&quot;https:\\\/\\\/gridtiesolar.com.br\\\/energia-solar\\\/wp-content\\\/uploads\\\/2021\\\/06\\\/energia-solar-1.jpg&quot;}],&quot;background_slideshow_loop&quot;:&quot;yes&quot;,&quot;background_slideshow_slide_duration&quot;:5000,&quot;background_slideshow_slide_transition&quot;:&quot;fade&quot;,&quot;background_slideshow_transition_duration&quot;:500}\">\n\t\t\t\t\t\t<div class=\"elementor-container elementor-column-gap-wide\">\n\t\t\t\t\t\t\t<div class=\"elementor-row\">\n\t\t\t\t\t<div class=\"elementor-column elementor-col-100 elementor-top-column elementor-element elementor-element-09c7415\" data-id=\"09c7415\" data-element_type=\"column\">\n\t\t\t<div class=\"elementor-column-wrap\">\n\t\t\t\t\t\t\t<div class=\"elementor-widget-wrap\">\n\t\t\t\t\t\t\t\t<\/div>\n\t\t\t\t\t<\/div>\n\t\t<\/div>\n\t\t\t\t\t\t\t\t<\/div>\n\t\t\t\t\t<\/div>\n\t\t<\/section>\n\t\t\t\t<section class=\"elementor-section elementor-top-section elementor-element elementor-element-d80ec5c elementor-section-boxed elementor-section-height-default elementor-section-height-default\" data-id=\"d80ec5c\" data-element_type=\"section\">\n\t\t\t\t\t\t<div class=\"elementor-container elementor-column-gap-default\">\n\t\t\t\t\t\t\t<div class=\"elementor-row\">\n\t\t\t\t\t<div class=\"elementor-column elementor-col-100 elementor-top-column elementor-element elementor-element-22c53b9\" data-id=\"22c53b9\" data-element_type=\"column\">\n\t\t\t<div class=\"elementor-column-wrap elementor-element-populated\">\n\t\t\t\t\t\t\t<div class=\"elementor-widget-wrap\">\n\t\t\t\t\t\t<div class=\"elementor-element elementor-element-d4b055f elementor-widget elementor-widget-text-editor\" data-id=\"d4b055f\" data-element_type=\"widget\" data-widget_type=\"text-editor.default\">\n\t\t\t\t<div class=\"elementor-widget-container\">\n\t\t\t\t\t\t\t\t<div class=\"elementor-text-editor elementor-clearfix\">\n\t\t\t\t<h1 style=\"text-align: center; font-size: 30px; line-height: 36px; font-weight: 500;\"><span style=\"color: #f6c204;\">Empresa de Energia Solar Fotovoltaica<\/span><\/h1><p style=\"text-align: left;\"><img decoding=\"async\" class=\"alignright wp-image-10544 size-medium\" src=\"https:\/\/gridtiesolar.com.br\/energia-solar\/wp-content\/uploads\/2017\/07\/energiasolarfotovoltaica-300x176.jpg\" sizes=\"(max-width: 300px) 100vw, 300px\" srcset=\"https:\/\/gridtiesolar.com.br\/energia-solar\/wp-content\/uploads\/2017\/07\/energiasolarfotovoltaica-300x176.jpg 300w, https:\/\/gridtiesolar.com.br\/energia-solar\/wp-content\/uploads\/2017\/07\/energiasolarfotovoltaica.jpg 700w\" alt=\"energiasolarfotovoltaica\" width=\"300\" height=\"176\" \/>A energia solar fotovoltaica\u00a0\u00e9 obtida atrav\u00e9s da convers\u00e3o direta da\u00a0luz\u00a0em\u00a0eletricidade\u00a0(Efeito Fotovoltaico). Esse efeito \u00e9 realizadona\u00a0c\u00e9lula fotovoltaica, que possui um dispositivo fabricado com material semicondutor, permitindo a convers\u00e3o.<\/p><p style=\"text-align: left;\">As empresas que j\u00e1possuem seu sistema de energia solar fotovoltaicaacreditam no retorno de seus investimentos dentro de poucos anos, al\u00e9m de estarem fazendo o bem para o meio ambiente ao reduzirem as emiss\u00f5es de gases poluentes.<\/p><p style=\"text-align: left;\">A energia solar fotovoltaica \u00e9 f\u00e1cil de instalar, n\u00e3o emite ru\u00eddos, pode ser utilizada de modo off-grid (local que n\u00e3o recebe energia el\u00e9trica) e \u00e9 infinita.<\/p><p style=\"text-align: left;\">N\u00f3s, da Grid Tie Solar, somos capazes de oferecer um servi\u00e7o de alt\u00edssima qualidade desde o projeto at\u00e9 instala\u00e7\u00e3o e comissionamento do sistema. Gere sua pr\u00f3pria energia limpa. Envie-nos um <span style=\"color: #2a8479;\"><a style=\"color: #2a8479;\" title=\"SOLICITAR OR\u00c7AMENTO\" href=\"http:\/\/gridtiesolar.com.br\/energia-solar\/energia-solar-orcamento\/\"><b>or\u00e7amento<\/b><\/a><\/span>!<\/p>\t\t\t\t\t<\/div>\n\t\t\t\t\t\t<\/div>\n\t\t\t\t<\/div>\n\t\t\t\t<div class=\"elementor-element elementor-element-d1aaa1f elementor-widget elementor-widget-gallery\" data-id=\"d1aaa1f\" data-element_type=\"widget\" data-settings=\"{&quot;columns&quot;:2,&quot;gallery_layout&quot;:&quot;grid&quot;,&quot;columns_tablet&quot;:2,&quot;columns_mobile&quot;:1,&quot;gap&quot;:{&quot;unit&quot;:&quot;px&quot;,&quot;size&quot;:10,&quot;sizes&quot;:[]},&quot;gap_tablet&quot;:{&quot;unit&quot;:&quot;px&quot;,&quot;size&quot;:10,&quot;sizes&quot;:[]},&quot;gap_mobile&quot;:{&quot;unit&quot;:&quot;px&quot;,&quot;size&quot;:10,&quot;sizes&quot;:[]},&quot;aspect_ratio&quot;:&quot;3:2&quot;,&quot;overlay_background&quot;:&quot;yes&quot;,&quot;content_hover_animation&quot;:&quot;fade-in&quot;}\" data-widget_type=\"gallery.default\">\n\t\t\t\t<div class=\"elementor-widget-container\">\n\t\t\t\t\t<div class=\"elementor-gallery__container\">\n\t\t\t\t\t\t\t<div class=\"e-gallery-item elementor-gallery-item elementor-animated-content\">\n\t\t\t\t\t<div class=\"e-gallery-image elementor-gallery-item__image\" data-thumbnail=\"https:\/\/gridtiesolar.com.br\/energia-solar\/wp-content\/uploads\/2017\/07\/empresa-energia-solar-fotovoltaica.jpg\" data-width=\"800\" data-height=\"600\" alt=\"\" ><\/div>\n\t\t\t\t\t\t\t\t\t\t\t<div class=\"elementor-gallery-item__overlay\"><\/div>\n\t\t\t\t\t\t\t\t\t\t\t\t\t\t<\/div>\n\t\t\t\t\t\t\t<div class=\"e-gallery-item elementor-gallery-item elementor-animated-content\">\n\t\t\t\t\t<div class=\"e-gallery-image elementor-gallery-item__image\" data-thumbnail=\"https:\/\/gridtiesolar.com.br\/energia-solar\/wp-content\/uploads\/2017\/07\/gridtiepequena.jpg\" data-width=\"240\" data-height=\"180\" alt=\"\" ><\/div>\n\t\t\t\t\t\t\t\t\t\t\t<div class=\"elementor-gallery-item__overlay\"><\/div>\n\t\t\t\t\t\t\t\t\t\t\t\t\t\t<\/div>\n\t\t\t\t\t<\/div>\n\t\t\t<\/div>\n\t\t\t\t<\/div>\n\t\t\t\t\t\t<\/div>\n\t\t\t\t\t<\/div>\n\t\t<\/div>\n\t\t\t\t\t\t\t\t<\/div>\n\t\t\t\t\t<\/div>\n\t\t<\/section>\n\t\t\t\t\t\t\t\t\t<\/div>\n\t\t\t<\/div>\n\t\t\t\t\t<\/div>\n\t\t","protected":false},"excerpt":{"rendered":"<p>Empresa de Energia Solar Fotovoltaica A energia solar fotovoltaica\u00a0\u00e9 obtida atrav\u00e9s da convers\u00e3o direta da\u00a0luz\u00a0em\u00a0eletricidade\u00a0(Efeito Fotovoltaico). Esse efeito \u00e9 realizadona\u00a0c\u00e9lula fotovoltaica, que possui um dispositivo fabricado com material semicondutor, permitindo a convers\u00e3o. As empresas que j\u00e1possuem seu sistema de energia solar fotovoltaicaacreditam no retorno de seus investimentos dentro de poucos anos, al\u00e9m de estarem fazendo [&hellip;]<\/p>\n","protected":false},"author":1,"featured_media":0,"parent":0,"menu_order":0,"comment_status":"closed","ping_status":"closed","template":"","meta":[],"_links":{"self":[{"href":"https:\/\/gridtiesolar.com.br\/energia-solar\/wp-json\/wp\/v2\/pages\/13789"}],"collection":[{"href":"https:\/\/gridtiesolar.com.br\/energia-solar\/wp-json\/wp\/v2\/pages"}],"about":[{"href":"https:\/\/gridtiesolar.com.br\/energia-solar\/wp-json\/wp\/v2\/types\/page"}],"author":[{"embeddable":true,"href":"https:\/\/gridtiesolar.com.br\/energia-solar\/wp-json\/wp\/v2\/users\/1"}],"replies":[{"embeddable":true,"href":"https:\/\/gridtiesolar.com.br\/energia-solar\/wp-json\/wp\/v2\/comments?post=13789"}],"version-history":[{"count":3,"href":"https:\/\/gridtiesolar.com.br\/energia-solar\/wp-json\/wp\/v2\/pages\/13789\/revisions"}],"predecessor-version":[{"id":16171,"href":"https:\/\/gridtiesolar.com.br\/energia-solar\/wp-json\/wp\/v2\/pages\/13789\/revisions\/16171"}],"wp:attachment":[{"href":"https:\/\/gridtiesolar.com.br\/energia-solar\/wp-json\/wp\/v2\/media?parent=13789"}],"curies":[{"name":"wp","href":"https:\/\/api.w.org\/{rel}","templated":true}]}}